{"id":958,"date":"2016-03-31T12:00:02","date_gmt":"2016-03-31T10:00:02","guid":{"rendered":"http:\/\/schule-doehrnstrasse.hamburg.de\/?page_id=958"},"modified":"2026-02-11T17:22:07","modified_gmt":"2026-02-11T16:22:07","slug":"kurse","status":"publish","type":"page","link":"https:\/\/schule-doehrnstrasse.hamburg.de\/?page_id=958","title":{"rendered":"Kurse"},"content":{"rendered":"<p><a href=\"https:\/\/schule-doehrnstrasse.hamburg.de\/wp-content\/uploads\/sites\/63\/2022\/07\/KIJUU.jpg\"><img loading=\"lazy\" decoding=\"async\" class=\" wp-image-3791 aligncenter\" src=\"https:\/\/schule-doehrnstrasse.hamburg.de\/wp-content\/uploads\/sites\/63\/2022\/07\/KIJUU-300x72.jpg\" alt=\"\" width=\"575\" height=\"138\" srcset=\"https:\/\/schule-doehrnstrasse.hamburg.de\/wp-content\/uploads\/sites\/63\/2022\/07\/KIJUU-300x72.jpg 300w, https:\/\/schule-doehrnstrasse.hamburg.de\/wp-content\/uploads\/sites\/63\/2022\/07\/KIJUU.jpg 500w\" sizes=\"auto, (max-width: 575px) 100vw, 575px\" \/><\/a><\/p>\n<p>Unser abwechslungsreiches Kursprogramm findet f\u00fcr alle Jahrg\u00e4nge ab 14:10 Uhr statt. Viele Kurse werden von unserem p\u00e4dagogischen Team selbst gestaltet. Dar\u00fcber hinaus erg\u00e4nzen externe Anbieter das Programm. Die genaue \u00dcbersicht der Kurse und was bei den einzelnen Kursen angeboten wird k\u00f6nnen Sie dem Kursplan und dem Kursprogrammheft entnehmen.<\/p>\n<p>Das Kursangebot ist immer f\u00fcr ein halbes Schuljahr g\u00fcltig und hier zu finden.<\/p>\n<p><a href=\"https:\/\/schule-doehrnstrasse.hamburg.de\/wp-content\/uploads\/sites\/63\/2026\/02\/Kursplan-2025_26-2.-Halbjahr.pdf\">Kursplan 2025_26 2. Halbjahr<\/a><\/p>\n<p>Bitte haben Sie Verst\u00e4ndnis daf\u00fcr, dass bei krankheitsbedingten Ausf\u00e4llen Kurse ausfallen k\u00f6nnen.<\/p>\n<p><strong>Einstieg und Kurswahl<\/strong><\/p>\n<p>Zu Beginn des Schuljahres findet eine <strong>Schnupperzeit<\/strong> bzw. ein <strong>\u201eMarkt der M\u00f6glichkeiten\u201c<\/strong> statt. Hier k\u00f6nnen die Kinder die verschiedenen Kurse kennenlernen, ausprobieren und die Kursleiterinnen und Kursleiter treffen.<br \/>\nNach dieser Kennenlernphase entscheiden sich die Kinder, ob sie nach den Herbstferien an einen verbindlichen Kurs teilnehmen m\u00f6chten (Klasse 3 und 4) oder sich lieber t\u00e4glich neu entscheiden wollen an einem offenen Kursangebot teilzunehmen oder auch nicht.<\/p>\n<p><strong>Offene und Wahlkurse<\/strong><\/p>\n<p>Die meisten Kurse sind <strong>offen gestaltet<\/strong>, sodass die Kinder jede Woche neu entscheiden k\u00f6nnen, ob sie teilnehmen m\u00f6chten oder nicht.<br \/>\nEinige wenige Angebote (nur f\u00fcr die Jahrg\u00e4nge <strong>3 und 4<\/strong>) sind <strong>verbindliche Wahlkurse<\/strong>, die \u00fcber einen Zeitraum von <strong>mindestens sechs Wochen<\/strong> besucht werden.<br \/>\nDetaillierte Informationen hierzu finden Sie im <strong>Kursplan<\/strong> und in unserem <strong>Kursprogrammheft<\/strong>.<\/p>\n<p><strong>Eigene Angebote<\/strong><\/p>\n<p>Haben Sie selbst Zeit und Interesse, ein besonderes Nachmittagsangebot zu gestalten, dass unser Programm bereichert?<br \/>\nDann sprechen Sie uns gerne an oder schreiben Sie uns eine E-Mail an:<br \/>\n\ud83d\udce7 <strong>doehrnstrasse@etv-hamburg.de<\/strong><\/p>\n","protected":false},"excerpt":{"rendered":"<p>Unser abwechslungsreiches Kursprogramm findet f\u00fcr alle Jahrg\u00e4nge ab 14:10 Uhr statt. Viele Kurse werden von unserem p\u00e4dagogischen Team selbst gestaltet. Dar\u00fcber hinaus erg\u00e4nzen externe Anbieter das Programm. Die genaue \u00dcbersicht der Kurse und was bei den einzelnen Kursen angeboten wird k\u00f6nnen Sie dem Kursplan und dem Kursprogrammheft entnehmen. Das Kursangebot ist immer f\u00fcr ein halbes &hellip; <\/p>\n<p class=\"link-more\"><a href=\"https:\/\/schule-doehrnstrasse.hamburg.de\/?page_id=958\" class=\"more-link\"><span class=\"screen-reader-text\">\u201eKurse\u201c <\/span>weiterlesen<\/a><\/p>\n","protected":false},"author":564,"featured_media":0,"parent":0,"menu_order":0,"comment_status":"closed","ping_status":"closed","template":"","meta":{"_acf_changed":false,"footnotes":""},"class_list":["post-958","page","type-page","status-publish","hentry"],"acf":[],"_links":{"self":[{"href":"https:\/\/schule-doehrnstrasse.hamburg.de\/index.php?rest_route=\/wp\/v2\/pages\/958","targetHints":{"allow":["GET"]}}],"collection":[{"href":"https:\/\/schule-doehrnstrasse.hamburg.de\/index.php?rest_route=\/wp\/v2\/pages"}],"about":[{"href":"https:\/\/schule-doehrnstrasse.hamburg.de\/index.php?rest_route=\/wp\/v2\/types\/page"}],"author":[{"embeddable":true,"href":"https:\/\/schule-doehrnstrasse.hamburg.de\/index.php?rest_route=\/wp\/v2\/users\/564"}],"replies":[{"embeddable":true,"href":"https:\/\/schule-doehrnstrasse.hamburg.de\/index.php?rest_route=%2Fwp%2Fv2%2Fcomments&post=958"}],"version-history":[{"count":27,"href":"https:\/\/schule-doehrnstrasse.hamburg.de\/index.php?rest_route=\/wp\/v2\/pages\/958\/revisions"}],"predecessor-version":[{"id":7222,"href":"https:\/\/schule-doehrnstrasse.hamburg.de\/index.php?rest_route=\/wp\/v2\/pages\/958\/revisions\/7222"}],"wp:attachment":[{"href":"https:\/\/schule-doehrnstrasse.hamburg.de\/index.php?rest_route=%2Fwp%2Fv2%2Fmedia&parent=958"}],"curies":[{"name":"wp","href":"https:\/\/api.w.org\/{rel}","templated":true}]}}