{"id":957,"date":"2016-03-31T12:00:38","date_gmt":"2016-03-31T10:00:38","guid":{"rendered":"http:\/\/schule-doehrnstrasse.hamburg.de\/?page_id=957"},"modified":"2025-11-10T12:19:34","modified_gmt":"2025-11-10T10:19:34","slug":"lernzeit","status":"publish","type":"page","link":"https:\/\/schule-doehrnstrasse.hamburg.de\/?page_id=957","title":{"rendered":"Lernzeit"},"content":{"rendered":"<p>Die Lernzeit ist eine feste Zeit im Nachmittag, in der die Kinder ihre Hausaufgaben erledigen k\u00f6nnen. Sie dient dazu, <strong>selbstst\u00e4ndiges Arbeiten zu \u00fcben, Aufgaben konzentriert zu bearbeiten<\/strong> und bei Fragen Unterst\u00fctzung von den p\u00e4dagogischen Fachkr\u00e4ften zu erhalten. So verbinden die Kinder Lernen mit Struktur und Ruhe, bevor sie anschlie\u00dfend Zeit f\u00fcr Spiel und kreative Aktivit\u00e4ten haben.<\/p>\n<p>Innerhalb dieser Lernzeit ist es unser Anspruch, den Kindern die M\u00f6glichkeit zu geben, in einer <strong>ruhigen und gesch\u00fctzten Atmosph\u00e4re<\/strong> die Hausaufgaben <strong>eigenverantwortlich <\/strong>zu erledigen. Die Kinder arbeiten ruhig und konzentriert an ihren Aufgaben und die p\u00e4dagogischen Fachkr\u00e4fte unterst\u00fctzen, soweit es geht. Wichtig hierbei: Wir begleiten die Lernzeit als Ansprechpartner, jedoch nicht als Nachhilfelehrer der Kinder. Generell bieten wir die Lernzeit an und begleiten Kinder, welche die Lernzeit nutzen wollen. Die Kontrolle auf Vollst\u00e4ndigkeit und Richtigkeit aller Aufgaben kann von uns allerdings nicht gew\u00e4hrleistet werden. Diese Verantwortung liegt bei Ihnen und den Lehrkr\u00e4ften.<\/p>\n<p>Nachdem alle Hausaufgaben des Tages erledigt\u00a0sind, k\u00f6nnen die Kinder in die Freiarbeit gehen oder sich anderweitig ruhig mit beispielsweise malen oder lesen besch\u00e4ftigen.<\/p>\n<p>Die Dauer der\u00a0Stillarbeitszeit ist abh\u00e4ngig vom Arbeitspensum der gestellten Aufgaben der Lehrkr\u00e4fte. Jedem Kind wird jedoch die M\u00f6glichkeit gegeben im eigenen Tempo die Aufgaben zu erledigen.\u00a0Nach den Hausaufgaben r\u00e4umen alle Kinder die Tische auf, der \u201eFegedienst\u201c kehrt die Klasse und der \u201ePapierdienst\u201c bringt den M\u00fcll zur Tonne. Anschlie\u00dfend ist Zeit f\u00fcr freies Spielen oder es k\u00f6nnen Kurse oder spontane Angebote besucht werden.<\/p>\n<p>Sollte es keine Hausaufgaben geben, spielen die Kinder meist drau\u00dfen, machen als Gruppe Ausfl\u00fcge in die umliegenden Parks, den Schulgarten oder widmen sich\u00a0anderen kreativen Aktivit\u00e4ten.<\/p>\n<p><strong>Um einen st\u00f6rungsfreien Arbeitsablauf der Lernzeit zu erm\u00f6glichen, bitten wir Sie, Ihr Kind zu den angegebenen Abholzeiten abzuholen und nicht w\u00e4hrend der Lernzeit.<br \/>\nBitte teilen Sie dies auch Oma oder Opa und weiteren Abholberechtigen mit.<\/strong><\/p>\n<p>&nbsp;<\/p>\n","protected":false},"excerpt":{"rendered":"<p>Die Lernzeit ist eine feste Zeit im Nachmittag, in der die Kinder ihre Hausaufgaben erledigen k\u00f6nnen. Sie dient dazu, selbstst\u00e4ndiges Arbeiten zu \u00fcben, Aufgaben konzentriert zu bearbeiten und bei Fragen Unterst\u00fctzung von den p\u00e4dagogischen Fachkr\u00e4ften zu erhalten. So verbinden die Kinder Lernen mit Struktur und Ruhe, bevor sie anschlie\u00dfend Zeit f\u00fcr Spiel und kreative Aktivit\u00e4ten &hellip; <\/p>\n<p class=\"link-more\"><a href=\"https:\/\/schule-doehrnstrasse.hamburg.de\/?page_id=957\" class=\"more-link\"><span class=\"screen-reader-text\">\u201eLernzeit\u201c <\/span>weiterlesen<\/a><\/p>\n","protected":false},"author":564,"featured_media":0,"parent":0,"menu_order":0,"comment_status":"closed","ping_status":"closed","template":"","meta":{"_acf_changed":false,"footnotes":""},"class_list":["post-957","page","type-page","status-publish","hentry"],"acf":[],"_links":{"self":[{"href":"https:\/\/schule-doehrnstrasse.hamburg.de\/index.php?rest_route=\/wp\/v2\/pages\/957","targetHints":{"allow":["GET"]}}],"collection":[{"href":"https:\/\/schule-doehrnstrasse.hamburg.de\/index.php?rest_route=\/wp\/v2\/pages"}],"about":[{"href":"https:\/\/schule-doehrnstrasse.hamburg.de\/index.php?rest_route=\/wp\/v2\/types\/page"}],"author":[{"embeddable":true,"href":"https:\/\/schule-doehrnstrasse.hamburg.de\/index.php?rest_route=\/wp\/v2\/users\/564"}],"replies":[{"embeddable":true,"href":"https:\/\/schule-doehrnstrasse.hamburg.de\/index.php?rest_route=%2Fwp%2Fv2%2Fcomments&post=957"}],"version-history":[{"count":3,"href":"https:\/\/schule-doehrnstrasse.hamburg.de\/index.php?rest_route=\/wp\/v2\/pages\/957\/revisions"}],"predecessor-version":[{"id":7061,"href":"https:\/\/schule-doehrnstrasse.hamburg.de\/index.php?rest_route=\/wp\/v2\/pages\/957\/revisions\/7061"}],"wp:attachment":[{"href":"https:\/\/schule-doehrnstrasse.hamburg.de\/index.php?rest_route=%2Fwp%2Fv2%2Fmedia&parent=957"}],"curies":[{"name":"wp","href":"https:\/\/api.w.org\/{rel}","templated":true}]}}