{"id":952,"date":"2016-03-31T12:00:40","date_gmt":"2016-03-31T10:00:40","guid":{"rendered":"http:\/\/schule-doehrnstrasse.hamburg.de\/?page_id=952"},"modified":"2025-11-10T12:15:13","modified_gmt":"2025-11-10T10:15:13","slug":"frueh-spaetdienst","status":"publish","type":"page","link":"https:\/\/schule-doehrnstrasse.hamburg.de\/?page_id=952","title":{"rendered":"Fr\u00fch-\/ Sp\u00e4tdienst"},"content":{"rendered":"<p>&nbsp;<\/p>\n<figure id=\"attachment_2606\" aria-describedby=\"caption-attachment-2606\" style=\"width: 573px\" class=\"wp-caption alignnone\"><img loading=\"lazy\" decoding=\"async\" class=\" wp-image-2606\" src=\"https:\/\/schule-doehrnstrasse.hamburg.de\/wp-content\/uploads\/sites\/63\/2020\/12\/IMG_5396-300x225.jpg\" alt=\"\" width=\"573\" height=\"430\" srcset=\"https:\/\/schule-doehrnstrasse.hamburg.de\/wp-content\/uploads\/sites\/63\/2020\/12\/IMG_5396-300x225.jpg 300w, https:\/\/schule-doehrnstrasse.hamburg.de\/wp-content\/uploads\/sites\/63\/2020\/12\/IMG_5396.jpg 640w\" sizes=\"auto, (max-width: 573px) 100vw, 573px\" \/><figcaption id=\"caption-attachment-2606\" class=\"wp-caption-text\">Unsere B\u00fccherei<\/figcaption><\/figure>\n<figure id=\"attachment_2607\" aria-describedby=\"caption-attachment-2607\" style=\"width: 571px\" class=\"wp-caption alignnone\"><img loading=\"lazy\" decoding=\"async\" class=\" wp-image-2607\" src=\"https:\/\/schule-doehrnstrasse.hamburg.de\/wp-content\/uploads\/sites\/63\/2020\/12\/IMG_5397-300x225.jpg\" alt=\"\" width=\"571\" height=\"428\" srcset=\"https:\/\/schule-doehrnstrasse.hamburg.de\/wp-content\/uploads\/sites\/63\/2020\/12\/IMG_5397-300x225.jpg 300w, https:\/\/schule-doehrnstrasse.hamburg.de\/wp-content\/uploads\/sites\/63\/2020\/12\/IMG_5397.jpg 640w\" sizes=\"auto, (max-width: 571px) 100vw, 571px\" \/><figcaption id=\"caption-attachment-2607\" class=\"wp-caption-text\">B\u00fccherei<\/figcaption><\/figure>\n<p>Ihr Kind ist bei uns <strong>bereits vor dem offiziellen Schulbeginn<\/strong> herzlich willkommen \u2013 und auch <strong>\u00fcber die Nachmittagsbetreuung hinaus<\/strong>.<\/p>\n<p><strong>Fr\u00fchbetreuung<\/strong><\/p>\n<p>Von <strong>6:00 bis 8:00 Uhr<\/strong> k\u00f6nnen Sie als Berufst\u00e4tige\/r die <strong>Fr\u00fchbetreuung<\/strong> kostenpflichtig hinzubuchen. In einer kleinen Gruppe wird Ihr Kind in der <strong>B\u00fccherei<\/strong> p\u00e4dagogisch begleitet und kann den Tag in ruhiger Atmosph\u00e4re starten. Gemeinsam wird gemalt, gebastelt, vorgelesen oder gespielt. Wer mag, kann auch <strong>H\u00f6rspielen lauschen<\/strong> und dabei entspannt den Morgen beginnen.<\/p>\n<p><strong>Sp\u00e4tbetreuung<\/strong><\/p>\n<p>Die <strong>Sp\u00e4tbetreuung<\/strong> unterst\u00fctzt ebenfalls Ihren Arbeitsalltag. Wenn Sie Ihr Kind nicht rechtzeitig um 16:00 Uhr abholen k\u00f6nnen, betreuen wir es wahlweise bis <strong>17:00 oder 18:00 Uhr<\/strong>. Die Kinder treffen sich daf\u00fcr in der B\u00fccherei und k\u00f6nnen dort ruhig spielen, ein Buch lesen oder im <strong>Aulagarten<\/strong> noch etwas Zeit verbringen.<\/p>\n<p>Sollten Sie es einmal nicht schaffen, Ihr Kind p\u00fcnktlich abzuholen, wird es automatisch in die Sp\u00e4tbetreuung aufgenommen. <strong>Ihr Kind ist bis zu Ihrem Eintreffen gut aufgehoben.<\/strong> Bitte beachten Sie, dass diese Betreuungszeiten <strong>generell kostenpflichtig<\/strong> sind. Den Sp\u00e4tdienst erreichen Sie ab 16:00 Uhr unter: <strong>0176-10596102<\/strong>. Vormittags ist dieses Handy in der Schulzeit nicht besetzt.<\/p>\n<p><strong>Kosten und Abholzeiten<\/strong><\/p>\n<p>Der Kostenbeitrag f\u00fcr Fr\u00fch- und Sp\u00e4tbetreuung richtet sich nach dem <strong>Elterneinkommen<\/strong> und wird durch die Schulbeh\u00f6rde berechnet. Innerhalb der <strong>Kernzeit<\/strong> k\u00f6nnen die Kinder zwischen <strong>14:55 \u2013 15:05 Uhr<\/strong> oder zwischen <strong>15:50 \u2013 16:00 Uhr<\/strong> abgeholt werden. In den Randzeiten der Fr\u00fch- und Sp\u00e4tbetreuung sind die <strong>Bring- und Abholzeiten flexibel<\/strong>.<\/p>\n<p>&nbsp;<\/p>\n","protected":false},"excerpt":{"rendered":"<p>&nbsp; Ihr Kind ist bei uns bereits vor dem offiziellen Schulbeginn herzlich willkommen \u2013 und auch \u00fcber die Nachmittagsbetreuung hinaus. Fr\u00fchbetreuung Von 6:00 bis 8:00 Uhr k\u00f6nnen Sie als Berufst\u00e4tige\/r die Fr\u00fchbetreuung kostenpflichtig hinzubuchen. In einer kleinen Gruppe wird Ihr Kind in der B\u00fccherei p\u00e4dagogisch begleitet und kann den Tag in ruhiger Atmosph\u00e4re starten. Gemeinsam &hellip; <\/p>\n<p class=\"link-more\"><a href=\"https:\/\/schule-doehrnstrasse.hamburg.de\/?page_id=952\" class=\"more-link\"><span class=\"screen-reader-text\">\u201eFr\u00fch-\/ Sp\u00e4tdienst\u201c <\/span>weiterlesen<\/a><\/p>\n","protected":false},"author":564,"featured_media":0,"parent":0,"menu_order":0,"comment_status":"closed","ping_status":"closed","template":"","meta":{"_acf_changed":false,"footnotes":""},"class_list":["post-952","page","type-page","status-publish","hentry"],"acf":[],"_links":{"self":[{"href":"https:\/\/schule-doehrnstrasse.hamburg.de\/index.php?rest_route=\/wp\/v2\/pages\/952","targetHints":{"allow":["GET"]}}],"collection":[{"href":"https:\/\/schule-doehrnstrasse.hamburg.de\/index.php?rest_route=\/wp\/v2\/pages"}],"about":[{"href":"https:\/\/schule-doehrnstrasse.hamburg.de\/index.php?rest_route=\/wp\/v2\/types\/page"}],"author":[{"embeddable":true,"href":"https:\/\/schule-doehrnstrasse.hamburg.de\/index.php?rest_route=\/wp\/v2\/users\/564"}],"replies":[{"embeddable":true,"href":"https:\/\/schule-doehrnstrasse.hamburg.de\/index.php?rest_route=%2Fwp%2Fv2%2Fcomments&post=952"}],"version-history":[{"count":7,"href":"https:\/\/schule-doehrnstrasse.hamburg.de\/index.php?rest_route=\/wp\/v2\/pages\/952\/revisions"}],"predecessor-version":[{"id":7058,"href":"https:\/\/schule-doehrnstrasse.hamburg.de\/index.php?rest_route=\/wp\/v2\/pages\/952\/revisions\/7058"}],"wp:attachment":[{"href":"https:\/\/schule-doehrnstrasse.hamburg.de\/index.php?rest_route=%2Fwp%2Fv2%2Fmedia&parent=952"}],"curies":[{"name":"wp","href":"https:\/\/api.w.org\/{rel}","templated":true}]}}