{"id":7325,"date":"2026-05-05T09:26:19","date_gmt":"2026-05-05T07:26:19","guid":{"rendered":"https:\/\/schule-doehrnstrasse.hamburg.de\/?page_id=7325"},"modified":"2026-05-05T09:45:03","modified_gmt":"2026-05-05T07:45:03","slug":"rueckblick-auf-vergangene-ferien","status":"publish","type":"page","link":"https:\/\/schule-doehrnstrasse.hamburg.de\/?page_id=7325","title":{"rendered":"R\u00fcckblick auf vergangene Ferien"},"content":{"rendered":"<p align=\"justify\"><span style=\"font-family: Arial, serif\">In den vergangenen Ferien war bei uns einiges geboten. Beim Kinderschminken konnten sich die Kinder kreativ verwandeln. Beim j\u00e4hrlichen Schachturnier waren Konzentration und K\u00f6pfchen gefragt. Des Weiteren konnte jedes Kind sich anhand unserer vielf\u00e4ltigen Angebote etwas passendes aussuchen oder sich mit seinen Freunden eine freie Zeit beim Spielen und Entdecken gestalten. Ein besonderes Highlight sind unsere vielf\u00e4ltigen Ausfl\u00fcge in den Tierpark, ins Tropenaquarium, sowie Ausfl\u00fcge ins Planetarium oder ins Niendorfer Gehege.<\/span><\/p>\n<p>&nbsp;<\/p>\n<p>Diese Seite steht noch im Aufbau und wird sich hoffentlich bald weiter f\u00fcllen.<\/p>\n","protected":false},"excerpt":{"rendered":"<p>In den vergangenen Ferien war bei uns einiges geboten. Beim Kinderschminken konnten sich die Kinder kreativ verwandeln. Beim j\u00e4hrlichen Schachturnier waren Konzentration und K\u00f6pfchen gefragt. Des Weiteren konnte jedes Kind sich anhand unserer vielf\u00e4ltigen Angebote etwas passendes aussuchen oder sich mit seinen Freunden eine freie Zeit beim Spielen und Entdecken gestalten. Ein besonderes Highlight sind &hellip; <\/p>\n<p class=\"link-more\"><a href=\"https:\/\/schule-doehrnstrasse.hamburg.de\/?page_id=7325\" class=\"more-link\"><span class=\"screen-reader-text\">\u201eR\u00fcckblick auf vergangene Ferien\u201c <\/span>weiterlesen<\/a><\/p>\n","protected":false},"author":2199,"featured_media":0,"parent":0,"menu_order":0,"comment_status":"closed","ping_status":"closed","template":"","meta":{"_acf_changed":false,"footnotes":""},"class_list":["post-7325","page","type-page","status-publish","hentry"],"acf":[],"_links":{"self":[{"href":"https:\/\/schule-doehrnstrasse.hamburg.de\/index.php?rest_route=\/wp\/v2\/pages\/7325","targetHints":{"allow":["GET"]}}],"collection":[{"href":"https:\/\/schule-doehrnstrasse.hamburg.de\/index.php?rest_route=\/wp\/v2\/pages"}],"about":[{"href":"https:\/\/schule-doehrnstrasse.hamburg.de\/index.php?rest_route=\/wp\/v2\/types\/page"}],"author":[{"embeddable":true,"href":"https:\/\/schule-doehrnstrasse.hamburg.de\/index.php?rest_route=\/wp\/v2\/users\/2199"}],"replies":[{"embeddable":true,"href":"https:\/\/schule-doehrnstrasse.hamburg.de\/index.php?rest_route=%2Fwp%2Fv2%2Fcomments&post=7325"}],"version-history":[{"count":2,"href":"https:\/\/schule-doehrnstrasse.hamburg.de\/index.php?rest_route=\/wp\/v2\/pages\/7325\/revisions"}],"predecessor-version":[{"id":7342,"href":"https:\/\/schule-doehrnstrasse.hamburg.de\/index.php?rest_route=\/wp\/v2\/pages\/7325\/revisions\/7342"}],"wp:attachment":[{"href":"https:\/\/schule-doehrnstrasse.hamburg.de\/index.php?rest_route=%2Fwp%2Fv2%2Fmedia&parent=7325"}],"curies":[{"name":"wp","href":"https:\/\/api.w.org\/{rel}","templated":true}]}}