{"id":7321,"date":"2026-05-05T09:25:48","date_gmt":"2026-05-05T07:25:48","guid":{"rendered":"https:\/\/schule-doehrnstrasse.hamburg.de\/?page_id=7321"},"modified":"2026-05-05T09:42:26","modified_gmt":"2026-05-05T07:42:26","slug":"ausfluege-und-themenwochen","status":"publish","type":"page","link":"https:\/\/schule-doehrnstrasse.hamburg.de\/?page_id=7321","title":{"rendered":"Ausfl\u00fcge und Themenwochen"},"content":{"rendered":"<p align=\"justify\"><span style=\"font-family: arial, helvetica, sans-serif;font-size: 12pt\">Neben tollen Aktivit\u00e4ten in der Einrichtung und Umgebung bieten wir auch gro\u00dfe Ausfl\u00fcge in den Ferien an.<\/span><\/p>\n<p align=\"justify\"><span style=\"font-family: arial, helvetica, sans-serif;font-size: 12pt\"><br \/>\nHier ein paar Beispiele: Hagenbecks Tierpark, das Planetarium, Planten und Bloomen, HafenCity, Rabatz, das Zoologische Museum, Inselpark Wilhelmsburg, Hamburger Hafen, Schokoversum, uvm.<\/span><\/p>\n<p align=\"justify\"><span style=\"font-family: arial, helvetica, sans-serif;font-size: 12pt\">Damit die Kinder an unseren Ausfl\u00fcgen in den Ferien teilnehmen k\u00f6nnen, muss im Vorhinein unsere Ausflugsabfrage ausgef\u00fcllt und digital abgegeben werden. F\u00fcr einige Ausfl\u00fcge kann eventuell auch ein Elternbeitrag anfallen. Dieser wird bei der Abfrage mit angegeben und im nach der Abfrage eingesammelt. Sollten Sie Schwierigkeiten haben f\u00fcr Beitr\u00e4ge aufzukommen, sprechen Sie uns bitte pers\u00f6nlich an. Gemeinsam werden wir eine L\u00f6sung finden.<\/span><\/p>\n<p align=\"justify\"><span style=\"font-family: arial, helvetica, sans-serif;font-size: 12pt\">Bitte entnehmen Sie dem Ferienprogramm, ob Ausfl\u00fcge stattfinden und wenn ja, ob Ihrem Kind zus\u00e4tzlich etwas mitzugeben ist. Generell ist ein kleiner Rucksack mit Trinkflasche (und Brotdose) sowie wetterbest\u00e4ndige Kleidung (je nach Wetterlage) ihrem Kind mitzugeben.<\/span><\/p>\n<p align=\"justify\"><span style=\"font-family: arial, helvetica, sans-serif;font-size: 12pt\">In einigen Wochen im Jahr kann es auch vorkommen, dass wir statt Ausfl\u00fcgen eine Ferienwoche thematisch aufziehen. Dann basteln, bauen oder \u00fcben wir. Von einer Jahrmarktwoche bis hin zu einer Theater- oder Unterwasser-Woche sind den Fantasien keine Grenzen gesetzt. In Themenwochen setzten wir uns die gesamte Woche mit dem vorher gesteckten Thema aufbauend auseinander. Meistens mit einer Auff\u00fchrung oder Pr\u00e4sentation am letzten Tag der Themenwoche.<\/span><\/p>\n<p><span style=\"font-family: arial, helvetica, sans-serif\">Sollten Sie noch Fragen zu unseren Ausfl\u00fcgen oder Themenwochen haben, k\u00f6nnen Sie sich gerne bei uns melden.<\/span><\/p>\n<p>&nbsp;<\/p>\n","protected":false},"excerpt":{"rendered":"<p>Neben tollen Aktivit\u00e4ten in der Einrichtung und Umgebung bieten wir auch gro\u00dfe Ausfl\u00fcge in den Ferien an. Hier ein paar Beispiele: Hagenbecks Tierpark, das Planetarium, Planten und Bloomen, HafenCity, Rabatz, das Zoologische Museum, Inselpark Wilhelmsburg, Hamburger Hafen, Schokoversum, uvm. Damit die Kinder an unseren Ausfl\u00fcgen in den Ferien teilnehmen k\u00f6nnen, muss im Vorhinein unsere Ausflugsabfrage &hellip; <\/p>\n<p class=\"link-more\"><a href=\"https:\/\/schule-doehrnstrasse.hamburg.de\/?page_id=7321\" class=\"more-link\"><span class=\"screen-reader-text\">\u201eAusfl\u00fcge und Themenwochen\u201c <\/span>weiterlesen<\/a><\/p>\n","protected":false},"author":2199,"featured_media":0,"parent":0,"menu_order":0,"comment_status":"closed","ping_status":"closed","template":"","meta":{"_acf_changed":false,"footnotes":""},"class_list":["post-7321","page","type-page","status-publish","hentry"],"acf":[],"_links":{"self":[{"href":"https:\/\/schule-doehrnstrasse.hamburg.de\/index.php?rest_route=\/wp\/v2\/pages\/7321","targetHints":{"allow":["GET"]}}],"collection":[{"href":"https:\/\/schule-doehrnstrasse.hamburg.de\/index.php?rest_route=\/wp\/v2\/pages"}],"about":[{"href":"https:\/\/schule-doehrnstrasse.hamburg.de\/index.php?rest_route=\/wp\/v2\/types\/page"}],"author":[{"embeddable":true,"href":"https:\/\/schule-doehrnstrasse.hamburg.de\/index.php?rest_route=\/wp\/v2\/users\/2199"}],"replies":[{"embeddable":true,"href":"https:\/\/schule-doehrnstrasse.hamburg.de\/index.php?rest_route=%2Fwp%2Fv2%2Fcomments&post=7321"}],"version-history":[{"count":5,"href":"https:\/\/schule-doehrnstrasse.hamburg.de\/index.php?rest_route=\/wp\/v2\/pages\/7321\/revisions"}],"predecessor-version":[{"id":7340,"href":"https:\/\/schule-doehrnstrasse.hamburg.de\/index.php?rest_route=\/wp\/v2\/pages\/7321\/revisions\/7340"}],"wp:attachment":[{"href":"https:\/\/schule-doehrnstrasse.hamburg.de\/index.php?rest_route=%2Fwp%2Fv2%2Fmedia&parent=7321"}],"curies":[{"name":"wp","href":"https:\/\/api.w.org\/{rel}","templated":true}]}}