{"id":7319,"date":"2026-05-05T09:25:31","date_gmt":"2026-05-05T07:25:31","guid":{"rendered":"https:\/\/schule-doehrnstrasse.hamburg.de\/?page_id=7319"},"modified":"2026-05-05T09:36:30","modified_gmt":"2026-05-05T07:36:30","slug":"tagesablauf","status":"publish","type":"page","link":"https:\/\/schule-doehrnstrasse.hamburg.de\/?page_id=7319","title":{"rendered":"Tagesablauf"},"content":{"rendered":"<p><b>Fr\u00fchdienst (6:00\u20138:00 Uhr)<\/b><br \/>\nHaupteingang D\u00f6hrnstra\u00dfe \u2192 Anmeldung in der Mensa<\/p>\n<p><b>Ankunft \/ Offenes Ankommen (8:00\u20139:00 Uhr)<\/b><br \/>\nHaupteingang D\u00f6hrnstra\u00dfe \u2192 Anmeldung in der Mensa<\/p>\n<p>Bitte geben Sie morgens folgende Informationen an:<br \/>\n\u2022 Abholzeit<br \/>\n\u2022 Ob das Kind allein nach Hause geht<br \/>\n\u2022 Wer das Kind ggf. abholt<br \/>\n\u2022 Ggf. Fahrkarte f\u00fcr Ausfl\u00fcge abgeben<\/p>\n<p><b>Fr\u00fchst\u00fcck (9:00\u20139:15 Uhr)<\/b><br \/>\nGemeinsames Fr\u00fchst\u00fcck in entspannter Atmosph\u00e4re.<\/p>\n<p>Bitte mitbringen:<br \/>\n\u2022 Brotdose mit Inhalt (gesundes Fr\u00fchst\u00fcck)<br \/>\n\u2022 Trinkflasche<\/p>\n<p>Kinder, die bereits zu Hause gefr\u00fchst\u00fcckt haben, k\u00f6nnen sich in dieser Zeit ruhig besch\u00e4ftigen.<\/p>\n<p><b>Vormittagsprogramm (9:30\u201312:00 Uhr)<\/b><br \/>\n\u2022 Freie Wahl der Programmpunkte (siehe aktuelles Programm)<br \/>\nu. a. Bewegung &amp; Spiel sowie kreative Angebote<br \/>\n\u2022 Aktive Mitgestaltung durch eigene Ideen der Kinder m\u00f6glich<br \/>\n\u2022 Alternativ: Freispiel<\/p>\n<p><b>Mittagsessen (12:30\u201313:15 Uhr)<br \/>\n<\/b>Das Essen wird von Kitz Catering bereitgestellt.<\/p>\n<p>Wichtig:<br \/>\n\u2022 Allergien oder Unvertr\u00e4glichkeiten bitte vorab direkt beim Caterer melden<br \/>\n\u2022 Eine Abmeldung vom Essen ist bis sp\u00e4testens 8:00 Uhr erforderlich, da sonst Kosten entstehen k\u00f6nnen<\/p>\n<p><b>Abholung (ab 13:30 Uhr, an Ausflugstagen ab 15:00 Uhr)<br \/>\n<\/b>Ort: Mensa<\/p>\n<p>Bitte teilen Sie die geplante Abholzeit morgens verbindlich mit.<\/p>\n<p><b>Nachmittagsprogramm (13:30\u201315:30 Uhr)<\/b><br \/>\n\u2022 Freie Wahl der Programmpunkte (siehe aktuelles Programm)<br \/>\nu. a. Bewegung &amp; Spiel sowie kreative Angebote<br \/>\n\u2022 Aktive Mitgestaltung durch eigene Ideen der Kinder m\u00f6glich<br \/>\n\u2022 Alternativ: Freispiel<\/p>\n<p><u>Hinweis:<\/u> Eigenes Spielzeug darf mitgebracht werden. Es wird jedoch keine Haftung bei Verlust oder Besch\u00e4digung \u00fcbernommen. Spielzeug, das andere Kinder ausschlie\u00dft, wird gegebenenfalls bis zur Abholung verwahrt.<\/p>\n<p><b>Aufr\u00e4umen &amp; Abholzeit (15:30-16:00 Uhr)<br \/>\n<\/b>\u2022 Gemeinsames Aufklaren und Vorbereiten f\u00fcr den n\u00e4chsten Tag<\/p>\n<p><b>Sp\u00e4tdienst (16:00-18:00)<br \/>\n<\/b>\u2022 Haupteingang D\u00f6hrnstra\u00dfe \u2192 Abholung in der Mensa<\/p>\n<p>&nbsp;<\/p>\n<p><b>Krankmeldung &amp; Abwesenheit<\/b><br \/>\nBitte melden Sie Ihr Kind bei Krankheit oder kurzfristiger Abwesenheit ab:<\/p>\n<p>Ferienhandy: 0176-10 596 102<br \/>\nAbmeldung bitte bis sp\u00e4testens 9:00 Uhr.<\/p>\n<p><span style=\"color: #ff0000\"><b>Kranke Kinder d\u00fcrfen nicht zur Betreuung kommen.<\/b><\/span><\/p>\n","protected":false},"excerpt":{"rendered":"<p>Fr\u00fchdienst (6:00\u20138:00 Uhr) Haupteingang D\u00f6hrnstra\u00dfe \u2192 Anmeldung in der Mensa Ankunft \/ Offenes Ankommen (8:00\u20139:00 Uhr) Haupteingang D\u00f6hrnstra\u00dfe \u2192 Anmeldung in der Mensa Bitte geben Sie morgens folgende Informationen an: \u2022 Abholzeit \u2022 Ob das Kind allein nach Hause geht \u2022 Wer das Kind ggf. abholt \u2022 Ggf. Fahrkarte f\u00fcr Ausfl\u00fcge abgeben Fr\u00fchst\u00fcck (9:00\u20139:15 Uhr) &hellip; <\/p>\n<p class=\"link-more\"><a href=\"https:\/\/schule-doehrnstrasse.hamburg.de\/?page_id=7319\" class=\"more-link\"><span class=\"screen-reader-text\">\u201eTagesablauf\u201c <\/span>weiterlesen<\/a><\/p>\n","protected":false},"author":2199,"featured_media":0,"parent":0,"menu_order":0,"comment_status":"closed","ping_status":"closed","template":"","meta":{"_acf_changed":false,"footnotes":""},"class_list":["post-7319","page","type-page","status-publish","hentry"],"acf":[],"_links":{"self":[{"href":"https:\/\/schule-doehrnstrasse.hamburg.de\/index.php?rest_route=\/wp\/v2\/pages\/7319","targetHints":{"allow":["GET"]}}],"collection":[{"href":"https:\/\/schule-doehrnstrasse.hamburg.de\/index.php?rest_route=\/wp\/v2\/pages"}],"about":[{"href":"https:\/\/schule-doehrnstrasse.hamburg.de\/index.php?rest_route=\/wp\/v2\/types\/page"}],"author":[{"embeddable":true,"href":"https:\/\/schule-doehrnstrasse.hamburg.de\/index.php?rest_route=\/wp\/v2\/users\/2199"}],"replies":[{"embeddable":true,"href":"https:\/\/schule-doehrnstrasse.hamburg.de\/index.php?rest_route=%2Fwp%2Fv2%2Fcomments&post=7319"}],"version-history":[{"count":2,"href":"https:\/\/schule-doehrnstrasse.hamburg.de\/index.php?rest_route=\/wp\/v2\/pages\/7319\/revisions"}],"predecessor-version":[{"id":7336,"href":"https:\/\/schule-doehrnstrasse.hamburg.de\/index.php?rest_route=\/wp\/v2\/pages\/7319\/revisions\/7336"}],"wp:attachment":[{"href":"https:\/\/schule-doehrnstrasse.hamburg.de\/index.php?rest_route=%2Fwp%2Fv2%2Fmedia&parent=7319"}],"curies":[{"name":"wp","href":"https:\/\/api.w.org\/{rel}","templated":true}]}}