{"id":7020,"date":"2025-10-16T14:02:59","date_gmt":"2025-10-16T12:02:59","guid":{"rendered":"https:\/\/schule-doehrnstrasse.hamburg.de\/?page_id=7020"},"modified":"2026-02-06T11:06:15","modified_gmt":"2026-02-06T10:06:15","slug":"auftritte-des-bilingualen-chors","status":"publish","type":"page","link":"https:\/\/schule-doehrnstrasse.hamburg.de\/?page_id=7020","title":{"rendered":"Auftritte des bilingualen Chors"},"content":{"rendered":"<p><strong>Weihnachtssingen in der Kirche<\/strong><\/p>\n<p>Bei unserem traditionellen Weihnachtssingen in der Kirche begeisterte auch unserer bilingualer Chor.<\/p>\n<p><a href=\"https:\/\/drive.google.com\/drive\/folders\/1C3TmcYJXLI5_FbmJD9EoqhBPW-_DG85n?usp=drive_link\">Hier geht es zu den Fotos und Videos<\/a><\/p>\n<p>&nbsp;<\/p>\n<p><strong>Ein magischer Auftritt \u2013 Un momento speciale<\/strong><\/p>\n<p>Unser bilingualer Chor hatte am 27.November im New Living Home seinen ersten offiziellen Auftritt \u2013 ein musikalisches Geschenk f\u00fcr die Seniorinnen und Senioren dort.<\/p>\n<p>Mit viel cuore, Mut und Freude haben die Kinder gesungen und das Publikum sp\u00fcrbar ber\u00fchrt. Leuchtende Augen, gemeinsames Singen und einen Moment echter musica e comunit\u00e0.<\/p>\n<p>Wir sind sehr stolz auf unsere Chorkinder \u2013 bravissimi!<\/p>\n<p><a href=\"https:\/\/drive.google.com\/drive\/folders\/1AVff12ejKZlfWdtTBrADNIb5FrtA5y7l?usp=sharing\">Hier geht es zu den Fotos und Videos<\/a><\/p>\n<p>Auch die italienische Botschaft in Berlin hat \u00fcber dieses Event einen Artikel geschrieben.<\/p>\n<p><a href=\"https:\/\/schule-doehrnstrasse.hamburg.de\/wp-content\/uploads\/sites\/63\/2026\/02\/Scrivono-di-noi\u2026-2.pdf\">Artikel der Botschaft<\/a><\/p>\n<p>&nbsp;<\/p>\n<p><strong>Herbstforum<\/strong><\/p>\n<p>Beim Herbstforum 2025 begeisterte unser neuer bilingualer Chor aus dem zweiten Jahrgang mit fr\u00f6hlichen Herbstliedern, unter anderem mit dem Lied \u201eDie Vogelscheuche Sasa\u201c. \ud83c\udf42\ud83c\udfb6<\/p>\n<p><a href=\"https:\/\/schule-doehrnstrasse.hamburg.de\/wp-content\/uploads\/sites\/63\/2025\/11\/Chor-Herbstforum.jpg\"><img loading=\"lazy\" decoding=\"async\" class=\"alignnone wp-image-7048\" src=\"https:\/\/schule-doehrnstrasse.hamburg.de\/wp-content\/uploads\/sites\/63\/2025\/11\/Chor-Herbstforum-300x170.jpg\" alt=\"\" width=\"450\" height=\"255\" srcset=\"https:\/\/schule-doehrnstrasse.hamburg.de\/wp-content\/uploads\/sites\/63\/2025\/11\/Chor-Herbstforum-300x170.jpg 300w, https:\/\/schule-doehrnstrasse.hamburg.de\/wp-content\/uploads\/sites\/63\/2025\/11\/Chor-Herbstforum.jpg 738w\" sizes=\"auto, (max-width: 450px) 100vw, 450px\" \/><\/a><\/p>\n<p>&nbsp;<\/p>\n<p><strong>Einschulung\u00a0<\/strong><\/p>\n<p>Zur Einschulungsfeier gestaltete unser Schulchor ein stimmungsvolles musikalisches Programm und hie\u00df die neuen Erstkl\u00e4ssler herzlich willkommen.. \ud83c\udfb6 benvenuti \ud83c\udfb6<\/p>\n<p><a href=\"https:\/\/schule-doehrnstrasse.hamburg.de\/wp-content\/uploads\/sites\/63\/2025\/10\/f82ba1a8-ed03-4fe9-bb18-acfe4d2ebb97.jpeg\"><img loading=\"lazy\" decoding=\"async\" class=\"alignnone wp-image-7017\" src=\"https:\/\/schule-doehrnstrasse.hamburg.de\/wp-content\/uploads\/sites\/63\/2025\/10\/f82ba1a8-ed03-4fe9-bb18-acfe4d2ebb97-300x169.jpeg\" alt=\"\" width=\"440\" height=\"248\" srcset=\"https:\/\/schule-doehrnstrasse.hamburg.de\/wp-content\/uploads\/sites\/63\/2025\/10\/f82ba1a8-ed03-4fe9-bb18-acfe4d2ebb97-300x169.jpeg 300w, https:\/\/schule-doehrnstrasse.hamburg.de\/wp-content\/uploads\/sites\/63\/2025\/10\/f82ba1a8-ed03-4fe9-bb18-acfe4d2ebb97-1024x576.jpeg 1024w, https:\/\/schule-doehrnstrasse.hamburg.de\/wp-content\/uploads\/sites\/63\/2025\/10\/f82ba1a8-ed03-4fe9-bb18-acfe4d2ebb97-768x432.jpeg 768w, https:\/\/schule-doehrnstrasse.hamburg.de\/wp-content\/uploads\/sites\/63\/2025\/10\/f82ba1a8-ed03-4fe9-bb18-acfe4d2ebb97-1536x864.jpeg 1536w, https:\/\/schule-doehrnstrasse.hamburg.de\/wp-content\/uploads\/sites\/63\/2025\/10\/f82ba1a8-ed03-4fe9-bb18-acfe4d2ebb97.jpeg 1600w\" sizes=\"auto, (max-width: 440px) 100vw, 440px\" \/><\/a><\/p>\n<p>&nbsp;<\/p>\n<p><strong>Sommerforum &#8211; Ganz in blau!<\/strong><\/p>\n<p><span style=\"font-size: 1rem\">Im <\/span><span style=\"font-size: 1rem\">Juli 2025 war es wieder soweit: Unser Sommerforum brachte nicht nur Sonne, sondern auch musikalische Highlights auf die B\u00fchne! Unser bilingualer Chor hat mit dem Klassiker Nel blu dipinto di blu f\u00fcr echte G\u00e4nsehautmomente gesorgt. Die Kinder sangen mit so viel Freude und Herz, dass der ganze Saal in ein \u201eblaues Wunder\u201c getaucht wurde.<\/span><\/p>\n<p>Ein gro\u00dfartiger Auftritt \u2013 und ein riesiger Applaus an unsere fantastischen Chorkinder!<\/p>\n<figure id=\"attachment_6901\" aria-describedby=\"caption-attachment-6901\" style=\"width: 457px\" class=\"wp-caption alignnone\"><a href=\"https:\/\/schule-doehrnstrasse.hamburg.de\/wp-content\/uploads\/sites\/63\/2025\/06\/Chor.jpg\"><img loading=\"lazy\" decoding=\"async\" class=\" wp-image-6901\" src=\"https:\/\/schule-doehrnstrasse.hamburg.de\/wp-content\/uploads\/sites\/63\/2025\/06\/Chor-300x105.jpg\" alt=\"\" width=\"457\" height=\"160\" srcset=\"https:\/\/schule-doehrnstrasse.hamburg.de\/wp-content\/uploads\/sites\/63\/2025\/06\/Chor-300x105.jpg 300w, https:\/\/schule-doehrnstrasse.hamburg.de\/wp-content\/uploads\/sites\/63\/2025\/06\/Chor-1024x358.jpg 1024w, https:\/\/schule-doehrnstrasse.hamburg.de\/wp-content\/uploads\/sites\/63\/2025\/06\/Chor-768x268.jpg 768w, https:\/\/schule-doehrnstrasse.hamburg.de\/wp-content\/uploads\/sites\/63\/2025\/06\/Chor.jpg 1170w\" sizes=\"auto, (max-width: 457px) 100vw, 457px\" \/><\/a><figcaption id=\"caption-attachment-6901\" class=\"wp-caption-text\">Chor mit blauen H\u00e4nden<\/figcaption><\/figure>\n","protected":false},"excerpt":{"rendered":"<p>Weihnachtssingen in der Kirche Bei unserem traditionellen Weihnachtssingen in der Kirche begeisterte auch unserer bilingualer Chor. Hier geht es zu den Fotos und Videos &nbsp; Ein magischer Auftritt \u2013 Un momento speciale Unser bilingualer Chor hatte am 27.November im New Living Home seinen ersten offiziellen Auftritt \u2013 ein musikalisches Geschenk f\u00fcr die Seniorinnen und Senioren &hellip; <\/p>\n<p class=\"link-more\"><a href=\"https:\/\/schule-doehrnstrasse.hamburg.de\/?page_id=7020\" class=\"more-link\"><span class=\"screen-reader-text\">\u201eAuftritte des bilingualen Chors\u201c <\/span>weiterlesen<\/a><\/p>\n","protected":false},"author":2199,"featured_media":0,"parent":0,"menu_order":0,"comment_status":"closed","ping_status":"closed","template":"","meta":{"_acf_changed":false,"footnotes":""},"class_list":["post-7020","page","type-page","status-publish","hentry"],"acf":[],"_links":{"self":[{"href":"https:\/\/schule-doehrnstrasse.hamburg.de\/index.php?rest_route=\/wp\/v2\/pages\/7020","targetHints":{"allow":["GET"]}}],"collection":[{"href":"https:\/\/schule-doehrnstrasse.hamburg.de\/index.php?rest_route=\/wp\/v2\/pages"}],"about":[{"href":"https:\/\/schule-doehrnstrasse.hamburg.de\/index.php?rest_route=\/wp\/v2\/types\/page"}],"author":[{"embeddable":true,"href":"https:\/\/schule-doehrnstrasse.hamburg.de\/index.php?rest_route=\/wp\/v2\/users\/2199"}],"replies":[{"embeddable":true,"href":"https:\/\/schule-doehrnstrasse.hamburg.de\/index.php?rest_route=%2Fwp%2Fv2%2Fcomments&post=7020"}],"version-history":[{"count":11,"href":"https:\/\/schule-doehrnstrasse.hamburg.de\/index.php?rest_route=\/wp\/v2\/pages\/7020\/revisions"}],"predecessor-version":[{"id":7209,"href":"https:\/\/schule-doehrnstrasse.hamburg.de\/index.php?rest_route=\/wp\/v2\/pages\/7020\/revisions\/7209"}],"wp:attachment":[{"href":"https:\/\/schule-doehrnstrasse.hamburg.de\/index.php?rest_route=%2Fwp%2Fv2%2Fmedia&parent=7020"}],"curies":[{"name":"wp","href":"https:\/\/api.w.org\/{rel}","templated":true}]}}