{"id":6950,"date":"2025-07-20T18:29:43","date_gmt":"2025-07-20T16:29:43","guid":{"rendered":"https:\/\/schule-doehrnstrasse.hamburg.de\/?page_id=6950"},"modified":"2025-07-20T18:32:10","modified_gmt":"2025-07-20T16:32:10","slug":"ganztagsbetreuung-2","status":"publish","type":"page","link":"https:\/\/schule-doehrnstrasse.hamburg.de\/?page_id=6950","title":{"rendered":"Ganztagsbetreuung"},"content":{"rendered":"<p><strong>Die Nachmittagsbetreuung<\/strong><\/p>\n<p>Die Schule bietet eine Nachmittagsbetreuung an, die von ETV \u2013 Kiju (ETV Kinder und Jugendf\u00f6rderung gGmbH) geleitet wird. ETV-Kiju ist seit 2012 Partner der Schule D\u00f6hrnstra\u00dfe und begleitet die Kinder am Nachmittag mit p\u00e4dagogischem Fachpersonal. Die Betreuung umfasst das Mittagessen, die Lernphasen, und die angeleiteten Aktivit\u00e4ten in Kursen und freien Spielphasen.<\/p>\n<p>Dieser Dienst ist f\u00fcr Kinder der\u00a01. bis 4. Klasse\u00a0zwischen\u00a013 und 16 Uhr kostenfrei, w\u00e4hrend er f\u00fcr Kinder der Vorschule\u00a0kostenpflichtig\u00a0ist. Es gibt zwei m\u00f6gliche Abholzeiten:\u00a0um 15 Uhr und um 16 Uhr.<\/p>\n<p>Am Nachmittag haben die Kinder die M\u00f6glichkeit, ihre Hausaufgaben zu erledigen und an Kursen in Sport, Kunst und Naturwissenschaften teilzunehmen. Die Nachmittagsstunden sind wie folgt organisiert:<\/p>\n<table width=\"642\">\n<tbody>\n<tr>\n<td width=\"161\"><\/td>\n<td width=\"161\">VSK<\/td>\n<td width=\"161\">1.\/2. Klasse<\/td>\n<td width=\"161\">3.\/4. Klasse<\/td>\n<\/tr>\n<tr>\n<td width=\"161\">12:30-13:00<\/td>\n<td width=\"161\">Mittagessen<\/td>\n<td width=\"161\">&#8211;<\/td>\n<td width=\"161\">&#8211;<\/td>\n<\/tr>\n<tr>\n<td width=\"161\">13:00-14:00<\/td>\n<td width=\"161\">Kurse<\/td>\n<td width=\"161\">Mittagessen<\/td>\n<td width=\"161\">Hausaufgaben<\/td>\n<\/tr>\n<tr>\n<td width=\"161\">14:00-15:00<\/td>\n<td width=\"161\">Freie Spielzeit<\/td>\n<td width=\"161\">Kurse<\/td>\n<td width=\"161\">Mittagessen<\/td>\n<\/tr>\n<tr>\n<td width=\"161\">15:00-16:00<\/td>\n<td width=\"161\">Freie Spielzeit<\/td>\n<td width=\"161\">Hausaufgaben<\/td>\n<td width=\"161\">Kurse<\/td>\n<\/tr>\n<tr>\n<td width=\"161\"><\/td>\n<td width=\"161\"><\/td>\n<td width=\"161\"><\/td>\n<td width=\"161\"><\/td>\n<\/tr>\n<\/tbody>\n<\/table>\n<p>&nbsp;<\/p>\n<p>Um den Nachmittagsbetreuungsdienst nutzen zu k\u00f6nnen, ist es notwendig, Ihre Kinder f\u00fcr mindestens drei Tage pro Woche bis 15:00 Uhr anzumelden. F\u00fcr die Anmeldung sind folgende Formulare auszuf\u00fcllen:<\/p>\n<p><a href=\"https:\/\/serviceportal.hamburg.de\/HamburgGateway\/Service\/Entry\/GANZTAG\">Flyer-GANZTAG<\/a><\/p>\n<ul>\n<li>einen Vertrag f\u00fcr die Erstregistrierung:<\/li>\n<\/ul>\n<p><a href=\"https:\/\/kiju-hamburg.de\/wp-content\/uploads\/2023\/02\/Vertrag_DOe_23_24_mitAnlagen_interaktiv.pdf\">Kiju-Betreuungsvertrag<\/a><\/p>\n<p>einen Vertrag f\u00fcr die darauffolgenden Jahre:<\/p>\n<p><a href=\"https:\/\/kiju-hamburg.de\/wp-content\/uploads\/2023\/02\/Folgevertrag_DOe_2023_24_interaktiv.pdf\">Kiju-Folgevertrag<\/a><\/p>\n<ul>\n<li>Um sich f\u00fcr das Mittagessen anzumelden, verwenden Sie diesen Link:<\/li>\n<\/ul>\n<p><a href=\"https:\/\/account.sams-on.de\/authentication\/register\">Anmeldung Mittagessen<\/a><\/p>\n<p>Um sprachliche Unterst\u00fctzung f\u00fcr das Ausf\u00fcllen der Formulare zu bekommen, k\u00f6nnen Sie eine kurze Anfrage an folgende email senden:<\/p>\n<p><a href=\"mailto:doehrnstrasse@etv-hamburg.de\">doehrnstrasse@etv-hamburg.de<\/a>.<\/p>\n<p>Dar\u00fcber hinaus bietet die Stadt Hamburg auch eine\u00a0Hotline zum Ausf\u00fcllen\u00a0unter der Telefonnummer\u00a0040-428 28 4444\u00a0an, die t\u00e4glich von 07:00 bis 19:00 Uhr erreichbar ist.<\/p>\n<p>Es ist auch m\u00f6glich, Ihre Kinder vor Unterrichtsbeginn (von 6 bis 8 Uhr) und zwischen 16 und 18 Uhr in der Schule zu lassen. Diese Zeitspannen, die als &#8222;Randzeiten&#8220; bezeichnet werden, sind kostenpflichtig. Detailliertere Informationen zu den Kosten (die je nach Verm\u00f6genssituation der Familien variieren) erhalten Sie in den Brosch\u00fcren, die sowohl auf Deutsch und Englisch verf\u00fcgbar sind:<\/p>\n<p><a href=\"https:\/\/www.hamburg.de\/contentblob\/3371642\/5313a06f59012dc7f26178899c8890c0\/data\/info-flyer-zu-gbs.pdf\">Flyer-Ganztag<\/a><\/p>\n<p><a href=\"https:\/\/www.hamburg.de\/contentblob\/15732836\/e554cdf55611c4bd66fa98c9a4e399b3\/data\/faltblattengl.pdf\">Faltblatt-Englisch-Flyer<\/a><\/p>\n<p>Das Personal von ETV-Kiju bietet auch eine Vielzahl von Aktivit\u00e4ten w\u00e4hrend der Schulferien an, wobei die M\u00f6glichkeit besteht, die Kinder von 6 bis 18 Uhr in der Schule zu lassen. Es ist auch m\u00f6glich, Wochen mit sportlichen Aktivit\u00e4ten wie Fu\u00dfball und Reiten zu buchen, die au\u00dferhalb der Schule stattfinden. Alle Aktivit\u00e4ten w\u00e4hrend der Schulferien sind kostenpflichtig. Weitere Informationen zu den Kosten erhalten Sie in der Brosch\u00fcre.<\/p>\n<p>&nbsp;<\/p>\n","protected":false},"excerpt":{"rendered":"<p>Die Nachmittagsbetreuung Die Schule bietet eine Nachmittagsbetreuung an, die von ETV \u2013 Kiju (ETV Kinder und Jugendf\u00f6rderung gGmbH) geleitet wird. ETV-Kiju ist seit 2012 Partner der Schule D\u00f6hrnstra\u00dfe und begleitet die Kinder am Nachmittag mit p\u00e4dagogischem Fachpersonal. Die Betreuung umfasst das Mittagessen, die Lernphasen, und die angeleiteten Aktivit\u00e4ten in Kursen und freien Spielphasen. Dieser Dienst &hellip; <\/p>\n<p class=\"link-more\"><a href=\"https:\/\/schule-doehrnstrasse.hamburg.de\/?page_id=6950\" class=\"more-link\"><span class=\"screen-reader-text\">\u201eGanztagsbetreuung\u201c <\/span>weiterlesen<\/a><\/p>\n","protected":false},"author":2199,"featured_media":0,"parent":0,"menu_order":0,"comment_status":"closed","ping_status":"closed","template":"","meta":{"_acf_changed":false,"footnotes":""},"class_list":["post-6950","page","type-page","status-publish","hentry"],"acf":[],"_links":{"self":[{"href":"https:\/\/schule-doehrnstrasse.hamburg.de\/index.php?rest_route=\/wp\/v2\/pages\/6950","targetHints":{"allow":["GET"]}}],"collection":[{"href":"https:\/\/schule-doehrnstrasse.hamburg.de\/index.php?rest_route=\/wp\/v2\/pages"}],"about":[{"href":"https:\/\/schule-doehrnstrasse.hamburg.de\/index.php?rest_route=\/wp\/v2\/types\/page"}],"author":[{"embeddable":true,"href":"https:\/\/schule-doehrnstrasse.hamburg.de\/index.php?rest_route=\/wp\/v2\/users\/2199"}],"replies":[{"embeddable":true,"href":"https:\/\/schule-doehrnstrasse.hamburg.de\/index.php?rest_route=%2Fwp%2Fv2%2Fcomments&post=6950"}],"version-history":[{"count":2,"href":"https:\/\/schule-doehrnstrasse.hamburg.de\/index.php?rest_route=\/wp\/v2\/pages\/6950\/revisions"}],"predecessor-version":[{"id":6955,"href":"https:\/\/schule-doehrnstrasse.hamburg.de\/index.php?rest_route=\/wp\/v2\/pages\/6950\/revisions\/6955"}],"wp:attachment":[{"href":"https:\/\/schule-doehrnstrasse.hamburg.de\/index.php?rest_route=%2Fwp%2Fv2%2Fmedia&parent=6950"}],"curies":[{"name":"wp","href":"https:\/\/api.w.org\/{rel}","templated":true}]}}