{"id":6941,"date":"2025-07-20T18:22:13","date_gmt":"2025-07-20T16:22:13","guid":{"rendered":"https:\/\/schule-doehrnstrasse.hamburg.de\/?page_id=6941"},"modified":"2025-07-20T18:35:08","modified_gmt":"2025-07-20T16:35:08","slug":"unsere-kooperationen","status":"publish","type":"page","link":"https:\/\/schule-doehrnstrasse.hamburg.de\/?page_id=6941","title":{"rendered":"Unsere Kooperationen"},"content":{"rendered":"<p><strong>Unsere Schule ist eine Erasmus-Austauschschule<\/strong><\/p>\n<p>Im Laufe des Schuljahres empfangen wir Lehrkr\u00e4fte und Delegationen aus verschiedenen europ\u00e4ischen Schulen, die daran interessiert sind, unser bilinguales (Italienisch\/Deutsch) Modell und unsere Unterrichtsmethoden kennenzulernen.<\/p>\n<p>W\u00e4hrend ihres Aufenthalts haben unsere Austausch-Kolleginnen und -Kollegen die M\u00f6glichkeit:<\/p>\n<ul>\n<li>bilinguale Unterrichtsstunden direkt im Klassenzimmer zu beobachten<\/li>\n<li>sich mit unseren Lehrkr\u00e4ften \u00fcber bew\u00e4hrte p\u00e4dagogische Praktiken auszutauschen<\/li>\n<li>an Workshops, p\u00e4dagogischen Treffen und interkulturellen Aktivit\u00e4ten teilzunehmen<\/li>\n<\/ul>\n<p>Diese Austausche erm\u00f6glichen es uns,\u00a0internationale Netzwerke zu st\u00e4rken\u00a0und unseren Sch\u00fclerinnen und Sch\u00fclern ein\u00a0Lernumfeld zu bieten, das immer mehr f\u00fcr die Welt ge\u00f6ffnet ist.<\/p>\n<p>&nbsp;<\/p>\n<p><strong>Istituto Italiano di cultura di Amburgo<\/strong><\/p>\n<p>Das italienische Kulturinstitut in Hamburg<\/p>\n<p><a href=\"https:\/\/iicamburgo.esteri.it\/de\/\">https:\/\/iicamburgo.esteri.it\/de\/<\/a><\/p>\n<p>&nbsp;<\/p>\n<p><strong>Consolato Generale d\u2019Italia ad Hannover<\/strong><\/p>\n<p><a href=\"https:\/\/conshannover.esteri.it\/de\/\">https:\/\/conshannover.esteri.it\/de\/<\/a><\/p>\n<p>&nbsp;<\/p>\n<p><strong>Comitato di Assistenza Scolastica Italiana di Hannover (co.asc.it)<\/strong><\/p>\n<p><a href=\"https:\/\/coasscithannover.de\/it\/#:~:text=di%20Hannover%20\u00e8%20parte%20del,Ambasciata%20d'Italia%20di%20Berlino\">https:\/\/coasscithannover.de\/it\/#:~:text=di%20Hannover%20\u00e8%20parte%20del,Ambasciata%20d&#8217;Italia%20di%20Berlino<\/a><\/p>\n<p>Das Co.As.Sc.It. Hannover ist eine der Tr\u00e4gerorganisationen in Deutschland, die vom italienischen Ministerium f\u00fcr ausw\u00e4rtige Angelegenheiten und internationale Zusammenarbeit finanziert werden.<\/p>\n<p>Das Co.As.Sc.It. Hannover ist Teil eines Netzwerks von Einrichtungen und Institutionen in Deutschland, die die italienische Gemeinschaft unterst\u00fctzen. Zu diesem Zweck arbeitet die Organisation eng mit dem\u00a0Generalkonsulat von Italien in Hannover\u00a0und dem\u00a0Schulb\u00fcro der italienischen Botschaft in Berlin\u00a0zusammen.<\/p>\n<p>Das Co.As.Sc.It. Hannover ist seit \u00fcber 30 Jahren in Deutschland t\u00e4tig und organisiert\u00a0Italienischsprachkurse\u00a0sowie\u00a0schulische F\u00f6rderkurse\u00a0auch in Hamburg.<\/p>\n<p>Das Co.As.Sc.It. Hannover unterst\u00fctzt Kinder und Jugendliche im schulpflichtigen Alter (6-18 Jahre) bei t\u00e4glichen Lernschwierigkeiten. Es werden t\u00e4glich am Nachmittag Treffen mit Lehrkr\u00e4ften organisiert, die die Sch\u00fcler in Einzelstunden in allen ben\u00f6tigten F\u00e4chern betreuen.<\/p>\n<p>Beitrag: 15 Euro\/Monat<\/p>\n<p>Ansprechpartnerin an unserer Schule: Frau Fiammetta Santucci<\/p>\n<p>Email: coasscit@t-online.de\u2028 Tel.: 0511 853934<br \/>\nTel: 0176 57929159<\/p>\n","protected":false},"excerpt":{"rendered":"<p>Unsere Schule ist eine Erasmus-Austauschschule Im Laufe des Schuljahres empfangen wir Lehrkr\u00e4fte und Delegationen aus verschiedenen europ\u00e4ischen Schulen, die daran interessiert sind, unser bilinguales (Italienisch\/Deutsch) Modell und unsere Unterrichtsmethoden kennenzulernen. W\u00e4hrend ihres Aufenthalts haben unsere Austausch-Kolleginnen und -Kollegen die M\u00f6glichkeit: bilinguale Unterrichtsstunden direkt im Klassenzimmer zu beobachten sich mit unseren Lehrkr\u00e4ften \u00fcber bew\u00e4hrte p\u00e4dagogische Praktiken &hellip; <\/p>\n<p class=\"link-more\"><a href=\"https:\/\/schule-doehrnstrasse.hamburg.de\/?page_id=6941\" class=\"more-link\"><span class=\"screen-reader-text\">\u201eUnsere Kooperationen\u201c <\/span>weiterlesen<\/a><\/p>\n","protected":false},"author":2199,"featured_media":0,"parent":0,"menu_order":0,"comment_status":"closed","ping_status":"closed","template":"","meta":{"_acf_changed":false,"footnotes":""},"class_list":["post-6941","page","type-page","status-publish","hentry"],"acf":[],"_links":{"self":[{"href":"https:\/\/schule-doehrnstrasse.hamburg.de\/index.php?rest_route=\/wp\/v2\/pages\/6941","targetHints":{"allow":["GET"]}}],"collection":[{"href":"https:\/\/schule-doehrnstrasse.hamburg.de\/index.php?rest_route=\/wp\/v2\/pages"}],"about":[{"href":"https:\/\/schule-doehrnstrasse.hamburg.de\/index.php?rest_route=\/wp\/v2\/types\/page"}],"author":[{"embeddable":true,"href":"https:\/\/schule-doehrnstrasse.hamburg.de\/index.php?rest_route=\/wp\/v2\/users\/2199"}],"replies":[{"embeddable":true,"href":"https:\/\/schule-doehrnstrasse.hamburg.de\/index.php?rest_route=%2Fwp%2Fv2%2Fcomments&post=6941"}],"version-history":[{"count":2,"href":"https:\/\/schule-doehrnstrasse.hamburg.de\/index.php?rest_route=\/wp\/v2\/pages\/6941\/revisions"}],"predecessor-version":[{"id":6957,"href":"https:\/\/schule-doehrnstrasse.hamburg.de\/index.php?rest_route=\/wp\/v2\/pages\/6941\/revisions\/6957"}],"wp:attachment":[{"href":"https:\/\/schule-doehrnstrasse.hamburg.de\/index.php?rest_route=%2Fwp%2Fv2%2Fmedia&parent=6941"}],"curies":[{"name":"wp","href":"https:\/\/api.w.org\/{rel}","templated":true}]}}