{"id":6936,"date":"2025-07-20T18:20:26","date_gmt":"2025-07-20T16:20:26","guid":{"rendered":"https:\/\/schule-doehrnstrasse.hamburg.de\/?page_id=6936"},"modified":"2025-07-20T18:50:12","modified_gmt":"2025-07-20T16:50:12","slug":"ganztagsbetreuung","status":"publish","type":"page","link":"https:\/\/schule-doehrnstrasse.hamburg.de\/?page_id=6936","title":{"rendered":"Unsere Nachmittagsprojekte"},"content":{"rendered":"<p>Die folgenden, vom italienischen Konsulat finanzierten Projekte stehen allen Kindern der Schule offen, sind aber besonders f\u00fcr die Kinder des zweisprachigen Zweigs geeignet.<\/p>\n<p><strong>COLORI-AMO! Kunstkurs auf Italienisch<\/strong><\/p>\n<p>Eine kreative Werkstatt geleitet von Nadia Malverti. Frau Malverti, die in Hamburg lebt und als K\u00fcnstlerin und Kinderbuchautorin t\u00e4tig ist, begleitet unsere Kinder in einem phantasievollen kreativen Prozess. Im Rahmen dieses Kurses k\u00f6nnen die Kinder malen, zeichnen, bauen und dabei ihr kreatives Potential durch die Kunst entdecken. Die Werkstatt COLORI-AMO ist auf Italienisch. Sowohl italienischsprechende als auch deutschsprechende Kinder k\u00f6nnen daran teilnehmen.<\/p>\n<p>&nbsp;<\/p>\n<p><strong>I<\/strong><strong>talienischer Kochkurs f\u00fcr Kinder.<\/strong><\/p>\n<p><strong>&#8222;WIE SCHMECKT ITALIEN? EINE KULINARISCHE UND SPRACHLICHE REISE F\u00dcR KLEINE K\u00dcCHENCHEFS &#8222;.<\/strong><\/p>\n<p><strong>\u00a0<\/strong>Hier haben junge K\u00f6che die Gelegenheit, in die italienische Kultur und K\u00fcche einzutauchen und auf interaktive und unterhaltsame Weise zu lernen, wie man k\u00f6stliche traditionelle Gerichte zubereitet.<\/p>\n<p>W\u00e4hrend des Kurses entwickeln die Kinder kulinarische F\u00e4higkeiten und verbessern gleichzeitig ihre italienischen Sprachkenntnisse. Jede Unterrichtsstunde ist ein einzigartiges kulinarisches und sprachliches Erlebnis, bei dem die Teilnehmer ihre Kreativit\u00e4t unter Beweis stellen und neue italienische W\u00f6rter und Redewendungen lernen.<\/p>\n<p>Dar\u00fcber hinaus f\u00f6rdert der Kurs den Austausch und die Freundschaft, indem er die Kinder dazu ermutigt, zusammenzuarbeiten, Ideen auszutauschen und die Freude am gemeinsamen Kochen und Essen zu sch\u00e4tzen. Am Ende jeder Unterrichtsstunde k\u00f6nnen die Teilnehmer die k\u00f6stlichen Gerichte, die sie gemeinsam zubereitet haben, genie\u00dfen und leckere Erinnerungen und neue Sprachkenntnisse mit nach Hause nehmen.<\/p>\n<div id=\"metaslider-id-6696\" style=\"width: 100%;\" class=\"ml-slider-3-107-0 metaslider metaslider-flex metaslider-6696 ml-slider has-dots-nav ms-theme-default-base\" role=\"region\" aria-label=\"New Slideshow\" data-height=\"700\" data-width=\"700\">\n    <div id=\"metaslider_container_6696\">\n        <div id=\"metaslider_6696\">\n            <ul class='slides'>\n                <li style=\"display: block; width: 100%;\" class=\"slide-6697 ms-image \" aria-roledescription=\"slide\" data-date=\"2024-12-10 14:21:33\" data-filename=\"Bild-1-Kochkurs_IT-scaled-700x700.jpg\" data-slide-type=\"image\"><img loading=\"lazy\" decoding=\"async\" src=\"https:\/\/schule-doehrnstrasse.hamburg.de\/wp-content\/uploads\/sites\/63\/2024\/11\/Bild-1-Kochkurs_IT-scaled-700x700.jpg\" height=\"700\" width=\"700\" alt=\"\" class=\"slider-6696 slide-6697 msDefaultImage\" title=\"Bild 1 Kochkurs_IT\" \/><div class=\"caption-wrap\"><div class=\"caption\"><span class=\"bsb-copyright-notice\">P.<\/span><\/div><\/div><\/li>\n                <li style=\"display: none; width: 100%;\" class=\"slide-6698 ms-image \" aria-roledescription=\"slide\" data-date=\"2024-12-10 14:21:33\" data-filename=\"Bild-5-Kochkurs-IT-scaled-700x700.jpg\" data-slide-type=\"image\"><img loading=\"lazy\" decoding=\"async\" src=\"https:\/\/schule-doehrnstrasse.hamburg.de\/wp-content\/uploads\/sites\/63\/2024\/11\/Bild-5-Kochkurs-IT-scaled-700x700.jpg\" height=\"700\" width=\"700\" alt=\"\" class=\"slider-6696 slide-6698 msDefaultImage\" title=\"Bild 5 Kochkurs IT\" \/><div class=\"caption-wrap\"><div class=\"caption\"><span class=\"bsb-copyright-notice\">P.<\/span><\/div><\/div><\/li>\n                <li style=\"display: none; width: 100%;\" class=\"slide-6699 ms-image \" aria-roledescription=\"slide\" data-date=\"2024-12-10 14:21:33\" data-filename=\"Bild-4_Kochkurs-IT-scaled-700x700.jpg\" data-slide-type=\"image\"><img loading=\"lazy\" decoding=\"async\" src=\"https:\/\/schule-doehrnstrasse.hamburg.de\/wp-content\/uploads\/sites\/63\/2024\/11\/Bild-4_Kochkurs-IT-scaled-700x700.jpg\" height=\"700\" width=\"700\" alt=\"\" class=\"slider-6696 slide-6699 msDefaultImage\" title=\"Bild 4_Kochkurs IT\" \/><div class=\"caption-wrap\"><div class=\"caption\"><span class=\"bsb-copyright-notice\">P.<\/span><\/div><\/div><\/li>\n                <li style=\"display: none; width: 100%;\" class=\"slide-6700 ms-image \" aria-roledescription=\"slide\" data-date=\"2024-12-10 14:21:33\" data-filename=\"Bild-3_Kochkurs-IT-1-700x700.jpg\" data-slide-type=\"image\"><img loading=\"lazy\" decoding=\"async\" src=\"https:\/\/schule-doehrnstrasse.hamburg.de\/wp-content\/uploads\/sites\/63\/2024\/11\/Bild-3_Kochkurs-IT-1-700x700.jpg\" height=\"700\" width=\"700\" alt=\"\" class=\"slider-6696 slide-6700 msDefaultImage\" title=\"Bild 3_Kochkurs IT\" \/><div class=\"caption-wrap\"><div class=\"caption\"><span class=\"bsb-copyright-notice\">P.<\/span><\/div><\/div><\/li>\n                <li style=\"display: none; width: 100%;\" class=\"slide-6701 ms-image \" aria-roledescription=\"slide\" data-date=\"2024-12-10 14:21:33\" data-filename=\"Bild-3_Kochkurs-IT-700x700.jpg\" data-slide-type=\"image\"><img loading=\"lazy\" decoding=\"async\" src=\"https:\/\/schule-doehrnstrasse.hamburg.de\/wp-content\/uploads\/sites\/63\/2024\/11\/Bild-3_Kochkurs-IT-700x700.jpg\" height=\"700\" width=\"700\" alt=\"\" class=\"slider-6696 slide-6701 msDefaultImage\" title=\"Bild 3_Kochkurs IT\" \/><div class=\"caption-wrap\"><div class=\"caption\"><span class=\"bsb-copyright-notice\">P.<\/span><\/div><\/div><\/li>\n                <li style=\"display: none; width: 100%;\" class=\"slide-6702 ms-image \" aria-roledescription=\"slide\" data-date=\"2024-12-10 14:21:33\" data-filename=\"Bild-2_Kochkurs-IT-scaled-700x700.jpg\" data-slide-type=\"image\"><img loading=\"lazy\" decoding=\"async\" src=\"https:\/\/schule-doehrnstrasse.hamburg.de\/wp-content\/uploads\/sites\/63\/2024\/11\/Bild-2_Kochkurs-IT-scaled-700x700.jpg\" height=\"700\" width=\"700\" alt=\"\" class=\"slider-6696 slide-6702 msDefaultImage\" title=\"Bild 2_Kochkurs IT\" \/><div class=\"caption-wrap\"><div class=\"caption\"><span class=\"bsb-copyright-notice\">P.<\/span><\/div><\/div><\/li>\n                <li style=\"display: none; width: 100%;\" class=\"slide-6710 ms-image \" aria-roledescription=\"slide\" data-date=\"2024-12-10 14:22:53\" data-filename=\"IMG_5277-rotated-700x700.jpg\" data-slide-type=\"image\"><img loading=\"lazy\" decoding=\"async\" src=\"https:\/\/schule-doehrnstrasse.hamburg.de\/wp-content\/uploads\/sites\/63\/2024\/12\/IMG_5277-rotated-700x700.jpg\" height=\"700\" width=\"700\" alt=\"\" class=\"slider-6696 slide-6710 msDefaultImage\" title=\"IMG_5277\" \/><\/li>\n                <li style=\"display: none; width: 100%;\" class=\"slide-6711 ms-image \" aria-roledescription=\"slide\" data-date=\"2024-12-10 14:22:53\" data-filename=\"IMG_5360-rotated-700x700.jpg\" data-slide-type=\"image\"><img loading=\"lazy\" decoding=\"async\" src=\"https:\/\/schule-doehrnstrasse.hamburg.de\/wp-content\/uploads\/sites\/63\/2024\/12\/IMG_5360-rotated-700x700.jpg\" height=\"700\" width=\"700\" alt=\"\" class=\"slider-6696 slide-6711 msDefaultImage\" title=\"IMG_5360\" \/><\/li>\n                <li style=\"display: none; width: 100%;\" class=\"slide-6712 ms-image \" aria-roledescription=\"slide\" data-date=\"2024-12-10 14:22:53\" data-filename=\"IMG_5596-700x700.jpg\" data-slide-type=\"image\"><img loading=\"lazy\" decoding=\"async\" src=\"https:\/\/schule-doehrnstrasse.hamburg.de\/wp-content\/uploads\/sites\/63\/2024\/12\/IMG_5596-700x700.jpg\" height=\"700\" width=\"700\" alt=\"\" class=\"slider-6696 slide-6712 msDefaultImage\" title=\"IMG_5596\" \/><\/li>\n                <li style=\"display: none; width: 100%;\" class=\"slide-6713 ms-image \" aria-roledescription=\"slide\" data-date=\"2024-12-10 14:22:53\" data-filename=\"IMG_5769-700x700.jpg\" data-slide-type=\"image\"><img loading=\"lazy\" decoding=\"async\" src=\"https:\/\/schule-doehrnstrasse.hamburg.de\/wp-content\/uploads\/sites\/63\/2024\/12\/IMG_5769-700x700.jpg\" height=\"700\" width=\"700\" alt=\"\" class=\"slider-6696 slide-6713 msDefaultImage\" title=\"IMG_5769\" \/><\/li>\n                <li style=\"display: none; width: 100%;\" class=\"slide-6714 ms-image \" aria-roledescription=\"slide\" data-date=\"2024-12-10 14:22:53\" data-filename=\"IMG_5781-rotated-700x700.jpg\" data-slide-type=\"image\"><img loading=\"lazy\" decoding=\"async\" src=\"https:\/\/schule-doehrnstrasse.hamburg.de\/wp-content\/uploads\/sites\/63\/2024\/12\/IMG_5781-rotated-700x700.jpg\" height=\"700\" width=\"700\" alt=\"\" class=\"slider-6696 slide-6714 msDefaultImage\" title=\"IMG_5781\" \/><\/li>\n                <li style=\"display: none; width: 100%;\" class=\"slide-6715 ms-image \" aria-roledescription=\"slide\" data-date=\"2024-12-10 14:22:53\" data-filename=\"IMG_5782-rotated-700x700.jpg\" data-slide-type=\"image\"><img loading=\"lazy\" decoding=\"async\" src=\"https:\/\/schule-doehrnstrasse.hamburg.de\/wp-content\/uploads\/sites\/63\/2024\/12\/IMG_5782-rotated-700x700.jpg\" height=\"700\" width=\"700\" alt=\"\" class=\"slider-6696 slide-6715 msDefaultImage\" title=\"IMG_5782\" \/><\/li>\n                <li style=\"display: none; width: 100%;\" class=\"slide-6716 ms-image \" aria-roledescription=\"slide\" data-date=\"2024-12-10 14:22:53\" data-filename=\"IMG_5787-700x700.jpg\" data-slide-type=\"image\"><img loading=\"lazy\" decoding=\"async\" src=\"https:\/\/schule-doehrnstrasse.hamburg.de\/wp-content\/uploads\/sites\/63\/2024\/12\/IMG_5787-700x700.jpg\" height=\"700\" width=\"700\" alt=\"\" class=\"slider-6696 slide-6716 msDefaultImage\" title=\"IMG_5787\" \/><\/li>\n            <\/ul>\n        <\/div>\n        \n    <\/div>\n<\/div>\n<p>&nbsp;<\/p>\n","protected":false},"excerpt":{"rendered":"<p>Die folgenden, vom italienischen Konsulat finanzierten Projekte stehen allen Kindern der Schule offen, sind aber besonders f\u00fcr die Kinder des zweisprachigen Zweigs geeignet. COLORI-AMO! Kunstkurs auf Italienisch Eine kreative Werkstatt geleitet von Nadia Malverti. Frau Malverti, die in Hamburg lebt und als K\u00fcnstlerin und Kinderbuchautorin t\u00e4tig ist, begleitet unsere Kinder in einem phantasievollen kreativen Prozess. &hellip; <\/p>\n<p class=\"link-more\"><a href=\"https:\/\/schule-doehrnstrasse.hamburg.de\/?page_id=6936\" class=\"more-link\"><span class=\"screen-reader-text\">\u201eUnsere Nachmittagsprojekte\u201c <\/span>weiterlesen<\/a><\/p>\n","protected":false},"author":2199,"featured_media":0,"parent":0,"menu_order":0,"comment_status":"closed","ping_status":"closed","template":"","meta":{"_acf_changed":false,"footnotes":""},"class_list":["post-6936","page","type-page","status-publish","hentry"],"acf":[],"_links":{"self":[{"href":"https:\/\/schule-doehrnstrasse.hamburg.de\/index.php?rest_route=\/wp\/v2\/pages\/6936","targetHints":{"allow":["GET"]}}],"collection":[{"href":"https:\/\/schule-doehrnstrasse.hamburg.de\/index.php?rest_route=\/wp\/v2\/pages"}],"about":[{"href":"https:\/\/schule-doehrnstrasse.hamburg.de\/index.php?rest_route=\/wp\/v2\/types\/page"}],"author":[{"embeddable":true,"href":"https:\/\/schule-doehrnstrasse.hamburg.de\/index.php?rest_route=\/wp\/v2\/users\/2199"}],"replies":[{"embeddable":true,"href":"https:\/\/schule-doehrnstrasse.hamburg.de\/index.php?rest_route=%2Fwp%2Fv2%2Fcomments&post=6936"}],"version-history":[{"count":3,"href":"https:\/\/schule-doehrnstrasse.hamburg.de\/index.php?rest_route=\/wp\/v2\/pages\/6936\/revisions"}],"predecessor-version":[{"id":6961,"href":"https:\/\/schule-doehrnstrasse.hamburg.de\/index.php?rest_route=\/wp\/v2\/pages\/6936\/revisions\/6961"}],"wp:attachment":[{"href":"https:\/\/schule-doehrnstrasse.hamburg.de\/index.php?rest_route=%2Fwp%2Fv2%2Fmedia&parent=6936"}],"curies":[{"name":"wp","href":"https:\/\/api.w.org\/{rel}","templated":true}]}}