{"id":6934,"date":"2025-07-20T18:20:04","date_gmt":"2025-07-20T16:20:04","guid":{"rendered":"https:\/\/schule-doehrnstrasse.hamburg.de\/?page_id=6934"},"modified":"2025-07-20T18:28:06","modified_gmt":"2025-07-20T16:28:06","slug":"unsere-vorschulklassen","status":"publish","type":"page","link":"https:\/\/schule-doehrnstrasse.hamburg.de\/?page_id=6934","title":{"rendered":"Unsere Vorschulklassen"},"content":{"rendered":"<p>Die Vorschule bietet Kindern eine gezielte Vorbereitung auf zuk\u00fcnftige Lernbed\u00fcrfnisse in der ersten Klasse.<\/p>\n<p>Organisatorisch sind die zwei Vorschulklassen vollst\u00e4ndig in unsere Ganztagsschule integriert.<\/p>\n<p>Dank zwei Stunden w\u00f6chentlichen Unterrichts k\u00f6nnen auch Kinder ohne Vorkenntnisse mit einer italienischen Lehrkraft in der Fremdsprache spielen, singen und sprechen lernen.<\/p>\n<p>Vorschulkinder sind mit unseren LehrerInnen von 8:00 bis 13:00 Uhr mit Unterrichtsaktivit\u00e4ten besch\u00e4ftigt. F\u00fcr alle Kinder, die nicht ganzt\u00e4gig teilnehmen, endet der Schultag um 13.00 Uhr.<\/p>\n<p>Vollzeit teilnehmende Kinder k\u00f6nnen von 6.00 bis 8.00 Uhr betreut werden, in unserer Kantine zu Mittag essen und dann bis 16.00 oder 18.00 Uhr an anderen Aktivit\u00e4ten teilnehmen.<\/p>\n<p>Dar\u00fcber hinaus wird auf Wunsch eine Kinderbetreuung in den Ferien von 6:00 bis 18:00 Uhr gew\u00e4hrleistet \u2013 (weitere Informationen siehe \u201eNachmittagsbetreuung\u201c).<\/p>\n<p><a href=\"https:\/\/schule-doehrnstrasse.hamburg.de\/?page_id=5551\">DOPOSCUOLA \/ Ganztagsbetreuung<\/a><\/p>\n<p>Die Vorschulklassen werden von Frau Bordes (VSKA)\u00a0 \u00a0 \u00a0 \u00a0 \u00a0 \u00a0 \u00a0 \u00a0 \u00a0 \u00a0 \u00a0 \u00a0 \u00a0 \u00a0 \u00a0 \u00a0 \u00a0 \u00a0 \u00a0 \u00a0 \u00a0 \u00a0 \u00a0 \u00a0 und Frau Mat Noor (VSK B)\u00a0 koordiniert.<\/p>\n","protected":false},"excerpt":{"rendered":"<p>Die Vorschule bietet Kindern eine gezielte Vorbereitung auf zuk\u00fcnftige Lernbed\u00fcrfnisse in der ersten Klasse. Organisatorisch sind die zwei Vorschulklassen vollst\u00e4ndig in unsere Ganztagsschule integriert. Dank zwei Stunden w\u00f6chentlichen Unterrichts k\u00f6nnen auch Kinder ohne Vorkenntnisse mit einer italienischen Lehrkraft in der Fremdsprache spielen, singen und sprechen lernen. Vorschulkinder sind mit unseren LehrerInnen von 8:00 bis 13:00 &hellip; <\/p>\n<p class=\"link-more\"><a href=\"https:\/\/schule-doehrnstrasse.hamburg.de\/?page_id=6934\" class=\"more-link\"><span class=\"screen-reader-text\">\u201eUnsere Vorschulklassen\u201c <\/span>weiterlesen<\/a><\/p>\n","protected":false},"author":2199,"featured_media":0,"parent":0,"menu_order":0,"comment_status":"closed","ping_status":"closed","template":"","meta":{"_acf_changed":false,"footnotes":""},"class_list":["post-6934","page","type-page","status-publish","hentry"],"acf":[],"_links":{"self":[{"href":"https:\/\/schule-doehrnstrasse.hamburg.de\/index.php?rest_route=\/wp\/v2\/pages\/6934","targetHints":{"allow":["GET"]}}],"collection":[{"href":"https:\/\/schule-doehrnstrasse.hamburg.de\/index.php?rest_route=\/wp\/v2\/pages"}],"about":[{"href":"https:\/\/schule-doehrnstrasse.hamburg.de\/index.php?rest_route=\/wp\/v2\/types\/page"}],"author":[{"embeddable":true,"href":"https:\/\/schule-doehrnstrasse.hamburg.de\/index.php?rest_route=\/wp\/v2\/users\/2199"}],"replies":[{"embeddable":true,"href":"https:\/\/schule-doehrnstrasse.hamburg.de\/index.php?rest_route=%2Fwp%2Fv2%2Fcomments&post=6934"}],"version-history":[{"count":2,"href":"https:\/\/schule-doehrnstrasse.hamburg.de\/index.php?rest_route=\/wp\/v2\/pages\/6934\/revisions"}],"predecessor-version":[{"id":6949,"href":"https:\/\/schule-doehrnstrasse.hamburg.de\/index.php?rest_route=\/wp\/v2\/pages\/6934\/revisions\/6949"}],"wp:attachment":[{"href":"https:\/\/schule-doehrnstrasse.hamburg.de\/index.php?rest_route=%2Fwp%2Fv2%2Fmedia&parent=6934"}],"curies":[{"name":"wp","href":"https:\/\/api.w.org\/{rel}","templated":true}]}}