{"id":6914,"date":"2025-07-20T17:51:25","date_gmt":"2025-07-20T15:51:25","guid":{"rendered":"https:\/\/schule-doehrnstrasse.hamburg.de\/?page_id=6914"},"modified":"2025-07-20T18:13:03","modified_gmt":"2025-07-20T16:13:03","slug":"anmeldung-an-unsere-schule","status":"publish","type":"page","link":"https:\/\/schule-doehrnstrasse.hamburg.de\/?page_id=6914","title":{"rendered":"Anmeldung an unsere Schule"},"content":{"rendered":"<p><strong>Anmeldung f\u00fcr zuk\u00fcnftige Erstkl\u00e4ssler:<\/strong><\/p>\n<p>Die \u201eDeutsch-Italienische Grundschule\u201c startet jedes Schuljahr mit voraussichtlich einer Klasse der Jahrgangsstufe 1 f\u00fcr bis zu 24 Schulanf\u00e4ngerinnen und -anf\u00e4nger.<\/p>\n<p>In der Bili-Klasse werden sowohl italienischsprachige Kinder als auch Kinder ohne Vorkenntnisse der italienischen Sprache aufgenommen.<\/p>\n<p>Ihr Kind ist immer willkommen, egal ob Sie im Stadtteil wohnen oder nicht. Die Anmeldung erfolgt \u00fcber die f\u00fcr den jeweiligen Bezirk zust\u00e4ndige Grundschule.<\/p>\n<p>Wir empfehlen Ihnen jedoch, sich auch direkt an unsere Schule zu wenden.<\/p>\n<p><a href=\"http:\/\/schule-doehrnstra\u00dfe@bsb.hamburg.de\">schule-doehrnstra\u00dfe@bsb.hamburg.de<\/a><\/p>\n<p>Bei Fragen zur Anmeldung wenden Sie sich bitte an die folgende Adresse:<br \/>\n<a href=\"mailto:annastella.marcianesi@doehrn.hamburg.de\">annastella.marcianesi@doehrn.hamburg.de<\/a><\/p>\n<p><strong>Anmeldung f\u00fcr die Vorschule:<\/strong><\/p>\n<p>Unabh\u00e4ngig davon, ob Sie im Stadtteil wohnen oder nicht, k\u00f6nnen Sie Ihr Kind in der Vorschule anmelden.<\/p>\n","protected":false},"excerpt":{"rendered":"<p>Anmeldung f\u00fcr zuk\u00fcnftige Erstkl\u00e4ssler: Die \u201eDeutsch-Italienische Grundschule\u201c startet jedes Schuljahr mit voraussichtlich einer Klasse der Jahrgangsstufe 1 f\u00fcr bis zu 24 Schulanf\u00e4ngerinnen und -anf\u00e4nger. In der Bili-Klasse werden sowohl italienischsprachige Kinder als auch Kinder ohne Vorkenntnisse der italienischen Sprache aufgenommen. Ihr Kind ist immer willkommen, egal ob Sie im Stadtteil wohnen oder nicht. Die Anmeldung &hellip; <\/p>\n<p class=\"link-more\"><a href=\"https:\/\/schule-doehrnstrasse.hamburg.de\/?page_id=6914\" class=\"more-link\"><span class=\"screen-reader-text\">\u201eAnmeldung an unsere Schule\u201c <\/span>weiterlesen<\/a><\/p>\n","protected":false},"author":2199,"featured_media":0,"parent":0,"menu_order":0,"comment_status":"closed","ping_status":"closed","template":"","meta":{"_acf_changed":false,"footnotes":""},"class_list":["post-6914","page","type-page","status-publish","hentry"],"acf":[],"_links":{"self":[{"href":"https:\/\/schule-doehrnstrasse.hamburg.de\/index.php?rest_route=\/wp\/v2\/pages\/6914","targetHints":{"allow":["GET"]}}],"collection":[{"href":"https:\/\/schule-doehrnstrasse.hamburg.de\/index.php?rest_route=\/wp\/v2\/pages"}],"about":[{"href":"https:\/\/schule-doehrnstrasse.hamburg.de\/index.php?rest_route=\/wp\/v2\/types\/page"}],"author":[{"embeddable":true,"href":"https:\/\/schule-doehrnstrasse.hamburg.de\/index.php?rest_route=\/wp\/v2\/users\/2199"}],"replies":[{"embeddable":true,"href":"https:\/\/schule-doehrnstrasse.hamburg.de\/index.php?rest_route=%2Fwp%2Fv2%2Fcomments&post=6914"}],"version-history":[{"count":2,"href":"https:\/\/schule-doehrnstrasse.hamburg.de\/index.php?rest_route=\/wp\/v2\/pages\/6914\/revisions"}],"predecessor-version":[{"id":6931,"href":"https:\/\/schule-doehrnstrasse.hamburg.de\/index.php?rest_route=\/wp\/v2\/pages\/6914\/revisions\/6931"}],"wp:attachment":[{"href":"https:\/\/schule-doehrnstrasse.hamburg.de\/index.php?rest_route=%2Fwp%2Fv2%2Fmedia&parent=6914"}],"curies":[{"name":"wp","href":"https:\/\/api.w.org\/{rel}","templated":true}]}}