{"id":6912,"date":"2025-07-20T17:51:05","date_gmt":"2025-07-20T15:51:05","guid":{"rendered":"https:\/\/schule-doehrnstrasse.hamburg.de\/?page_id=6912"},"modified":"2025-07-20T17:57:42","modified_gmt":"2025-07-20T15:57:42","slug":"unser-team","status":"publish","type":"page","link":"https:\/\/schule-doehrnstrasse.hamburg.de\/?page_id=6912","title":{"rendered":"Unser Team"},"content":{"rendered":"<p><strong>Annastella Marcianesi<\/strong><strong>\u00a0<\/strong><\/p>\n<p>Seit 2007 geh\u00f6rt Frau Marcianesi zum Lehrerkollegium der Schule.<\/p>\n<p>Im ersten Schritt \u00fcber das italienische Ministerium nach Deutschland gesandt, ist Frau Marcianesi seit 2016 fest in den deutschen Schuldienst eingegliedert.<\/p>\n<p>Aktuell ist sie die Koordinatorin des bilingualen Zweigs an der Grundschule D\u00f6hrnstra\u00dfe.<\/p>\n<p>Neben dem Unterricht in Italienisch, bilingualem Sachunterricht und Mathematik, widmet sich Frau Marcianesi mit Leidenschaft dem Musikunterricht. Sie leitet seit September 2024 zusammen mit Frau Vucovic (Jugendmusikschule) den bilingualen Schulchor der Grundschule D\u00f6hrnstra\u00dfe.<\/p>\n<p>&nbsp;<\/p>\n<p><strong>Marilena Mazz\u00e0<\/strong><\/p>\n<p>Frau Mazz\u00e0 geh\u00f6rt seit Oktober 2022 zum Lehrerkollegium der Schule D\u00f6hrnstra\u00dfe als Ministeriallehrerin des italienischen Ministeriums.<\/p>\n<p>Frau Mazz\u00e0 konnte eine langj\u00e4hrige didaktische Erfahrung an bilingualen Schulen in S\u00fcdtirol sammeln und widmet sich mit Begeisterung nicht nur dem Italienischunterricht, sondern auch dem Sach-, Kunst- und\u00a0 Informatik-unterricht. An unserer Schule leitet Frau Mazz\u00e0 viele spannende Projekte.<\/p>\n<p><a href=\"https:\/\/schule-doehrnstrasse.hamburg.de\/?page_id=6844\">I NOSTRI PROGETTI POMERIDIANI \/ Unsere Nachmittagsprojekte<\/a><\/p>\n<p><strong>Martina Zennaro<\/strong><\/p>\n<p>Martina Zannaro arbeitet seit 2013 sowohl als Nachmittagsbetreuerin an unserer Grundschule als auch als Erzieherin in einem nahegelegenen Kindergarten. Dank ihrer didaktischen Ausbildung und ihrer p\u00e4dagogischen Erfahrung, unterrichtet Frau Zennaro Italienisch in den Vorschulklassen.<\/p>\n<p>&nbsp;<\/p>\n","protected":false},"excerpt":{"rendered":"<p>Annastella Marcianesi\u00a0 Seit 2007 geh\u00f6rt Frau Marcianesi zum Lehrerkollegium der Schule. Im ersten Schritt \u00fcber das italienische Ministerium nach Deutschland gesandt, ist Frau Marcianesi seit 2016 fest in den deutschen Schuldienst eingegliedert. Aktuell ist sie die Koordinatorin des bilingualen Zweigs an der Grundschule D\u00f6hrnstra\u00dfe. Neben dem Unterricht in Italienisch, bilingualem Sachunterricht und Mathematik, widmet sich &hellip; <\/p>\n<p class=\"link-more\"><a href=\"https:\/\/schule-doehrnstrasse.hamburg.de\/?page_id=6912\" class=\"more-link\"><span class=\"screen-reader-text\">\u201eUnser Team\u201c <\/span>weiterlesen<\/a><\/p>\n","protected":false},"author":2199,"featured_media":0,"parent":0,"menu_order":0,"comment_status":"closed","ping_status":"closed","template":"","meta":{"_acf_changed":false,"footnotes":""},"class_list":["post-6912","page","type-page","status-publish","hentry"],"acf":[],"_links":{"self":[{"href":"https:\/\/schule-doehrnstrasse.hamburg.de\/index.php?rest_route=\/wp\/v2\/pages\/6912","targetHints":{"allow":["GET"]}}],"collection":[{"href":"https:\/\/schule-doehrnstrasse.hamburg.de\/index.php?rest_route=\/wp\/v2\/pages"}],"about":[{"href":"https:\/\/schule-doehrnstrasse.hamburg.de\/index.php?rest_route=\/wp\/v2\/types\/page"}],"author":[{"embeddable":true,"href":"https:\/\/schule-doehrnstrasse.hamburg.de\/index.php?rest_route=\/wp\/v2\/users\/2199"}],"replies":[{"embeddable":true,"href":"https:\/\/schule-doehrnstrasse.hamburg.de\/index.php?rest_route=%2Fwp%2Fv2%2Fcomments&post=6912"}],"version-history":[{"count":3,"href":"https:\/\/schule-doehrnstrasse.hamburg.de\/index.php?rest_route=\/wp\/v2\/pages\/6912\/revisions"}],"predecessor-version":[{"id":6922,"href":"https:\/\/schule-doehrnstrasse.hamburg.de\/index.php?rest_route=\/wp\/v2\/pages\/6912\/revisions\/6922"}],"wp:attachment":[{"href":"https:\/\/schule-doehrnstrasse.hamburg.de\/index.php?rest_route=%2Fwp%2Fv2%2Fmedia&parent=6912"}],"curies":[{"name":"wp","href":"https:\/\/api.w.org\/{rel}","templated":true}]}}