{"id":6910,"date":"2025-07-20T17:50:42","date_gmt":"2025-07-20T15:50:42","guid":{"rendered":"https:\/\/schule-doehrnstrasse.hamburg.de\/?page_id=6910"},"modified":"2025-07-20T18:00:27","modified_gmt":"2025-07-20T16:00:27","slug":"praxis-des-bilingualen-lernens","status":"publish","type":"page","link":"https:\/\/schule-doehrnstrasse.hamburg.de\/?page_id=6910","title":{"rendered":"Praxis des bilingualen Lernens"},"content":{"rendered":"<p>Die bilingualen Klassen bestehen zur H\u00e4lfte aus Kindern, die bereits Italienisch sprechen (\u201eItalienisch-K\u00f6nnern\u201c bzw. \u201eDie Experten\u201c), und zur H\u00e4lfte aus Kindern, die die Sprache neu erlernen (\u201eItalienisch-Lernende\u201c bzw. \u201eDie Lernenden\u201c). Dank der Mischung der beiden Gruppen, die sich gegenseitig unterst\u00fctzen und anregen, wird der Lernerfolg gesichert.<\/p>\n<p>In den Klassen des Bili-Zweigs werden die Kinder von einem bilingualen Team aus italienischen und deutschen Lehrkr\u00e4ften unterrichtet. Unsere Italienischlehrer*innen sind Muttersprachler*innen, sprechen aber auch flie\u00dfend Deutsch und verf\u00fcgen \u00fcber langj\u00e4hrige Erfahrung an italienischen Schulen. Unsere deutschen Klassenlehrer*innen sind selbstverst\u00e4ndlich fachlich ausgebildet und nehmen auch konstant an Weiterbildungen f\u00fcr Italienisch teil. Auf diese Art und Weise wird das Lehrpersonal zu einem sprachlichen Vorbild f\u00fcr die Kinder.<\/p>\n<p>Innerhalb der Klasse werden, durch Gesten und strukturierte Handlungen gemeinsame Rituale und Gewohnheiten geschaffen, die allen erlauben, die Sprache intuitiv zu erlernen. Der Schriftspracherwerb, die gleichzeitig in Deutsch und Italienisch erfolgt, wird am Ende des zweiten Schuljahres erfolgreich abgeschlossen.<\/p>\n<p>Der Italienischunterricht findet parallel zum Deutschunterricht immer in 3 w\u00f6chentlichen Bl\u00f6cken von je zwei Stunden statt. Die Klassen werden somit in zwei nach Niveau differenzierte Gruppen unterrichtet: W\u00e4hrend die eine Gruppe Italienisch lernt, ist die andere mit dem Deutschunterricht besch\u00e4ftigt. In der darauffolgenden Stunde, tauschen die Gruppen den Unterricht. Somit hat jeder Sch\u00fcler in seinem Stundenplan 3 Stunden Italienischunterricht pro Woche. Dank der Aufteilung, haben die Kinder die M\u00f6glichkeit, alle sprachlichen F\u00e4higkeiten aktiv und intensiv zu \u00fcben.<\/p>\n<p>In der Schulanfangszeit (im ersten Halbjahr der ersten Klasse) arbeiten die Sprachlehrer oft gemeinsam, ohne Gruppenteilung, um die Klassengemeinschaft zu st\u00e4rken und den Alphabetisierungsprozess zu erleichtern.<\/p>\n<p>Die im Sprachunterricht verwendeten Lehrb\u00fccher sind <strong>\u201eUn, due, Tre. Nuove storie\u201c<\/strong> f\u00fcr Italienisch und <strong>\u201eZebra\u201c<\/strong> f\u00fcr Deutsch.<\/p>\n<p>Auch die F\u00e4cher Naturwissenschaften, Geschichte, Geografie und Sozialkunde, die im sogenannten \u201eSachunterricht\u201c zusammengefasst sind, werden in beiden Partnersprachen Deutsch-Italienisch unterrichtet, und zwar f\u00fcr 3 Stunden pro Woche.<\/p>\n<p>Je nach Ausbildung der verf\u00fcgbaren Lehrkr\u00e4fte kann der bilinguale Unterricht auch in anderen F\u00e4chern angeboten werden (zum Beispiel Musik, Theater, Kunst&#8230;). Der Mathematikunterricht findet hingegen nur in deutscher Sprache statt. Wichtige mathematische Begriffe und Inhalte (wie die Zahlen, die Uhrzeit, der Kalender) werden auch im Rahmen des Italienischen Sprachunterrichts eingef\u00fchrt.<\/p>\n<p>Die Zweisprachigkeit der Schule wird auch durch die Nachmittagsangebote des zust\u00e4ndigen Tr\u00e4gers der Ganztagsbetreuung (GBS-Partner) gelebt.<\/p>\n<p>Zum einen gibt es viele Betreuer, die Italienisch sprechen.<\/p>\n<p><a href=\"https:\/\/schule-doehrnstrasse.hamburg.de\/?page_id=5551\">https:\/\/schule-doehrnstrasse.hamburg.de\/?page_id=5551<\/a><\/p>\n<p>Zum anderen, werden an unserer Schule auch Wahlkurse in italienischer Sprache angeboten. Darunter z\u00e4hlen der Forderkurs \u201eItalienisch f\u00fcr die Sch\u00fcler der Regelklassen\u201c aber auch Projektaktivit\u00e4ten, wie Schulpartnerschaften mit ausl\u00e4ndischen Klassen und die Vorbereitung auf die CILS-Zertifizierungen (Niveau A1 und A2). Diese au\u00dferschulischen Projekte finden in italienischer Sprache statt und werden vom italienischen Konsulat finanziert.<\/p>\n<p>&nbsp;<\/p>\n<p>&nbsp;<\/p>\n","protected":false},"excerpt":{"rendered":"<p>Die bilingualen Klassen bestehen zur H\u00e4lfte aus Kindern, die bereits Italienisch sprechen (\u201eItalienisch-K\u00f6nnern\u201c bzw. \u201eDie Experten\u201c), und zur H\u00e4lfte aus Kindern, die die Sprache neu erlernen (\u201eItalienisch-Lernende\u201c bzw. \u201eDie Lernenden\u201c). Dank der Mischung der beiden Gruppen, die sich gegenseitig unterst\u00fctzen und anregen, wird der Lernerfolg gesichert. In den Klassen des Bili-Zweigs werden die Kinder von &hellip; <\/p>\n<p class=\"link-more\"><a href=\"https:\/\/schule-doehrnstrasse.hamburg.de\/?page_id=6910\" class=\"more-link\"><span class=\"screen-reader-text\">\u201ePraxis des bilingualen Lernens\u201c <\/span>weiterlesen<\/a><\/p>\n","protected":false},"author":2199,"featured_media":0,"parent":0,"menu_order":0,"comment_status":"closed","ping_status":"closed","template":"","meta":{"_acf_changed":false,"footnotes":""},"class_list":["post-6910","page","type-page","status-publish","hentry"],"acf":[],"_links":{"self":[{"href":"https:\/\/schule-doehrnstrasse.hamburg.de\/index.php?rest_route=\/wp\/v2\/pages\/6910","targetHints":{"allow":["GET"]}}],"collection":[{"href":"https:\/\/schule-doehrnstrasse.hamburg.de\/index.php?rest_route=\/wp\/v2\/pages"}],"about":[{"href":"https:\/\/schule-doehrnstrasse.hamburg.de\/index.php?rest_route=\/wp\/v2\/types\/page"}],"author":[{"embeddable":true,"href":"https:\/\/schule-doehrnstrasse.hamburg.de\/index.php?rest_route=\/wp\/v2\/users\/2199"}],"replies":[{"embeddable":true,"href":"https:\/\/schule-doehrnstrasse.hamburg.de\/index.php?rest_route=%2Fwp%2Fv2%2Fcomments&post=6910"}],"version-history":[{"count":2,"href":"https:\/\/schule-doehrnstrasse.hamburg.de\/index.php?rest_route=\/wp\/v2\/pages\/6910\/revisions"}],"predecessor-version":[{"id":6925,"href":"https:\/\/schule-doehrnstrasse.hamburg.de\/index.php?rest_route=\/wp\/v2\/pages\/6910\/revisions\/6925"}],"wp:attachment":[{"href":"https:\/\/schule-doehrnstrasse.hamburg.de\/index.php?rest_route=%2Fwp%2Fv2%2Fmedia&parent=6910"}],"curies":[{"name":"wp","href":"https:\/\/api.w.org\/{rel}","templated":true}]}}