{"id":6908,"date":"2025-07-20T17:50:24","date_gmt":"2025-07-20T15:50:24","guid":{"rendered":"https:\/\/schule-doehrnstrasse.hamburg.de\/?page_id=6908"},"modified":"2025-07-20T18:11:12","modified_gmt":"2025-07-20T16:11:12","slug":"bilinguales-lernen","status":"publish","type":"page","link":"https:\/\/schule-doehrnstrasse.hamburg.de\/?page_id=6908","title":{"rendered":"Bilinguales Lernen"},"content":{"rendered":"<p>Der Bilinguale Unterricht ist seit Jahren wichtiger Bestandteil unseres Schulkonzeptes und wird auch in Zukunft eine der S\u00e4ulen unserer Schule sein.<\/p>\n<p>Er ist ein Kooperationsprojekt zwischen der Hamburger Beh\u00f6rde f\u00fcr Bildung und Sport und dem italienischen Au\u00dfenministerium, das auch die Finanzierung \u00fcbernimmt.<\/p>\n<p>Die zweisprachigen Klassen werden ebenso wie die Regelklassen nach den Rahmenrichtlinien und Bildungspl\u00e4nen f\u00fcr die Hamburger Grundschulen unterrichtet. So ist gew\u00e4hrleistet, dass die Kinder zum Beispiel wegen Umzugs ohne Schwierigkeiten in eine andere Schule wechseln k\u00f6nnen.<\/p>\n<p>Wir verstehen Sprache als eine der grundlegenden F\u00e4higkeiten des Menschen. Sie ist Schl\u00fcssel zum Selbstverst\u00e4ndnis und zur Identit\u00e4t, erm\u00f6glicht Kommunikation und soziale Integration. Sprache ist von grundlegender Wichtigkeit f\u00fcr s\u00e4mtliche Lernprozesse und damit f\u00fcr die aktive und umfassende Teilnahme an der Schul- und Arbeitswelt und f\u00fcr lebenslanges Lernen.<\/p>\n<p>Die F\u00f6rderung der Sprachkompetenzen (Erstsprache, Zweitsprache und Fremdsprachen) ist f\u00fcr uns ein elementares Bildungsziel. Unsere Schule m\u00f6chte dieses auf zwei Wegen erreichen: zum einen durch die Unterst\u00fctzung und Weiterentwicklung von Mehrsprachigkeit bei Kindern aus anderen Herkunftsl\u00e4ndern und zum anderen das fr\u00fche Sprachenlernen einsprachig aufgewachsener Kinder. Wir haben uns hierbei in unseren bilingualen Klassen auf die Herkunftssprache Italienisch konzentriert, die die Dominanz der deutschen Sprache als Unterrichtssprache in einigen Unterrichtsbereichen bricht und f\u00fcr die einsprachig deutschen Kinder die erste Fremdsprache darstellt.<\/p>\n<p>Englisch\u00a0wird in den bilingualen Klassen ab Jahrgang 2 zus\u00e4tzlich zum Italienischen unterrichtet.<\/p>\n<p>Wir sehen die Mehrsprachigkeit als Voraussetzung interkultureller Erziehung.<\/p>\n<p>Wir verfolgen mit dem fr\u00fchen Sprachenlernen folgende Ziele:<\/p>\n<ul>\n<li>\u00d8 Durch konsequente F\u00f6rderung ab Schulbeginn entwickeln die Sch\u00fcler und Sch\u00fclerinnen ihre Kompetenzen in der deutschen Sprache<\/li>\n<li>\u00d8 Die Sch\u00fclerinnen und Sch\u00fcler entwickeln Kompetenzen in ihrer Herkunftssprache Italienisch, unter besonderer Ber\u00fccksichtigung der kulturellen Aspekte<\/li>\n<li>\u00d8 Einsprachig deutsche Kinder f\u00f6rdern ihre Sprachkompetenzen durch das fr\u00fche Erlernen einer Fremdsprache, wahlweise Italienisch oder Englisch ab Klasse 2.<\/li>\n<\/ul>\n<p><a href=\"https:\/\/schule-doehrnstrasse.hamburg.de\/wp-content\/uploads\/sites\/63\/2025\/06\/Flyer-bilingual-deutsch.pdf\">Flyer bilingual deutsch<\/a><\/p>\n","protected":false},"excerpt":{"rendered":"<p>Der Bilinguale Unterricht ist seit Jahren wichtiger Bestandteil unseres Schulkonzeptes und wird auch in Zukunft eine der S\u00e4ulen unserer Schule sein. Er ist ein Kooperationsprojekt zwischen der Hamburger Beh\u00f6rde f\u00fcr Bildung und Sport und dem italienischen Au\u00dfenministerium, das auch die Finanzierung \u00fcbernimmt. Die zweisprachigen Klassen werden ebenso wie die Regelklassen nach den Rahmenrichtlinien und Bildungspl\u00e4nen &hellip; <\/p>\n<p class=\"link-more\"><a href=\"https:\/\/schule-doehrnstrasse.hamburg.de\/?page_id=6908\" class=\"more-link\"><span class=\"screen-reader-text\">\u201eBilinguales Lernen\u201c <\/span>weiterlesen<\/a><\/p>\n","protected":false},"author":2199,"featured_media":0,"parent":0,"menu_order":0,"comment_status":"closed","ping_status":"closed","template":"","meta":{"_acf_changed":false,"footnotes":""},"class_list":["post-6908","page","type-page","status-publish","hentry"],"acf":[],"_links":{"self":[{"href":"https:\/\/schule-doehrnstrasse.hamburg.de\/index.php?rest_route=\/wp\/v2\/pages\/6908","targetHints":{"allow":["GET"]}}],"collection":[{"href":"https:\/\/schule-doehrnstrasse.hamburg.de\/index.php?rest_route=\/wp\/v2\/pages"}],"about":[{"href":"https:\/\/schule-doehrnstrasse.hamburg.de\/index.php?rest_route=\/wp\/v2\/types\/page"}],"author":[{"embeddable":true,"href":"https:\/\/schule-doehrnstrasse.hamburg.de\/index.php?rest_route=\/wp\/v2\/users\/2199"}],"replies":[{"embeddable":true,"href":"https:\/\/schule-doehrnstrasse.hamburg.de\/index.php?rest_route=%2Fwp%2Fv2%2Fcomments&post=6908"}],"version-history":[{"count":2,"href":"https:\/\/schule-doehrnstrasse.hamburg.de\/index.php?rest_route=\/wp\/v2\/pages\/6908\/revisions"}],"predecessor-version":[{"id":6929,"href":"https:\/\/schule-doehrnstrasse.hamburg.de\/index.php?rest_route=\/wp\/v2\/pages\/6908\/revisions\/6929"}],"wp:attachment":[{"href":"https:\/\/schule-doehrnstrasse.hamburg.de\/index.php?rest_route=%2Fwp%2Fv2%2Fmedia&parent=6908"}],"curies":[{"name":"wp","href":"https:\/\/api.w.org\/{rel}","templated":true}]}}