{"id":6844,"date":"2025-06-25T16:24:59","date_gmt":"2025-06-25T14:24:59","guid":{"rendered":"https:\/\/schule-doehrnstrasse.hamburg.de\/?page_id=6844"},"modified":"2025-07-20T18:52:57","modified_gmt":"2025-07-20T16:52:57","slug":"i-nostri-progetti-pomeridiani-unsere-nachmittagsprojekte","status":"publish","type":"page","link":"https:\/\/schule-doehrnstrasse.hamburg.de\/?page_id=6844","title":{"rendered":"I nostri progetti pomeridiani"},"content":{"rendered":"<p>I seguenti progetti, finanziati dal Consolato italiano, sono aperti a tutti i bambini della scuola, ma particolarmente indicati per i bambini della sezione bilingue.<\/p>\n<p><strong>COLORI-AMO! Corso di educazione artistica in lingua italiana<\/strong><\/p>\n<p>Un laboratorio artistico guidato da Nadia Malverti, artista e autrice di storie per bambini attiva da lungo tempo ad Amburgo. Accompagnati dalla signora Malverti i bambini possono disegnare, colorare, costruire, scoprendo il loro potenziale creativo attraverso l\u2019arte. Il laboratorio COLORI-AMO \u00e8 in lingua italiana e vi possono partecipare tutti i bambini, sia che parlino l\u2019italiano o il tedesco.<\/p>\n<p>&nbsp;<\/p>\n<p><strong>Corso di cucina per bambini<\/strong><\/p>\n<p><strong>&#8222;GUSTIAMO L&#8217;ITALIA: UN VIAGGIO CULINARIO E LINGUISTICO PER PICCOLI CHEF&#8220;.<\/strong><\/p>\n<p>In questo corso i piccoli chef in erba hanno l&#8217;opportunit\u00e0 di immergersi nella cultura e nella cucina italiane mentre imparano a creare deliziosi piatti tradizionali in modo interattivo e divertente, guidati dalla signora Giovanna Monti.<\/p>\n<p>Durante il corso, i bambini sviluppano abilit\u00e0 culinarie fondamentali mentre migliorano le loro competenze linguistiche in lingua italiana. Ogni lezione \u00e8 un&#8217;esperienza culinaria unica, attraverso la quale i partecipanti possono mettere alla prova la loro creativit\u00e0, imparare nuove parole e frasi italiane e scoprire i piatti tipici di diverse regioni d\u2019Italia.<\/p>\n<p>Il corso promuove la condivisione e l&#8217;amicizia, incoraggiando i bambini a lavorare insieme, a condividere idee e ad apprezzare la gioia di cucinare e mangiare in compagnia. Alla fine di ogni lezione, i partecipanti gustano insieme i deliziosi piatti preparati e portano a casa ricordi gustosi e nuove conoscenze linguistiche.<\/p>\n<div id=\"metaslider-id-6696\" style=\"width: 100%;\" class=\"ml-slider-3-107-0 metaslider metaslider-flex metaslider-6696 ml-slider has-dots-nav ms-theme-default-base\" role=\"region\" aria-label=\"New Slideshow\" data-height=\"700\" data-width=\"700\">\n    <div id=\"metaslider_container_6696\">\n        <div id=\"metaslider_6696\">\n            <ul class='slides'>\n                <li style=\"display: block; width: 100%;\" class=\"slide-6697 ms-image \" aria-roledescription=\"slide\" data-date=\"2024-12-10 14:21:33\" data-filename=\"Bild-1-Kochkurs_IT-scaled-700x700.jpg\" data-slide-type=\"image\"><img loading=\"lazy\" decoding=\"async\" src=\"https:\/\/schule-doehrnstrasse.hamburg.de\/wp-content\/uploads\/sites\/63\/2024\/11\/Bild-1-Kochkurs_IT-scaled-700x700.jpg\" height=\"700\" width=\"700\" alt=\"\" class=\"slider-6696 slide-6697 msDefaultImage\" title=\"Bild 1 Kochkurs_IT\" \/><div class=\"caption-wrap\"><div class=\"caption\"><span class=\"bsb-copyright-notice\">P.<\/span><\/div><\/div><\/li>\n                <li style=\"display: none; width: 100%;\" class=\"slide-6698 ms-image \" aria-roledescription=\"slide\" data-date=\"2024-12-10 14:21:33\" data-filename=\"Bild-5-Kochkurs-IT-scaled-700x700.jpg\" data-slide-type=\"image\"><img loading=\"lazy\" decoding=\"async\" src=\"https:\/\/schule-doehrnstrasse.hamburg.de\/wp-content\/uploads\/sites\/63\/2024\/11\/Bild-5-Kochkurs-IT-scaled-700x700.jpg\" height=\"700\" width=\"700\" alt=\"\" class=\"slider-6696 slide-6698 msDefaultImage\" title=\"Bild 5 Kochkurs IT\" \/><div class=\"caption-wrap\"><div class=\"caption\"><span class=\"bsb-copyright-notice\">P.<\/span><\/div><\/div><\/li>\n                <li style=\"display: none; width: 100%;\" class=\"slide-6699 ms-image \" aria-roledescription=\"slide\" data-date=\"2024-12-10 14:21:33\" data-filename=\"Bild-4_Kochkurs-IT-scaled-700x700.jpg\" data-slide-type=\"image\"><img loading=\"lazy\" decoding=\"async\" src=\"https:\/\/schule-doehrnstrasse.hamburg.de\/wp-content\/uploads\/sites\/63\/2024\/11\/Bild-4_Kochkurs-IT-scaled-700x700.jpg\" height=\"700\" width=\"700\" alt=\"\" class=\"slider-6696 slide-6699 msDefaultImage\" title=\"Bild 4_Kochkurs IT\" \/><div class=\"caption-wrap\"><div class=\"caption\"><span class=\"bsb-copyright-notice\">P.<\/span><\/div><\/div><\/li>\n                <li style=\"display: none; width: 100%;\" class=\"slide-6700 ms-image \" aria-roledescription=\"slide\" data-date=\"2024-12-10 14:21:33\" data-filename=\"Bild-3_Kochkurs-IT-1-700x700.jpg\" data-slide-type=\"image\"><img loading=\"lazy\" decoding=\"async\" src=\"https:\/\/schule-doehrnstrasse.hamburg.de\/wp-content\/uploads\/sites\/63\/2024\/11\/Bild-3_Kochkurs-IT-1-700x700.jpg\" height=\"700\" width=\"700\" alt=\"\" class=\"slider-6696 slide-6700 msDefaultImage\" title=\"Bild 3_Kochkurs IT\" \/><div class=\"caption-wrap\"><div class=\"caption\"><span class=\"bsb-copyright-notice\">P.<\/span><\/div><\/div><\/li>\n                <li style=\"display: none; width: 100%;\" class=\"slide-6701 ms-image \" aria-roledescription=\"slide\" data-date=\"2024-12-10 14:21:33\" data-filename=\"Bild-3_Kochkurs-IT-700x700.jpg\" data-slide-type=\"image\"><img loading=\"lazy\" decoding=\"async\" src=\"https:\/\/schule-doehrnstrasse.hamburg.de\/wp-content\/uploads\/sites\/63\/2024\/11\/Bild-3_Kochkurs-IT-700x700.jpg\" height=\"700\" width=\"700\" alt=\"\" class=\"slider-6696 slide-6701 msDefaultImage\" title=\"Bild 3_Kochkurs IT\" \/><div class=\"caption-wrap\"><div class=\"caption\"><span class=\"bsb-copyright-notice\">P.<\/span><\/div><\/div><\/li>\n                <li style=\"display: none; width: 100%;\" class=\"slide-6702 ms-image \" aria-roledescription=\"slide\" data-date=\"2024-12-10 14:21:33\" data-filename=\"Bild-2_Kochkurs-IT-scaled-700x700.jpg\" data-slide-type=\"image\"><img loading=\"lazy\" decoding=\"async\" src=\"https:\/\/schule-doehrnstrasse.hamburg.de\/wp-content\/uploads\/sites\/63\/2024\/11\/Bild-2_Kochkurs-IT-scaled-700x700.jpg\" height=\"700\" width=\"700\" alt=\"\" class=\"slider-6696 slide-6702 msDefaultImage\" title=\"Bild 2_Kochkurs IT\" \/><div class=\"caption-wrap\"><div class=\"caption\"><span class=\"bsb-copyright-notice\">P.<\/span><\/div><\/div><\/li>\n                <li style=\"display: none; width: 100%;\" class=\"slide-6710 ms-image \" aria-roledescription=\"slide\" data-date=\"2024-12-10 14:22:53\" data-filename=\"IMG_5277-rotated-700x700.jpg\" data-slide-type=\"image\"><img loading=\"lazy\" decoding=\"async\" src=\"https:\/\/schule-doehrnstrasse.hamburg.de\/wp-content\/uploads\/sites\/63\/2024\/12\/IMG_5277-rotated-700x700.jpg\" height=\"700\" width=\"700\" alt=\"\" class=\"slider-6696 slide-6710 msDefaultImage\" title=\"IMG_5277\" \/><\/li>\n                <li style=\"display: none; width: 100%;\" class=\"slide-6711 ms-image \" aria-roledescription=\"slide\" data-date=\"2024-12-10 14:22:53\" data-filename=\"IMG_5360-rotated-700x700.jpg\" data-slide-type=\"image\"><img loading=\"lazy\" decoding=\"async\" src=\"https:\/\/schule-doehrnstrasse.hamburg.de\/wp-content\/uploads\/sites\/63\/2024\/12\/IMG_5360-rotated-700x700.jpg\" height=\"700\" width=\"700\" alt=\"\" class=\"slider-6696 slide-6711 msDefaultImage\" title=\"IMG_5360\" \/><\/li>\n                <li style=\"display: none; width: 100%;\" class=\"slide-6712 ms-image \" aria-roledescription=\"slide\" data-date=\"2024-12-10 14:22:53\" data-filename=\"IMG_5596-700x700.jpg\" data-slide-type=\"image\"><img loading=\"lazy\" decoding=\"async\" src=\"https:\/\/schule-doehrnstrasse.hamburg.de\/wp-content\/uploads\/sites\/63\/2024\/12\/IMG_5596-700x700.jpg\" height=\"700\" width=\"700\" alt=\"\" class=\"slider-6696 slide-6712 msDefaultImage\" title=\"IMG_5596\" \/><\/li>\n                <li style=\"display: none; width: 100%;\" class=\"slide-6713 ms-image \" aria-roledescription=\"slide\" data-date=\"2024-12-10 14:22:53\" data-filename=\"IMG_5769-700x700.jpg\" data-slide-type=\"image\"><img loading=\"lazy\" decoding=\"async\" src=\"https:\/\/schule-doehrnstrasse.hamburg.de\/wp-content\/uploads\/sites\/63\/2024\/12\/IMG_5769-700x700.jpg\" height=\"700\" width=\"700\" alt=\"\" class=\"slider-6696 slide-6713 msDefaultImage\" title=\"IMG_5769\" \/><\/li>\n                <li style=\"display: none; width: 100%;\" class=\"slide-6714 ms-image \" aria-roledescription=\"slide\" data-date=\"2024-12-10 14:22:53\" data-filename=\"IMG_5781-rotated-700x700.jpg\" data-slide-type=\"image\"><img loading=\"lazy\" decoding=\"async\" src=\"https:\/\/schule-doehrnstrasse.hamburg.de\/wp-content\/uploads\/sites\/63\/2024\/12\/IMG_5781-rotated-700x700.jpg\" height=\"700\" width=\"700\" alt=\"\" class=\"slider-6696 slide-6714 msDefaultImage\" title=\"IMG_5781\" \/><\/li>\n                <li style=\"display: none; width: 100%;\" class=\"slide-6715 ms-image \" aria-roledescription=\"slide\" data-date=\"2024-12-10 14:22:53\" data-filename=\"IMG_5782-rotated-700x700.jpg\" data-slide-type=\"image\"><img loading=\"lazy\" decoding=\"async\" src=\"https:\/\/schule-doehrnstrasse.hamburg.de\/wp-content\/uploads\/sites\/63\/2024\/12\/IMG_5782-rotated-700x700.jpg\" height=\"700\" width=\"700\" alt=\"\" class=\"slider-6696 slide-6715 msDefaultImage\" title=\"IMG_5782\" \/><\/li>\n                <li style=\"display: none; width: 100%;\" class=\"slide-6716 ms-image \" aria-roledescription=\"slide\" data-date=\"2024-12-10 14:22:53\" data-filename=\"IMG_5787-700x700.jpg\" data-slide-type=\"image\"><img loading=\"lazy\" decoding=\"async\" src=\"https:\/\/schule-doehrnstrasse.hamburg.de\/wp-content\/uploads\/sites\/63\/2024\/12\/IMG_5787-700x700.jpg\" height=\"700\" width=\"700\" alt=\"\" class=\"slider-6696 slide-6716 msDefaultImage\" title=\"IMG_5787\" \/><\/li>\n            <\/ul>\n        <\/div>\n        \n    <\/div>\n<\/div>\n<p>&nbsp;<\/p>\n","protected":false},"excerpt":{"rendered":"<p>I seguenti progetti, finanziati dal Consolato italiano, sono aperti a tutti i bambini della scuola, ma particolarmente indicati per i bambini della sezione bilingue. COLORI-AMO! Corso di educazione artistica in lingua italiana Un laboratorio artistico guidato da Nadia Malverti, artista e autrice di storie per bambini attiva da lungo tempo ad Amburgo. Accompagnati dalla signora &hellip; <\/p>\n<p class=\"link-more\"><a href=\"https:\/\/schule-doehrnstrasse.hamburg.de\/?page_id=6844\" class=\"more-link\"><span class=\"screen-reader-text\">\u201eI nostri progetti pomeridiani\u201c <\/span>weiterlesen<\/a><\/p>\n","protected":false},"author":2199,"featured_media":0,"parent":0,"menu_order":0,"comment_status":"closed","ping_status":"closed","template":"","meta":{"_acf_changed":false,"footnotes":""},"class_list":["post-6844","page","type-page","status-publish","hentry"],"acf":[],"_links":{"self":[{"href":"https:\/\/schule-doehrnstrasse.hamburg.de\/index.php?rest_route=\/wp\/v2\/pages\/6844","targetHints":{"allow":["GET"]}}],"collection":[{"href":"https:\/\/schule-doehrnstrasse.hamburg.de\/index.php?rest_route=\/wp\/v2\/pages"}],"about":[{"href":"https:\/\/schule-doehrnstrasse.hamburg.de\/index.php?rest_route=\/wp\/v2\/types\/page"}],"author":[{"embeddable":true,"href":"https:\/\/schule-doehrnstrasse.hamburg.de\/index.php?rest_route=\/wp\/v2\/users\/2199"}],"replies":[{"embeddable":true,"href":"https:\/\/schule-doehrnstrasse.hamburg.de\/index.php?rest_route=%2Fwp%2Fv2%2Fcomments&post=6844"}],"version-history":[{"count":6,"href":"https:\/\/schule-doehrnstrasse.hamburg.de\/index.php?rest_route=\/wp\/v2\/pages\/6844\/revisions"}],"predecessor-version":[{"id":6963,"href":"https:\/\/schule-doehrnstrasse.hamburg.de\/index.php?rest_route=\/wp\/v2\/pages\/6844\/revisions\/6963"}],"wp:attachment":[{"href":"https:\/\/schule-doehrnstrasse.hamburg.de\/index.php?rest_route=%2Fwp%2Fv2%2Fmedia&parent=6844"}],"curies":[{"name":"wp","href":"https:\/\/api.w.org\/{rel}","templated":true}]}}