{"id":6531,"date":"2024-11-14T08:36:02","date_gmt":"2024-11-14T06:36:02","guid":{"rendered":"https:\/\/schule-doehrnstrasse.hamburg.de\/?page_id=6531"},"modified":"2024-11-14T08:36:02","modified_gmt":"2024-11-14T06:36:02","slug":"italienisch-forderkurs","status":"publish","type":"page","link":"https:\/\/schule-doehrnstrasse.hamburg.de\/?page_id=6531","title":{"rendered":"Italienisch-Forderkurs"},"content":{"rendered":"<p><strong>Unser Italienisch-Forderkurs<\/strong><\/p>\n<p>Italienisch als Fremdsprache f\u00fcr Kinder der Regelklassen.<\/p>\n<p>Dem Prozess des interkulturellen Lernens treu, bietet die Grundschule D\u00f6hrnstra\u00dfe den Forderkurs \u201eItalienisch als Fremdsprache\u201c an. Einmal w\u00f6chentlich, begleitet von Frau Santucci, lernen besonders interessierte und begabte Kinder der Regelklassen die Grunds\u00e4tze der italienischen Sprache und Landeskunde.<\/p>\n<p>Im Rahmen des Kurses sollen sich die Kinder auf spielerische und interaktive Art und Weise einen Grundwortschatz aneignen und sehr schnell in der Lage sein, einfache italienische S\u00e4tze f\u00fcr Alltagssituationen zu verstehen und zu verwenden.<\/p>\n<p>Gleichzeitig werden, mit Geschichten, Liedern und k\u00fcnstlerischen Aktivit\u00e4ten das Interesse und die Wertsch\u00e4tzung f\u00fcr die italienische Kultur gef\u00f6rdert.<\/p>\n<p>Dieser Wahlkurs stellt f\u00fcr viele Kinder eine wichtige Gelegenheit dar, sich mit einer zweiten Fremdsprache auseinanderzusetzen und die ersten Eigenschaften einer romanischen Sprache kennenzulernen.<\/p>\n","protected":false},"excerpt":{"rendered":"<p>Unser Italienisch-Forderkurs Italienisch als Fremdsprache f\u00fcr Kinder der Regelklassen. Dem Prozess des interkulturellen Lernens treu, bietet die Grundschule D\u00f6hrnstra\u00dfe den Forderkurs \u201eItalienisch als Fremdsprache\u201c an. Einmal w\u00f6chentlich, begleitet von Frau Santucci, lernen besonders interessierte und begabte Kinder der Regelklassen die Grunds\u00e4tze der italienischen Sprache und Landeskunde. Im Rahmen des Kurses sollen sich die Kinder auf &hellip; <\/p>\n<p class=\"link-more\"><a href=\"https:\/\/schule-doehrnstrasse.hamburg.de\/?page_id=6531\" class=\"more-link\"><span class=\"screen-reader-text\">\u201eItalienisch-Forderkurs\u201c <\/span>weiterlesen<\/a><\/p>\n","protected":false},"author":1559,"featured_media":0,"parent":0,"menu_order":0,"comment_status":"closed","ping_status":"closed","template":"","meta":{"_acf_changed":false,"footnotes":""},"class_list":["post-6531","page","type-page","status-publish","hentry"],"acf":[],"_links":{"self":[{"href":"https:\/\/schule-doehrnstrasse.hamburg.de\/index.php?rest_route=\/wp\/v2\/pages\/6531","targetHints":{"allow":["GET"]}}],"collection":[{"href":"https:\/\/schule-doehrnstrasse.hamburg.de\/index.php?rest_route=\/wp\/v2\/pages"}],"about":[{"href":"https:\/\/schule-doehrnstrasse.hamburg.de\/index.php?rest_route=\/wp\/v2\/types\/page"}],"author":[{"embeddable":true,"href":"https:\/\/schule-doehrnstrasse.hamburg.de\/index.php?rest_route=\/wp\/v2\/users\/1559"}],"replies":[{"embeddable":true,"href":"https:\/\/schule-doehrnstrasse.hamburg.de\/index.php?rest_route=%2Fwp%2Fv2%2Fcomments&post=6531"}],"version-history":[{"count":1,"href":"https:\/\/schule-doehrnstrasse.hamburg.de\/index.php?rest_route=\/wp\/v2\/pages\/6531\/revisions"}],"predecessor-version":[{"id":6532,"href":"https:\/\/schule-doehrnstrasse.hamburg.de\/index.php?rest_route=\/wp\/v2\/pages\/6531\/revisions\/6532"}],"wp:attachment":[{"href":"https:\/\/schule-doehrnstrasse.hamburg.de\/index.php?rest_route=%2Fwp%2Fv2%2Fmedia&parent=6531"}],"curies":[{"name":"wp","href":"https:\/\/api.w.org\/{rel}","templated":true}]}}