{"id":6504,"date":"2024-11-05T13:51:58","date_gmt":"2024-11-05T11:51:58","guid":{"rendered":"https:\/\/schule-doehrnstrasse.hamburg.de\/?page_id=6504"},"modified":"2024-11-05T14:15:20","modified_gmt":"2024-11-05T12:15:20","slug":"job","status":"publish","type":"page","link":"https:\/\/schule-doehrnstrasse.hamburg.de\/?page_id=6504","title":{"rendered":"Jobs"},"content":{"rendered":"<p><a href=\"https:\/\/serviceportal.hamburg.de\/HamburgGateway\/FVP\/FV\/BBS\/pbOn\/IAmSuche.aspx?sid=70#\" target=\"_blank\" rel=\"noopener noreferrer\">Interner Arbeitsmarkt f\u00fcr Lehrkr\u00e4fte<\/a><\/p>\n<p><a href=\"https:\/\/serviceportal.hamburg.de\/HamburgGateway\/FVP\/FV\/BBS\/pbOn\/StASuche.aspx?sid=70&amp;StAKat=2#\" target=\"_blank\" rel=\"noopener noreferrer\">Stellenausschreibungen Lehrkr\u00e4fte<\/a><\/p>\n<p><a href=\"https:\/\/serviceportal.hamburg.de\/hamburggateway\/fvp\/fv\/BBS\/pbOn\/StASuche.aspx?sid=70&amp;StAKat=5#\" target=\"_blank\" rel=\"noopener\">Stellenausschreibung Schulleitung<\/a><\/p>\n<p><a href=\"https:\/\/kiju-hamburg.de\/ueber-uns\/stellenangebote\/\">Stellenausschreibung p\u00e4dagogisches Personal\u00a0<\/a><\/p>\n<p>Sie m\u00f6chten im Ganztag einen Nachmittagskurs anbieten? Schreiben Sie uns eine E-Mail an: <a href=\"mailto:doehrnstrasse@etv-hamburg.de\">doehrnstrasse@etv-hamburg.de<\/a><\/p>\n","protected":false},"excerpt":{"rendered":"<p>Interner Arbeitsmarkt f\u00fcr Lehrkr\u00e4fte Stellenausschreibungen Lehrkr\u00e4fte Stellenausschreibung Schulleitung Stellenausschreibung p\u00e4dagogisches Personal\u00a0 Sie m\u00f6chten im Ganztag einen Nachmittagskurs anbieten? Schreiben Sie uns eine E-Mail an: doehrnstrasse@etv-hamburg.de<\/p>\n","protected":false},"author":1559,"featured_media":0,"parent":0,"menu_order":0,"comment_status":"closed","ping_status":"closed","template":"","meta":{"_acf_changed":false,"footnotes":""},"class_list":["post-6504","page","type-page","status-publish","hentry"],"acf":[],"_links":{"self":[{"href":"https:\/\/schule-doehrnstrasse.hamburg.de\/index.php?rest_route=\/wp\/v2\/pages\/6504","targetHints":{"allow":["GET"]}}],"collection":[{"href":"https:\/\/schule-doehrnstrasse.hamburg.de\/index.php?rest_route=\/wp\/v2\/pages"}],"about":[{"href":"https:\/\/schule-doehrnstrasse.hamburg.de\/index.php?rest_route=\/wp\/v2\/types\/page"}],"author":[{"embeddable":true,"href":"https:\/\/schule-doehrnstrasse.hamburg.de\/index.php?rest_route=\/wp\/v2\/users\/1559"}],"replies":[{"embeddable":true,"href":"https:\/\/schule-doehrnstrasse.hamburg.de\/index.php?rest_route=%2Fwp%2Fv2%2Fcomments&post=6504"}],"version-history":[{"count":9,"href":"https:\/\/schule-doehrnstrasse.hamburg.de\/index.php?rest_route=\/wp\/v2\/pages\/6504\/revisions"}],"predecessor-version":[{"id":6516,"href":"https:\/\/schule-doehrnstrasse.hamburg.de\/index.php?rest_route=\/wp\/v2\/pages\/6504\/revisions\/6516"}],"wp:attachment":[{"href":"https:\/\/schule-doehrnstrasse.hamburg.de\/index.php?rest_route=%2Fwp%2Fv2%2Fmedia&parent=6504"}],"curies":[{"name":"wp","href":"https:\/\/api.w.org\/{rel}","templated":true}]}}