{"id":6487,"date":"2024-10-17T11:10:41","date_gmt":"2024-10-17T09:10:41","guid":{"rendered":"https:\/\/schule-doehrnstrasse.hamburg.de\/?page_id=6487"},"modified":"2026-02-16T14:41:43","modified_gmt":"2026-02-16T13:41:43","slug":"deutsch-italienischer-chor","status":"publish","type":"page","link":"https:\/\/schule-doehrnstrasse.hamburg.de\/?page_id=6487","title":{"rendered":"Deutsch \/ Italienischer Chor"},"content":{"rendered":"<p>Im September 2024 wurde unser bilingualer Schulchor ins Leben gerufen. Der Chor wird von Frau Vukovic, Lehrerin der Jugendmusikschule, und Frau Marcianesi, unserer Italienischlehrerin, geleitet.<\/p>\n<p>Der Schulchor wird f\u00fcr die zweite und dritte Klasse jeweils im Wechsel angeboten und ist Teil des Musikunterrichts. In der ersten H\u00e4lfte des Schuljahres haben die Kinder der zweiten Klasse die M\u00f6glichkeit, ihre musikalischen Talente im Chor zu entdecken und gemeinsam zu singen. Ab Februar wird dann der dritte Jahrgang starten.<\/p>\n<p>Unser Chor ist ein deutsch-italienisches Projekt, das den Kindern nicht nur die Freude am Singen n\u00e4herbringt, sondern auch kulturelle Vielfalt f\u00f6rdert. Die Kinder werden eine Vielzahl von unterschiedlichen St\u00fccken aus beiden Kulturen kennenlernen und dabei viel Spa\u00df haben!<\/p>\n<p><img loading=\"lazy\" decoding=\"async\" class=\"alignnone wp-image-6488\" src=\"https:\/\/schule-doehrnstrasse.hamburg.de\/wp-content\/uploads\/sites\/63\/2024\/10\/IMG_6185-300x225.jpg\" alt=\"\" width=\"979\" height=\"734\" srcset=\"https:\/\/schule-doehrnstrasse.hamburg.de\/wp-content\/uploads\/sites\/63\/2024\/10\/IMG_6185-300x225.jpg 300w, https:\/\/schule-doehrnstrasse.hamburg.de\/wp-content\/uploads\/sites\/63\/2024\/10\/IMG_6185-1024x768.jpg 1024w, https:\/\/schule-doehrnstrasse.hamburg.de\/wp-content\/uploads\/sites\/63\/2024\/10\/IMG_6185-768x576.jpg 768w, https:\/\/schule-doehrnstrasse.hamburg.de\/wp-content\/uploads\/sites\/63\/2024\/10\/IMG_6185.jpg 1189w\" sizes=\"auto, (max-width: 767px) 89vw, (max-width: 1000px) 54vw, (max-width: 1071px) 543px, 580px\" \/><\/p>\n<p><a href=\"https:\/\/drive.google.com\/file\/d\/1p9et5en2lTGjMHJ8mOkRuqQJDc7Q0EYH\/view?usp=drivesdk\">Pr\u00e4sentation des Chores<\/a><\/p>\n","protected":false},"excerpt":{"rendered":"<p>Im September 2024 wurde unser bilingualer Schulchor ins Leben gerufen. Der Chor wird von Frau Vukovic, Lehrerin der Jugendmusikschule, und Frau Marcianesi, unserer Italienischlehrerin, geleitet. Der Schulchor wird f\u00fcr die zweite und dritte Klasse jeweils im Wechsel angeboten und ist Teil des Musikunterrichts. In der ersten H\u00e4lfte des Schuljahres haben die Kinder der zweiten Klasse &hellip; <\/p>\n<p class=\"link-more\"><a href=\"https:\/\/schule-doehrnstrasse.hamburg.de\/?page_id=6487\" class=\"more-link\"><span class=\"screen-reader-text\">\u201eDeutsch \/ Italienischer Chor\u201c <\/span>weiterlesen<\/a><\/p>\n","protected":false},"author":1559,"featured_media":0,"parent":0,"menu_order":0,"comment_status":"closed","ping_status":"closed","template":"","meta":{"_acf_changed":false,"footnotes":""},"class_list":["post-6487","page","type-page","status-publish","hentry"],"acf":[],"_links":{"self":[{"href":"https:\/\/schule-doehrnstrasse.hamburg.de\/index.php?rest_route=\/wp\/v2\/pages\/6487","targetHints":{"allow":["GET"]}}],"collection":[{"href":"https:\/\/schule-doehrnstrasse.hamburg.de\/index.php?rest_route=\/wp\/v2\/pages"}],"about":[{"href":"https:\/\/schule-doehrnstrasse.hamburg.de\/index.php?rest_route=\/wp\/v2\/types\/page"}],"author":[{"embeddable":true,"href":"https:\/\/schule-doehrnstrasse.hamburg.de\/index.php?rest_route=\/wp\/v2\/users\/1559"}],"replies":[{"embeddable":true,"href":"https:\/\/schule-doehrnstrasse.hamburg.de\/index.php?rest_route=%2Fwp%2Fv2%2Fcomments&post=6487"}],"version-history":[{"count":7,"href":"https:\/\/schule-doehrnstrasse.hamburg.de\/index.php?rest_route=\/wp\/v2\/pages\/6487\/revisions"}],"predecessor-version":[{"id":7250,"href":"https:\/\/schule-doehrnstrasse.hamburg.de\/index.php?rest_route=\/wp\/v2\/pages\/6487\/revisions\/7250"}],"wp:attachment":[{"href":"https:\/\/schule-doehrnstrasse.hamburg.de\/index.php?rest_route=%2Fwp%2Fv2%2Fmedia&parent=6487"}],"curies":[{"name":"wp","href":"https:\/\/api.w.org\/{rel}","templated":true}]}}