{"id":5361,"date":"2023-05-24T11:41:21","date_gmt":"2023-05-24T09:41:21","guid":{"rendered":"https:\/\/schule-doehrnstrasse.hamburg.de\/?page_id=5361"},"modified":"2024-11-05T13:30:13","modified_gmt":"2024-11-05T11:30:13","slug":"anmeldung-mittagessen","status":"publish","type":"page","link":"https:\/\/schule-doehrnstrasse.hamburg.de\/?page_id=5361","title":{"rendered":"Anmeldung Mittagessen"},"content":{"rendered":"<h1>So melden Sie Ihr Kind f\u00fcr das Mittagessen an:<\/h1>\n<h3>Bitte senden Sie eine E-Mail an\u00a0<a href=\"mailto:info@kitz-catering.de\">info@kitz-catering.de<\/a> und teilen Sie dem Caterer folgende Informationen mit: den vollst\u00e4ndigen Namen Ihres Kindes, die Klasse (falls Ihnen diese noch nicht bekannt ist, bitten wir Sie, mit der Anmeldung zu warten, bis wir Ihnen die Klasse mitgeteilt haben) sowie Ihre Telefonnummer. Im Anschluss erhalten Sie einen Registrierungscode, mit dem Sie sich \u00fcber den nachstehenden Link registrieren k\u00f6nnen:<\/h3>\n<h1><a href=\"https:\/\/account.sams-on.de\/authentication\/register\">klick hier -&gt;Anmeldung Mittagessen SAMS-ON &#8211; Registrierung<\/a><\/h1>\n<hr \/>\n<h1><a href=\"https:\/\/oldenfelde.sams-on.de\/public\/php?action=foodplan&amp;week=thisWeek&amp;scroll=true\">-&gt; Men\u00fcplan aktuelle Woche \u00dcbersicht <\/a><span class=\"emoji\">\ud83e\udd57<\/span><\/h1>\n<p style=\"text-align: center\">Info: In der APP haben Sie die M\u00f6glichkeit ein Essen f\u00fcr Ihr Kind auszuw\u00e4hlen. Diese Angabe dient dem Caterer dazu, am entsprechenden Tag gen\u00fcgend Essen zur Verf\u00fcgung zu stellen.<\/p>\n<p style=\"text-align: center\">Alle Kinder k\u00f6nnen sich selbstverst\u00e4ndlich noch am selben Tag spontan umentscheiden. Zum Beispiel wenn Fisch im Vorwege per App ausgew\u00e4hlt und dann doch lieber Pasta gegessen wird.<\/p>\n<p style=\"text-align: center\">Die Essenausgabe erfolgt in Buffett-Form. Die Kinder f\u00fcllen sich selbst auf. Erfahrungsgem\u00e4\u00df lernen die Kinder schnell, wieviel sie tats\u00e4chlich schaffen.<\/p>\n<p style=\"text-align: center\">Jeden Tag wird ein Salat Buffett, Pasta Buffett und ein Tagesgericht angeboten.<\/p>\n<p style=\"text-align: center\">Zudem steht ein kleiner Salat und Obst als Nachtisch zur Verf\u00fcgung.<\/p>\n<p style=\"text-align: center\">Daher die Bitte, immer ein Gericht auszuw\u00e4hlen, damit der Caterer gut planen kann.<\/p>\n<p style=\"text-align: center\">Ein Storno kann bis zum selben Tag bis 8 Uhr schriftlich per Mail an:\u00a0 info@kitz-catering.de erfolgen, falls Ihr Kind krank sein sollte oder abwesend ist.<\/p>\n<p style=\"text-align: center\">Bei Fragen wenden Sie sich bitte per Mail direkt an den Caterer. Vielen Dank!<\/p>\n<p>Kontakt: E-Mail: info@kitz-catering.de<\/p>\n<p>Weitere Informationen finden Sie auf der Internetseite von Kitz-Catering:<\/p>\n<p><a href=\"https:\/\/kitz-catering.de\/UeBER-KITZ\/\">KITZ CATERING &#8211; \u00dcBER KITZ<\/a><\/p>\n<p><img loading=\"lazy\" decoding=\"async\" class=\"alignnone wp-image-5354\" src=\"https:\/\/schule-doehrnstrasse.hamburg.de\/wp-content\/uploads\/sites\/63\/2023\/05\/Kitz-Catering-Logo-e1684832414956-300x125.png\" alt=\"\" width=\"797\" height=\"332\" srcset=\"https:\/\/schule-doehrnstrasse.hamburg.de\/wp-content\/uploads\/sites\/63\/2023\/05\/Kitz-Catering-Logo-e1684832414956-300x125.png 300w, https:\/\/schule-doehrnstrasse.hamburg.de\/wp-content\/uploads\/sites\/63\/2023\/05\/Kitz-Catering-Logo-e1684832414956-1024x428.png 1024w, https:\/\/schule-doehrnstrasse.hamburg.de\/wp-content\/uploads\/sites\/63\/2023\/05\/Kitz-Catering-Logo-e1684832414956-768x321.png 768w, https:\/\/schule-doehrnstrasse.hamburg.de\/wp-content\/uploads\/sites\/63\/2023\/05\/Kitz-Catering-Logo-e1684832414956-1536x642.png 1536w, https:\/\/schule-doehrnstrasse.hamburg.de\/wp-content\/uploads\/sites\/63\/2023\/05\/Kitz-Catering-Logo-e1684832414956.png 1659w\" sizes=\"auto, (max-width: 767px) 89vw, (max-width: 1000px) 54vw, (max-width: 1071px) 543px, 580px\" \/><\/p>\n<p>&nbsp;<\/p>\n","protected":false},"excerpt":{"rendered":"<p>So melden Sie Ihr Kind f\u00fcr das Mittagessen an: Bitte senden Sie eine E-Mail an\u00a0info@kitz-catering.de und teilen Sie dem Caterer folgende Informationen mit: den vollst\u00e4ndigen Namen Ihres Kindes, die Klasse (falls Ihnen diese noch nicht bekannt ist, bitten wir Sie, mit der Anmeldung zu warten, bis wir Ihnen die Klasse mitgeteilt haben) sowie Ihre Telefonnummer. &hellip; <\/p>\n<p class=\"link-more\"><a href=\"https:\/\/schule-doehrnstrasse.hamburg.de\/?page_id=5361\" class=\"more-link\"><span class=\"screen-reader-text\">\u201eAnmeldung Mittagessen\u201c <\/span>weiterlesen<\/a><\/p>\n","protected":false},"author":1559,"featured_media":0,"parent":0,"menu_order":0,"comment_status":"closed","ping_status":"closed","template":"","meta":{"_acf_changed":false,"footnotes":""},"class_list":["post-5361","page","type-page","status-publish","hentry"],"acf":[],"_links":{"self":[{"href":"https:\/\/schule-doehrnstrasse.hamburg.de\/index.php?rest_route=\/wp\/v2\/pages\/5361","targetHints":{"allow":["GET"]}}],"collection":[{"href":"https:\/\/schule-doehrnstrasse.hamburg.de\/index.php?rest_route=\/wp\/v2\/pages"}],"about":[{"href":"https:\/\/schule-doehrnstrasse.hamburg.de\/index.php?rest_route=\/wp\/v2\/types\/page"}],"author":[{"embeddable":true,"href":"https:\/\/schule-doehrnstrasse.hamburg.de\/index.php?rest_route=\/wp\/v2\/users\/1559"}],"replies":[{"embeddable":true,"href":"https:\/\/schule-doehrnstrasse.hamburg.de\/index.php?rest_route=%2Fwp%2Fv2%2Fcomments&post=5361"}],"version-history":[{"count":39,"href":"https:\/\/schule-doehrnstrasse.hamburg.de\/index.php?rest_route=\/wp\/v2\/pages\/5361\/revisions"}],"predecessor-version":[{"id":6503,"href":"https:\/\/schule-doehrnstrasse.hamburg.de\/index.php?rest_route=\/wp\/v2\/pages\/5361\/revisions\/6503"}],"wp:attachment":[{"href":"https:\/\/schule-doehrnstrasse.hamburg.de\/index.php?rest_route=%2Fwp%2Fv2%2Fmedia&parent=5361"}],"curies":[{"name":"wp","href":"https:\/\/api.w.org\/{rel}","templated":true}]}}