{"id":476,"date":"2014-12-11T10:33:33","date_gmt":"2014-12-11T08:33:33","guid":{"rendered":"http:\/\/schule-doehrnstrasse.schulhomepages.hamburg.de\/?page_id=476"},"modified":"2024-11-05T12:33:28","modified_gmt":"2024-11-05T10:33:28","slug":"unser-leitbild","status":"publish","type":"page","link":"https:\/\/schule-doehrnstrasse.hamburg.de\/?page_id=476","title":{"rendered":"Unser Leitbild"},"content":{"rendered":"<h1 style=\"text-align: center\">Wir lernen miteinander, voneinander und f\u00fcr uns selbst.<\/h1>\n<p><a href=\"https:\/\/schule-doehrnstrasse.hamburg.de\/wp-content\/uploads\/sites\/63\/2022\/08\/Logo_SD_cmyksdfgsdff.jpg\"><img loading=\"lazy\" decoding=\"async\" class=\"size-medium wp-image-3842 aligncenter\" src=\"https:\/\/schule-doehrnstrasse.hamburg.de\/wp-content\/uploads\/sites\/63\/2022\/08\/Logo_SD_cmyksdfgsdff-300x166.jpg\" alt=\"\" width=\"300\" height=\"166\" srcset=\"https:\/\/schule-doehrnstrasse.hamburg.de\/wp-content\/uploads\/sites\/63\/2022\/08\/Logo_SD_cmyksdfgsdff-300x166.jpg 300w, https:\/\/schule-doehrnstrasse.hamburg.de\/wp-content\/uploads\/sites\/63\/2022\/08\/Logo_SD_cmyksdfgsdff-768x426.jpg 768w, https:\/\/schule-doehrnstrasse.hamburg.de\/wp-content\/uploads\/sites\/63\/2022\/08\/Logo_SD_cmyksdfgsdff.jpg 903w\" sizes=\"auto, (max-width: 300px) 100vw, 300px\" \/><\/a><\/p>\n<p style=\"text-align: center\">Das Leitbild der Schule D\u00f6hrnstra\u00dfe spiegelt die wesentlichen Ziele und Schwerpunkte unserer p\u00e4dagogischen Arbeit wider. Es ist zugleich Orientierungsrahmen und Handlungsgrundlage f\u00fcr alle Mitarbeiter. Eltern und Kindern soll es helfen, sich zu orientieren und die Grunds\u00e4tze unserer Arbeit zu erfahren. In der Schule steht das Lernen im Mittelpunkt. Wir Lehrer und Lehrerinnen gestalten den Rahmen, in dem die Sch\u00fcler und Sch\u00fclerinnen lernen. In allem ist es unser Ziel die Kinder dabei zu unterst\u00fctzen, ihre pers\u00f6nliche Leistungsf\u00e4higkeit zu entwickeln und auszusch\u00f6pfen. Wir haben das Leitbild gemeinsam entwickelt, die Ziele und Schwerpunkte diskutiert und einen Konsens gebildet. Dennoch soll das Leitbild nicht als fertiges Produkt verstanden werden. Wir sehen es als eine gemeinsame Aufgabe aller an, die Wirksamkeit und Umsetzbarkeit des Leitbildes immer wieder in der Praxis zu pr\u00fcfen und es gegebenenfalls zu modifizieren oder zu erg\u00e4nzen.<\/p>\n<h5 style=\"text-align: center\">Wir schaffen eine Atmosph\u00e4re, in der sich Vertrauen und Sicherheit entwickeln k\u00f6nnen.<\/h5>\n<p style=\"text-align: center\"><a href=\"https:\/\/schule-doehrnstrasse.hamburg.de\/wp-content\/uploads\/sites\/63\/2016\/05\/61-1.jpg\"><img loading=\"lazy\" decoding=\"async\" class=\" wp-image-1208 aligncenter\" src=\"https:\/\/schule-doehrnstrasse.hamburg.de\/wp-content\/uploads\/sites\/63\/2016\/05\/61-1-300x225.jpg\" alt=\"\" width=\"608\" height=\"456\" srcset=\"https:\/\/schule-doehrnstrasse.hamburg.de\/wp-content\/uploads\/sites\/63\/2016\/05\/61-1-300x225.jpg 300w, https:\/\/schule-doehrnstrasse.hamburg.de\/wp-content\/uploads\/sites\/63\/2016\/05\/61-1.jpg 640w\" sizes=\"auto, (max-width: 608px) 100vw, 608px\" \/><\/a><\/p>\n<p style=\"text-align: center\">&#8211; Wir begegnen einander mit Respekt und akzeptieren jeden in seiner Pers\u00f6nlichkeit, mit allen St\u00e4rken und Schw\u00e4chen.<\/p>\n<p style=\"text-align: center\">&#8211; Wir haben an unserer Schule Regeln, f\u00fcr deren Einhaltung sich alle verantwortlich f\u00fchlen, um ein gemeinsames und friedvolles Miteinander zu erm\u00f6glichen.<\/p>\n<p style=\"text-align: center\">&#8211; Wir schaffen R\u00e4ume f\u00fcr Gespr\u00e4che, in denen Kinder Selbstreflexion und den Umgang mit Kritik \u00fcben k\u00f6nnen.<\/p>\n<p style=\"text-align: center\">&#8211; Wie bieten vielf\u00e4ltige M\u00f6glichkeiten, um Neugierde zu f\u00f6rdern, Interesse zu entwickeln und aktiv zu werden.<\/p>\n<p style=\"text-align: center\">&#8211; Wir feiern Feste, singen gemeinsam und pflegen Patenschaften unter den Klassen, um das Wir-Gef\u00fchl zu st\u00e4rken.<\/p>\n<div class=\"mceTemp\"><\/div>\n<h5 style=\"text-align: center\">Wir wollen, dass alle Kinder mit Freude und Motivation lernen.<\/h5>\n<p><a href=\"https:\/\/schule-doehrnstrasse.hamburg.de\/wp-content\/uploads\/sites\/63\/2015\/06\/FullSizeRender37.jpg\"><img loading=\"lazy\" decoding=\"async\" class=\" wp-image-742 aligncenter\" src=\"https:\/\/schule-doehrnstrasse.hamburg.de\/wp-content\/uploads\/sites\/63\/2015\/06\/FullSizeRender37-300x225.jpg\" alt=\"\" width=\"712\" height=\"534\" srcset=\"https:\/\/schule-doehrnstrasse.hamburg.de\/wp-content\/uploads\/sites\/63\/2015\/06\/FullSizeRender37-300x225.jpg 300w, https:\/\/schule-doehrnstrasse.hamburg.de\/wp-content\/uploads\/sites\/63\/2015\/06\/FullSizeRender37.jpg 640w\" sizes=\"auto, (max-width: 712px) 100vw, 712px\" \/><\/a><\/p>\n<p style=\"text-align: center\">\u2013 Wir schaffen in einer positiven Lernumgebung eine Lernatmosph\u00e4re, die gepr\u00e4gt ist von gegenseitigem Zuh\u00f6ren und die viele M\u00f6glichkeiten<\/p>\n<p style=\"text-align: center\">&#8211; Wir sorgen daf\u00fcr, dass jedes Kind in seiner Lerngruppe individuell und seinen F\u00e4higkeiten entsprechend Lernerfolge erzielen kann.<\/p>\n<p style=\"text-align: center\">&#8211; Wir erm\u00f6glichen ein Lernen mit allen Sinnen: f\u00e4cher\u00fcbergreifend, methodisch vielf\u00e4ltig und offen f\u00fcr neue Arbeitsformen.<\/p>\n<p style=\"text-align: center\">&#8211; Wir nutzen au\u00dferschulische Lernr\u00e4ume, um den Kindern authentische Lernsituationen zu erm\u00f6glichen.<\/p>\n<p style=\"text-align: center\">&#8211; Wir unterst\u00fctzen den Lernprozess der Kinder durch gemeinschaftliche und zielgerichtete Zusammenarbeit in Klassenlehrer- und Jahrgangsteams.<\/p>\n<h5 style=\"text-align: center\">Wir lernen voneinander und miteinander.<\/h5>\n<p><a href=\"https:\/\/schule-doehrnstrasse.hamburg.de\/wp-content\/uploads\/sites\/63\/2018\/11\/Mathetag-2018-1.jpg\"><img loading=\"lazy\" decoding=\"async\" class=\" wp-image-2140 aligncenter\" src=\"https:\/\/schule-doehrnstrasse.hamburg.de\/wp-content\/uploads\/sites\/63\/2018\/11\/Mathetag-2018-1-300x225.jpg\" alt=\"\" width=\"552\" height=\"414\" srcset=\"https:\/\/schule-doehrnstrasse.hamburg.de\/wp-content\/uploads\/sites\/63\/2018\/11\/Mathetag-2018-1-300x225.jpg 300w, https:\/\/schule-doehrnstrasse.hamburg.de\/wp-content\/uploads\/sites\/63\/2018\/11\/Mathetag-2018-1-768x576.jpg 768w, https:\/\/schule-doehrnstrasse.hamburg.de\/wp-content\/uploads\/sites\/63\/2018\/11\/Mathetag-2018-1.jpg 800w\" sizes=\"auto, (max-width: 552px) 100vw, 552px\" \/><\/a><\/p>\n<p style=\"text-align: center\">&#8211; Wir bauen Br\u00fccken zwischen verschiedenen Kulturen und Sprachen.<\/p>\n<p style=\"text-align: center\">&#8211; Wir respektieren den anderen in seiner kulturellen Besonderheit und Einzigartigkeit.<\/p>\n<p style=\"text-align: center\">&#8211; Wir wollen im t\u00e4glichen Miteinander Demokratie und Toleranz pflegen.<\/p>\n<p style=\"text-align: center\">&#8211; Wir sehen Mehrsprachigkeit als einen Schl\u00fcssel zur Integration.<\/p>\n<p style=\"text-align: center\">&#8211; Wir sensibilisieren die Kinder f\u00fcr die Bedeutung neuer Medien und vermitteln ihnen eine sinnvolle, den Lernprozess unterst\u00fctzende Nutzung.<\/p>\n<h5 style=\"text-align: center\">Wir \u00f6ffnen neue Wege durch Sprache.<\/h5>\n<p style=\"text-align: center\"><a href=\"https:\/\/schule-doehrnstrasse.hamburg.de\/wp-content\/uploads\/sites\/63\/2016\/05\/72.jpg\"><img loading=\"lazy\" decoding=\"async\" class=\" wp-image-1151 aligncenter\" src=\"https:\/\/schule-doehrnstrasse.hamburg.de\/wp-content\/uploads\/sites\/63\/2016\/05\/72-300x225.jpg\" alt=\"\" width=\"578\" height=\"433\" srcset=\"https:\/\/schule-doehrnstrasse.hamburg.de\/wp-content\/uploads\/sites\/63\/2016\/05\/72-300x225.jpg 300w, https:\/\/schule-doehrnstrasse.hamburg.de\/wp-content\/uploads\/sites\/63\/2016\/05\/72-768x576.jpg 768w, https:\/\/schule-doehrnstrasse.hamburg.de\/wp-content\/uploads\/sites\/63\/2016\/05\/72.jpg 800w\" sizes=\"auto, (max-width: 578px) 100vw, 578px\" \/><\/a>&#8211; Wir bieten unseren Sch\u00fclern durch fr\u00fchkindliches Fremdsprachenlernen die M\u00f6glichkeit, ihre F\u00e4higkeiten und Neigungen in diesem Bereich fr\u00fchzeitig zu entfalten.<\/p>\n<p style=\"text-align: center\">&#8211; Wir f\u00f6rdern die Zweisprachigkeit in unserem bilingualen Zweig und schaffen Raum f\u00fcr die Begegnung und Auseinandersetzung mit einer anderen Kultur.<\/p>\n<p style=\"text-align: center\">&#8211; Wir sorgen f\u00fcr eine gezielte, individuelle Sprachf\u00f6rderung, um allen Sch\u00fclern die M\u00f6glichkeit zu geben, sprachliche Sicherheit zu erlangen.<\/p>\n<p style=\"text-align: center\">&#8211; Wir st\u00e4rken Kinder auf ihrem Weg zum Leseprofi durch differenzierte Leseangebote.<\/p>\n<h5 style=\"text-align: center\">Wir ziehen an einem Strang.<\/h5>\n<p><a href=\"https:\/\/schule-doehrnstrasse.hamburg.de\/wp-content\/uploads\/sites\/63\/2014\/12\/1__Dsc_0111.jpg\"><img loading=\"lazy\" decoding=\"async\" class=\" wp-image-639 aligncenter\" src=\"https:\/\/schule-doehrnstrasse.hamburg.de\/wp-content\/uploads\/sites\/63\/2014\/12\/1__Dsc_0111-300x199.jpg\" alt=\"\" width=\"592\" height=\"393\" srcset=\"https:\/\/schule-doehrnstrasse.hamburg.de\/wp-content\/uploads\/sites\/63\/2014\/12\/1__Dsc_0111-300x199.jpg 300w, https:\/\/schule-doehrnstrasse.hamburg.de\/wp-content\/uploads\/sites\/63\/2014\/12\/1__Dsc_0111.jpg 437w\" sizes=\"auto, (max-width: 592px) 100vw, 592px\" \/><\/a><\/p>\n<p style=\"text-align: center\">&#8211; Wir legen Wert auf ein gutes Miteinander zwischen Schule und Elternhaus, basierend auf Vertrauen und gegenseitiger Wertsch\u00e4tzung.<\/p>\n<p style=\"text-align: center\">&#8211; Wir pflegen den Austausch untereinander zum Wohle der Kinder und freuen uns \u00fcber eine aktive Beteiligung der Eltern am Schulleben.<\/p>\n<p style=\"text-align: center\">&#8211; Wir f\u00fchlen uns auch durch die Kooperation mit der Jugendmusikschule, des Sportvereins und des Horts unterst\u00fctzt, die mit ihren Angeboten unseren Schulalltag bereichern und beleben.<\/p>\n<p style=\"text-align: center\">&#8211; Wir erleichtern Kindern den Schuleinstieg durch unsere konzeptionell gest\u00fctzte Arbeit in den Vorschulklassen.<\/p>\n<p style=\"text-align: center\">&#8211; Wir sch\u00e4tzen die Arbeit unserer Sekret\u00e4rin und unseres Hausmeisters und den Hausarbeitern, durch die ein reibungsloser Ablauf des Schulalltags sichergestellt werden kann<\/p>\n<p>&nbsp;<\/p>\n<p>Das Leitbild der Schule D\u00f6hrnstra\u00dfe spiegelt die wesentlichen Ziele und Schwerpunkte unserer p\u00e4dagogischen Arbeit wider. Es ist zugleich Orientierungsrahmen und Handlungsgrundlage f\u00fcr alle Mitarbeiter. Eltern und Kindern soll es helfen, sich zu orientieren und die Grunds\u00e4tze unserer Arbeit zu erfahren<\/p>\n<p align=\"JUSTIFY\">In der Schule steht das Lernen im Mittelpunkt. Wir Lehrer und Lehrerinnen gestalten den Rahmen, in dem die Sch\u00fcler und Sch\u00fclerinnen lernen. In allem ist es unser Ziel die Kinder dabei zu unterst\u00fctzen, ihre pers\u00f6nliche Leistungsf\u00e4higkeit zu entwickeln und auszusch\u00f6pfen.<\/p>\n<p align=\"JUSTIFY\">Wir haben das Leitbild gemeinsam entwickelt, die Ziele und Schwerpunkte diskutiert und einen Konsens gebildet. Dennoch soll das Leitbild nicht als fertiges Produkt verstanden werden. Wir sehen es als eine gemeinsame Aufgabe aller an, die Wirksamkeit und Umsetzbarkeit des Leitbildes immer wieder in der Praxis zu pr\u00fcfen und es gegebenenfalls zu modifizieren oder zu erg\u00e4nzen.<\/p>\n<p>&nbsp;<\/p>\n<p>&nbsp;<\/p>\n<div class=\"spacer20\"><\/div>\n<p>&nbsp;<\/p>\n","protected":false},"excerpt":{"rendered":"<p>Wir lernen miteinander, voneinander und f\u00fcr uns selbst. Das Leitbild der Schule D\u00f6hrnstra\u00dfe spiegelt die wesentlichen Ziele und Schwerpunkte unserer p\u00e4dagogischen Arbeit wider. Es ist zugleich Orientierungsrahmen und Handlungsgrundlage f\u00fcr alle Mitarbeiter. Eltern und Kindern soll es helfen, sich zu orientieren und die Grunds\u00e4tze unserer Arbeit zu erfahren. In der Schule steht das Lernen im &hellip; <\/p>\n<p class=\"link-more\"><a href=\"https:\/\/schule-doehrnstrasse.hamburg.de\/?page_id=476\" class=\"more-link\"><span class=\"screen-reader-text\">\u201eUnser Leitbild\u201c <\/span>weiterlesen<\/a><\/p>\n","protected":false},"author":86,"featured_media":0,"parent":0,"menu_order":0,"comment_status":"closed","ping_status":"closed","template":"","meta":{"_acf_changed":false,"footnotes":""},"class_list":["post-476","page","type-page","status-publish","hentry"],"acf":[],"_links":{"self":[{"href":"https:\/\/schule-doehrnstrasse.hamburg.de\/index.php?rest_route=\/wp\/v2\/pages\/476","targetHints":{"allow":["GET"]}}],"collection":[{"href":"https:\/\/schule-doehrnstrasse.hamburg.de\/index.php?rest_route=\/wp\/v2\/pages"}],"about":[{"href":"https:\/\/schule-doehrnstrasse.hamburg.de\/index.php?rest_route=\/wp\/v2\/types\/page"}],"author":[{"embeddable":true,"href":"https:\/\/schule-doehrnstrasse.hamburg.de\/index.php?rest_route=\/wp\/v2\/users\/86"}],"replies":[{"embeddable":true,"href":"https:\/\/schule-doehrnstrasse.hamburg.de\/index.php?rest_route=%2Fwp%2Fv2%2Fcomments&post=476"}],"version-history":[{"count":11,"href":"https:\/\/schule-doehrnstrasse.hamburg.de\/index.php?rest_route=\/wp\/v2\/pages\/476\/revisions"}],"predecessor-version":[{"id":6499,"href":"https:\/\/schule-doehrnstrasse.hamburg.de\/index.php?rest_route=\/wp\/v2\/pages\/476\/revisions\/6499"}],"wp:attachment":[{"href":"https:\/\/schule-doehrnstrasse.hamburg.de\/index.php?rest_route=%2Fwp%2Fv2%2Fmedia&parent=476"}],"curies":[{"name":"wp","href":"https:\/\/api.w.org\/{rel}","templated":true}]}}