{"id":472,"date":"2014-12-11T10:31:17","date_gmt":"2014-12-11T08:31:17","guid":{"rendered":"http:\/\/schule-doehrnstrasse.schulhomepages.hamburg.de\/?page_id=472"},"modified":"2023-09-22T13:17:11","modified_gmt":"2023-09-22T11:17:11","slug":"unser-schulvormittag","status":"publish","type":"page","link":"https:\/\/schule-doehrnstrasse.hamburg.de\/?page_id=472","title":{"rendered":"Unser Schulvormittag"},"content":{"rendered":"<h5 class=\"western\">Unser Schulvormittag<\/h5>\n<p align=\"JUSTIFY\"><span style=\"font-size: medium\">Seit August 1999 gibt es in Hamburg die &#8222;Verl\u00e4ssliche Halbtagsgrundschule&#8220;: Alle Kinder werden hier verl\u00e4sslich von 8 bis 13 Uhr betreut. Zus\u00e4tzlich haben die Sch\u00fclerinnen und Sch\u00fcler nach entsprechender Anmeldung die M\u00f6glichkeit, das Angebot der Ganztagsbetreuung inklusive Mittagessen, Hausaufgabenbetreuung und Nachmittagsprogramm an mindestens drei Tagen wahrzunehmen. <\/span><\/p>\n<p align=\"LEFT\"><span style=\"font-size: medium\">Wir rhythmisieren den Schulvormittag wie folgt:<\/span><\/p>\n<table style=\"height: 531px\" border=\"1\" width=\"440\" cellspacing=\"3\" cellpadding=\"2\">\n<tbody>\n<tr>\n<td width=\"160\">\n<p align=\"CENTER\"><strong>\u00a0\u00a0\u00a0\u00a0 <\/strong><strong><span style=\"font-size: medium\">Uhrzeit \u00a0\u00a0\u00a0\u00a0\u00a0\u00a0\u00a0\u00a0\u00a0\u00a0\u00a0\u00a0\u00a0\u00a0\u00a0\u00a0\u00a0\u00a0 \u00a0 <\/span><\/strong><\/p>\n<\/td>\n<td width=\"132\">\n<p align=\"CENTER\"><strong><span style=\"font-size: medium\">Aktion<\/span><\/strong><\/p>\n<\/td>\n<\/tr>\n<tr>\n<td width=\"160\">\u00a0 <span style=\"font-size: medium\">8.00 &#8211; 9.00<br \/>\n<\/span><\/td>\n<td width=\"132\"><span style=\"font-size: medium\">1. Stunde <\/span><\/td>\n<\/tr>\n<tr>\n<td width=\"160\">\u00a0 9.00<span style=\"font-size: medium\"> &#8211; 9.15 <\/span><\/td>\n<td width=\"132\"><span style=\"font-size: medium\">1. Bewegungspause<\/span><\/td>\n<\/tr>\n<tr>\n<td width=\"160\">\u00a0 9.15\u00a0<span style=\"font-size: medium\"> &#8211;\u00a0\u00a010.15<\/span><\/td>\n<td width=\"132\"><span style=\"font-size: medium\">2. Stunde<br \/>\n<\/span><\/td>\n<\/tr>\n<tr>\n<td width=\"160\"><span style=\"font-size: medium\">10.15 &#8211;\u00a0 10.45<\/span><\/td>\n<td width=\"132\"><span style=\"font-size: medium\">2. Bewegungspause<\/span><\/td>\n<\/tr>\n<tr>\n<td width=\"160\"><span style=\"font-size: medium\">10.45 &#8211;\u00a0 11.45<\/span><\/td>\n<td width=\"132\"><span style=\"font-size: medium\">3. Stunde<br \/>\n<\/span><\/td>\n<\/tr>\n<tr>\n<td width=\"160\"><span style=\"font-size: medium\">11.45 &#8211;\u00a0 12.00<\/span><\/td>\n<td width=\"132\"><span style=\"font-size: medium\">3. Bewegungspause<\/span><\/td>\n<\/tr>\n<tr>\n<td width=\"160\"><span style=\"font-size: medium\">12.00 &#8211; 13.00<\/span><\/td>\n<td width=\"132\"><span style=\"font-size: medium\">4. Stunde <\/span><\/td>\n<\/tr>\n<\/tbody>\n<\/table>\n<p>&nbsp;<\/p>\n<p>&nbsp;<\/p>\n","protected":false},"excerpt":{"rendered":"<p>Unser Schulvormittag Seit August 1999 gibt es in Hamburg die &#8222;Verl\u00e4ssliche Halbtagsgrundschule&#8220;: Alle Kinder werden hier verl\u00e4sslich von 8 bis 13 Uhr betreut. Zus\u00e4tzlich haben die Sch\u00fclerinnen und Sch\u00fcler nach entsprechender Anmeldung die M\u00f6glichkeit, das Angebot der Ganztagsbetreuung inklusive Mittagessen, Hausaufgabenbetreuung und Nachmittagsprogramm an mindestens drei Tagen wahrzunehmen. Wir rhythmisieren den Schulvormittag wie folgt: \u00a0\u00a0\u00a0\u00a0 &hellip; <\/p>\n<p class=\"link-more\"><a href=\"https:\/\/schule-doehrnstrasse.hamburg.de\/?page_id=472\" class=\"more-link\"><span class=\"screen-reader-text\">\u201eUnser Schulvormittag\u201c <\/span>weiterlesen<\/a><\/p>\n","protected":false},"author":86,"featured_media":0,"parent":0,"menu_order":0,"comment_status":"closed","ping_status":"closed","template":"","meta":{"_acf_changed":false,"footnotes":""},"class_list":["post-472","page","type-page","status-publish","hentry"],"acf":[],"_links":{"self":[{"href":"https:\/\/schule-doehrnstrasse.hamburg.de\/index.php?rest_route=\/wp\/v2\/pages\/472","targetHints":{"allow":["GET"]}}],"collection":[{"href":"https:\/\/schule-doehrnstrasse.hamburg.de\/index.php?rest_route=\/wp\/v2\/pages"}],"about":[{"href":"https:\/\/schule-doehrnstrasse.hamburg.de\/index.php?rest_route=\/wp\/v2\/types\/page"}],"author":[{"embeddable":true,"href":"https:\/\/schule-doehrnstrasse.hamburg.de\/index.php?rest_route=\/wp\/v2\/users\/86"}],"replies":[{"embeddable":true,"href":"https:\/\/schule-doehrnstrasse.hamburg.de\/index.php?rest_route=%2Fwp%2Fv2%2Fcomments&post=472"}],"version-history":[{"count":3,"href":"https:\/\/schule-doehrnstrasse.hamburg.de\/index.php?rest_route=\/wp\/v2\/pages\/472\/revisions"}],"predecessor-version":[{"id":5722,"href":"https:\/\/schule-doehrnstrasse.hamburg.de\/index.php?rest_route=\/wp\/v2\/pages\/472\/revisions\/5722"}],"wp:attachment":[{"href":"https:\/\/schule-doehrnstrasse.hamburg.de\/index.php?rest_route=%2Fwp%2Fv2%2Fmedia&parent=472"}],"curies":[{"name":"wp","href":"https:\/\/api.w.org\/{rel}","templated":true}]}}