{"id":471,"date":"2014-12-11T10:30:46","date_gmt":"2014-12-11T08:30:46","guid":{"rendered":"http:\/\/schule-doehrnstrasse.schulhomepages.hamburg.de\/?page_id=471"},"modified":"2025-11-18T14:27:02","modified_gmt":"2025-11-18T13:27:02","slug":"schulverein-2","status":"publish","type":"page","link":"https:\/\/schule-doehrnstrasse.hamburg.de\/?page_id=471","title":{"rendered":"Schulverein"},"content":{"rendered":"<p><a href=\"https:\/\/schule-doehrnstrasse.hamburg.de\/wp-content\/uploads\/sites\/63\/2022\/08\/fgdfgdfg-e1661166024793.jpg\"><br \/>\n<img loading=\"lazy\" decoding=\"async\" class=\" wp-image-3895 aligncenter\" src=\"https:\/\/schule-doehrnstrasse.hamburg.de\/wp-content\/uploads\/sites\/63\/2022\/08\/fgdfgdfg-e1661166024793-300x280.jpg\" alt=\"\" width=\"518\" height=\"483\" srcset=\"https:\/\/schule-doehrnstrasse.hamburg.de\/wp-content\/uploads\/sites\/63\/2022\/08\/fgdfgdfg-e1661166024793-300x280.jpg 300w, https:\/\/schule-doehrnstrasse.hamburg.de\/wp-content\/uploads\/sites\/63\/2022\/08\/fgdfgdfg-e1661166024793.jpg 571w\" sizes=\"auto, (max-width: 518px) 100vw, 518px\" \/><\/a><\/p>\n<h1>Schulverein Grundschule D\u00f6hrnstra\u00dfe &#8211; Wie Eltern helfen k\u00f6nnen<\/h1>\n<p>Liebe Eltern,<\/p>\n<p>der Schulverein ist ein gemeinn\u00fctziger F\u00f6rderverein. Wir k\u00fcmmern uns um Anschaffungen und sch\u00f6ne Dinge f\u00fcr alle Kinder unserer Grundschule und unterst\u00fctzen bed\u00fcrftige Familien. Unten findet Ihr\u00a0<strong>Links zu unserem Flyer und zum analogen Beitrittsverfahren.<\/strong><\/p>\n<p><strong>Was macht der Schulverein?<\/strong><\/p>\n<p>Mit Euren Spenden und Beitr\u00e4gen unterst\u00fctzen wir:<\/p>\n<ul>\n<li>die Versch\u00f6nerung des Schulhofs<\/li>\n<li>Unterrichtsprojekte<\/li>\n<li>die Digitalisierung der Schule<\/li>\n<li>die Schulwegsicherheit<\/li>\n<li>die Schulb\u00fccherei<\/li>\n<li>die Erstausstattung von Vorschulklassen und 1. Klassen<\/li>\n<li>Abschlussprojekte der 4. Klassen<\/li>\n<li>Schulfeste<\/li>\n<li>bed\u00fcrftige Familien bei Ausfl\u00fcgen, Klassenreisen etc.<\/li>\n<\/ul>\n<p>\u2026 und vieles mehr. Neugierig? Dann besucht uns auf <a href=\"https:\/\/www.instagram.com\/schulverein_doehrnstrasse\/\" target=\"_blank\" rel=\"noopener\"><strong>Instagram<\/strong><\/a>.<\/p>\n<p>Wenn Ihr finanzielle Hilfe ben\u00f6tigt, sprecht bitte Eure Klassenleitung oder Elternvertretung an oder schreibt an Schulverein.doehrn@gmx.de.<\/p>\n<p><strong>Liebe Eltern, was w\u00fcnscht IHR Euch f\u00fcr Euer Kind an unserer Grundschule?<\/strong><\/p>\n<p>Arbeitet mit uns zusammen. Helft mit, die Lernbedingungen zu verbessern. Lasst die Grundschulzeit Eures Kindes mit Eurem Engagement zu einer besonderen Zeit werden!<\/p>\n<p>Werdet Mitglied im Schulverein und tretet \u00fcber diesen QR-Code bei. Der Mindestbeitrag betr\u00e4gt<strong>\u00a03 EUR im Monat<\/strong>, das entspricht 36 EUR im Jahr. Nach oben ist der Betrag nat\u00fcrlich offen. Eure Mitgliedschaft endet automatisch, wenn Euer j\u00fcngstes Kind die Schule verl\u00e4sst.<\/p>\n<p><strong>Beitritt zum Schulverein &#8211; <a href=\"https:\/\/form.jotform.com\/202664112673350\" target=\"_blank\" rel=\"noopener\">hier beitreten!<\/a><\/strong><\/p>\n<p><a href=\"https:\/\/schule-doehrnstrasse.hamburg.de\/wp-content\/uploads\/sites\/63\/2025\/09\/QR-Beitritt-Schulverein.jpg\"><img loading=\"lazy\" decoding=\"async\" class=\"alignnone size-full wp-image-7002\" src=\"https:\/\/schule-doehrnstrasse.hamburg.de\/wp-content\/uploads\/sites\/63\/2025\/09\/QR-Beitritt-Schulverein.jpg\" alt=\"\" width=\"187\" height=\"187\" srcset=\"https:\/\/schule-doehrnstrasse.hamburg.de\/wp-content\/uploads\/sites\/63\/2025\/09\/QR-Beitritt-Schulverein.jpg 187w, https:\/\/schule-doehrnstrasse.hamburg.de\/wp-content\/uploads\/sites\/63\/2025\/09\/QR-Beitritt-Schulverein-150x150.jpg 150w, https:\/\/schule-doehrnstrasse.hamburg.de\/wp-content\/uploads\/sites\/63\/2025\/09\/QR-Beitritt-Schulverein-100x100.jpg 100w\" sizes=\"auto, (max-width: 187px) 100vw, 187px\" \/><\/a><\/p>\n<p>Auch\u00a0<strong>Geld-\u00a0<\/strong>und<strong>\u00a0Sachspenden<\/strong>\u00a0sind willkommen.<\/p>\n<p>Geldspenden bitte an\u00a0<strong>IBAN<\/strong>\u00a0<strong>DE14 2005 0550 1259 1254 49<\/strong>\u00a0oder \u00fcber\u00a0<strong>Paypal<\/strong>, einfach den folgenden Code scannen.<\/p>\n<p><strong>Paypal-Spende an den Schulverein\u00a0 &#8211; <a href=\"https:\/\/www.paypal.com\/donate?hosted_button_id=U8KP2SE5YFUTS\" target=\"_blank\" rel=\"noopener\">hier spenden!<\/a><\/strong><\/p>\n<p><a href=\"https:\/\/schule-doehrnstrasse.hamburg.de\/wp-content\/uploads\/sites\/63\/2025\/09\/QR-Code-fuer-Spenden-an-den-Schulverein-der-Grundschule-Doehrnstrasse-e.V.png\"><img loading=\"lazy\" decoding=\"async\" class=\"alignnone size-full wp-image-7000\" src=\"https:\/\/schule-doehrnstrasse.hamburg.de\/wp-content\/uploads\/sites\/63\/2025\/09\/QR-Code-fuer-Spenden-an-den-Schulverein-der-Grundschule-Doehrnstrasse-e.V.png\" alt=\"\" width=\"160\" height=\"160\" srcset=\"https:\/\/schule-doehrnstrasse.hamburg.de\/wp-content\/uploads\/sites\/63\/2025\/09\/QR-Code-fuer-Spenden-an-den-Schulverein-der-Grundschule-Doehrnstrasse-e.V.png 160w, https:\/\/schule-doehrnstrasse.hamburg.de\/wp-content\/uploads\/sites\/63\/2025\/09\/QR-Code-fuer-Spenden-an-den-Schulverein-der-Grundschule-Doehrnstrasse-e.V-150x150.png 150w, https:\/\/schule-doehrnstrasse.hamburg.de\/wp-content\/uploads\/sites\/63\/2025\/09\/QR-Code-fuer-Spenden-an-den-Schulverein-der-Grundschule-Doehrnstrasse-e.V-100x100.png 100w\" sizes=\"auto, (max-width: 160px) 100vw, 160px\" \/><\/a><\/p>\n<p>Auch wer im Schulverein mithelfen m\u00f6chte, ist herzlich willkommen.<br \/>\nWir sind offen f\u00fcr alle Ideen und W\u00fcnsche und freuen uns \u00fcber jede und jeden von Euch.<\/p>\n<p>Herzlichen Dank im Namen aller Kinder! Euer Schulverein<\/p>\n<p><a href=\"https:\/\/schule-doehrnstrasse.hamburg.de\/wp-content\/uploads\/sites\/63\/2025\/11\/Mitglieder_Schulverein-scaled.jpeg\"><img loading=\"lazy\" decoding=\"async\" class=\"wp-image-7078 aligncenter\" src=\"https:\/\/schule-doehrnstrasse.hamburg.de\/wp-content\/uploads\/sites\/63\/2025\/11\/Mitglieder_Schulverein-212x300.jpeg\" alt=\"\" width=\"328\" height=\"465\" srcset=\"https:\/\/schule-doehrnstrasse.hamburg.de\/wp-content\/uploads\/sites\/63\/2025\/11\/Mitglieder_Schulverein-212x300.jpeg 212w, https:\/\/schule-doehrnstrasse.hamburg.de\/wp-content\/uploads\/sites\/63\/2025\/11\/Mitglieder_Schulverein-723x1024.jpeg 723w, https:\/\/schule-doehrnstrasse.hamburg.de\/wp-content\/uploads\/sites\/63\/2025\/11\/Mitglieder_Schulverein-768x1088.jpeg 768w, https:\/\/schule-doehrnstrasse.hamburg.de\/wp-content\/uploads\/sites\/63\/2025\/11\/Mitglieder_Schulverein-1085x1536.jpeg 1085w, https:\/\/schule-doehrnstrasse.hamburg.de\/wp-content\/uploads\/sites\/63\/2025\/11\/Mitglieder_Schulverein-1446x2048.jpeg 1446w, https:\/\/schule-doehrnstrasse.hamburg.de\/wp-content\/uploads\/sites\/63\/2025\/11\/Mitglieder_Schulverein-scaled.jpeg 1808w\" sizes=\"auto, (max-width: 328px) 100vw, 328px\" \/><\/a><\/p>\n<p><a href=\"https:\/\/schule-doehrnstrasse.hamburg.de\/wp-content\/uploads\/sites\/63\/2025\/09\/Flyer-Schulverein-Grundschule-Doehrnstrasse.pdf\">Flyer Schulverein Grundschule D\u00f6hrnstra\u00dfe<\/a><\/p>\n<p><a href=\"https:\/\/schule-doehrnstrasse.hamburg.de\/wp-content\/uploads\/sites\/63\/2025\/11\/Neu_Beitrittserklaerung-Schulverein-Doehrnstrasse.pdf\">Beitrittserkl\u00e4rung Schulverein Grundschule D\u00f6hrnstra\u00dfe zum Ausdrucken<\/a><\/p>\n<p>&nbsp;<\/p>\n<p>Schulverein Grundschule D\u00f6hrnstra\u00dfe e.V.<\/p>\n<p>D\u00f6hrnstra\u00dfe 42<\/p>\n<p>22529 Hamburg<\/p>\n<p>schulverein.doehrn@gmx.de<\/p>\n<p>&nbsp;<\/p>\n<div class=\"maintext\">\n<p>&nbsp;<\/p>\n<\/div>\n","protected":false},"excerpt":{"rendered":"<p>Schulverein Grundschule D\u00f6hrnstra\u00dfe &#8211; Wie Eltern helfen k\u00f6nnen Liebe Eltern, der Schulverein ist ein gemeinn\u00fctziger F\u00f6rderverein. Wir k\u00fcmmern uns um Anschaffungen und sch\u00f6ne Dinge f\u00fcr alle Kinder unserer Grundschule und unterst\u00fctzen bed\u00fcrftige Familien. Unten findet Ihr\u00a0Links zu unserem Flyer und zum analogen Beitrittsverfahren. Was macht der Schulverein? Mit Euren Spenden und Beitr\u00e4gen unterst\u00fctzen wir: die &hellip; <\/p>\n<p class=\"link-more\"><a href=\"https:\/\/schule-doehrnstrasse.hamburg.de\/?page_id=471\" class=\"more-link\"><span class=\"screen-reader-text\">\u201eSchulverein\u201c <\/span>weiterlesen<\/a><\/p>\n","protected":false},"author":86,"featured_media":0,"parent":0,"menu_order":0,"comment_status":"closed","ping_status":"closed","template":"","meta":{"_acf_changed":false,"footnotes":""},"class_list":["post-471","page","type-page","status-publish","hentry"],"acf":[],"_links":{"self":[{"href":"https:\/\/schule-doehrnstrasse.hamburg.de\/index.php?rest_route=\/wp\/v2\/pages\/471","targetHints":{"allow":["GET"]}}],"collection":[{"href":"https:\/\/schule-doehrnstrasse.hamburg.de\/index.php?rest_route=\/wp\/v2\/pages"}],"about":[{"href":"https:\/\/schule-doehrnstrasse.hamburg.de\/index.php?rest_route=\/wp\/v2\/types\/page"}],"author":[{"embeddable":true,"href":"https:\/\/schule-doehrnstrasse.hamburg.de\/index.php?rest_route=\/wp\/v2\/users\/86"}],"replies":[{"embeddable":true,"href":"https:\/\/schule-doehrnstrasse.hamburg.de\/index.php?rest_route=%2Fwp%2Fv2%2Fcomments&post=471"}],"version-history":[{"count":35,"href":"https:\/\/schule-doehrnstrasse.hamburg.de\/index.php?rest_route=\/wp\/v2\/pages\/471\/revisions"}],"predecessor-version":[{"id":7086,"href":"https:\/\/schule-doehrnstrasse.hamburg.de\/index.php?rest_route=\/wp\/v2\/pages\/471\/revisions\/7086"}],"wp:attachment":[{"href":"https:\/\/schule-doehrnstrasse.hamburg.de\/index.php?rest_route=%2Fwp%2Fv2%2Fmedia&parent=471"}],"curies":[{"name":"wp","href":"https:\/\/api.w.org\/{rel}","templated":true}]}}