{"id":468,"date":"2014-12-11T10:28:50","date_gmt":"2014-12-11T08:28:50","guid":{"rendered":"http:\/\/schule-doehrnstrasse.schulhomepages.hamburg.de\/?page_id=468"},"modified":"2026-04-29T11:24:10","modified_gmt":"2026-04-29T09:24:10","slug":"medien-im-schulalltag","status":"publish","type":"page","link":"https:\/\/schule-doehrnstrasse.hamburg.de\/?page_id=468","title":{"rendered":"Medien im Schulalltag"},"content":{"rendered":"<p align=\"JUSTIFY\">Neben den \u00fcblichen Unterrichtsmaterialien haben wir an unserer Schule eine Ausstattung mit einer gro\u00dfen Anzahl an Tablets und in den h\u00f6heren Klassen auch Notebooks, die den Unterricht in vielf\u00e4ltiger Weise erg\u00e4nzen k\u00f6nnen.<\/p>\n<p align=\"JUSTIFY\">Die Ger\u00e4te sind mit Internetzugang, sowie ausgesuchter Lernsoftware bespielt und leisten damit eine wertvolle Unterst\u00fctzung in der F\u00f6rderung und Forderung von Kindern. So werden begleitend und zus\u00e4tzlich zum Unterricht Lern- und \u00dcbungsprogramme eingesetzt. Die Erfahrung zeigt, dass gerade Kinder mit Teilleistungsst\u00f6rungen konzentriert und mit hoher Motivation diese Angebote annehmen. Da jedes Kind an seinem Ger\u00e4t arbeitet, ergibt sich die Differenzierung von selbst. Jedes Kind erh\u00e4lt Aufgaben auf seinem Niveau.<\/p>\n<p><span style=\"font-size: medium\">Unsere Sch\u00fcler sollen bereits in der Grundschule an den Umgang mit Medien herangef\u00fchrt werden.\u00a0<\/span><\/p>\n<p align=\"JUSTIFY\">Zus\u00e4tzlich gibt es in allen R\u00e4umen jeweils ein Interaktives Whiteboard, das im Rahmen des Unterrichts vielf\u00e4ltig eingesetzt wird. Hier setzen sich die Sch\u00fclerinnen und Sch\u00fcler ebenfalls mit der neuesten Technik auseinander.<\/p>\n<div id='gallery-1' class='gallery galleryid-468 gallery-columns-2 gallery-size-medium'><figure class='gallery-item'>\n\t\t\t<div class='gallery-icon landscape'>\n\t\t\t\t<img loading=\"lazy\" decoding=\"async\" width=\"300\" height=\"225\" src=\"https:\/\/schule-doehrnstrasse.hamburg.de\/wp-content\/uploads\/sites\/63\/2020\/11\/0B338A2C-E275-4CA7-A81E-99ACB3916C96-300x225.jpeg\" class=\"attachment-medium size-medium\" alt=\"\" srcset=\"https:\/\/schule-doehrnstrasse.hamburg.de\/wp-content\/uploads\/sites\/63\/2020\/11\/0B338A2C-E275-4CA7-A81E-99ACB3916C96-300x225.jpeg 300w, https:\/\/schule-doehrnstrasse.hamburg.de\/wp-content\/uploads\/sites\/63\/2020\/11\/0B338A2C-E275-4CA7-A81E-99ACB3916C96.jpeg 320w\" sizes=\"auto, 100vw\" \/>\n\t\t\t<\/div><\/figure><figure class='gallery-item'>\n\t\t\t<div class='gallery-icon landscape'>\n\t\t\t\t<img loading=\"lazy\" decoding=\"async\" width=\"300\" height=\"225\" src=\"https:\/\/schule-doehrnstrasse.hamburg.de\/wp-content\/uploads\/sites\/63\/2020\/11\/73622C11-8A2F-4A14-AD49-36894873E089-300x225.jpeg\" class=\"attachment-medium size-medium\" alt=\"\" srcset=\"https:\/\/schule-doehrnstrasse.hamburg.de\/wp-content\/uploads\/sites\/63\/2020\/11\/73622C11-8A2F-4A14-AD49-36894873E089-300x225.jpeg 300w, https:\/\/schule-doehrnstrasse.hamburg.de\/wp-content\/uploads\/sites\/63\/2020\/11\/73622C11-8A2F-4A14-AD49-36894873E089.jpeg 320w\" sizes=\"auto, 100vw\" \/>\n\t\t\t<\/div><\/figure><figure class='gallery-item'>\n\t\t\t<div class='gallery-icon landscape'>\n\t\t\t\t<img loading=\"lazy\" decoding=\"async\" width=\"300\" height=\"225\" src=\"https:\/\/schule-doehrnstrasse.hamburg.de\/wp-content\/uploads\/sites\/63\/2020\/12\/ZjQwMjFlZmItYWQxYy00NzViLWIxMjctNzEwM2NmZThhNTU0QGRwYW9ydnYuZGUjsessionid47699CE3AE79160C571894415DF7D9F4-n3-300x225.jpg\" class=\"attachment-medium size-medium\" alt=\"\" srcset=\"https:\/\/schule-doehrnstrasse.hamburg.de\/wp-content\/uploads\/sites\/63\/2020\/12\/ZjQwMjFlZmItYWQxYy00NzViLWIxMjctNzEwM2NmZThhNTU0QGRwYW9ydnYuZGUjsessionid47699CE3AE79160C571894415DF7D9F4-n3-300x225.jpg 300w, https:\/\/schule-doehrnstrasse.hamburg.de\/wp-content\/uploads\/sites\/63\/2020\/12\/ZjQwMjFlZmItYWQxYy00NzViLWIxMjctNzEwM2NmZThhNTU0QGRwYW9ydnYuZGUjsessionid47699CE3AE79160C571894415DF7D9F4-n3.jpg 640w\" sizes=\"auto, 100vw\" \/>\n\t\t\t<\/div><\/figure><figure class='gallery-item'>\n\t\t\t<div class='gallery-icon landscape'>\n\t\t\t\t<img loading=\"lazy\" decoding=\"async\" width=\"300\" height=\"225\" src=\"https:\/\/schule-doehrnstrasse.hamburg.de\/wp-content\/uploads\/sites\/63\/2022\/11\/IMG_4323-300x225.jpg\" class=\"attachment-medium size-medium\" alt=\"\" srcset=\"https:\/\/schule-doehrnstrasse.hamburg.de\/wp-content\/uploads\/sites\/63\/2022\/11\/IMG_4323-300x225.jpg 300w, https:\/\/schule-doehrnstrasse.hamburg.de\/wp-content\/uploads\/sites\/63\/2022\/11\/IMG_4323-1024x768.jpg 1024w, https:\/\/schule-doehrnstrasse.hamburg.de\/wp-content\/uploads\/sites\/63\/2022\/11\/IMG_4323-768x576.jpg 768w, https:\/\/schule-doehrnstrasse.hamburg.de\/wp-content\/uploads\/sites\/63\/2022\/11\/IMG_4323-1536x1152.jpg 1536w, https:\/\/schule-doehrnstrasse.hamburg.de\/wp-content\/uploads\/sites\/63\/2022\/11\/IMG_4323-2048x1536.jpg 2048w\" sizes=\"auto, 100vw\" \/>\n\t\t\t<\/div><\/figure>\n\t\t<\/div>\n\n","protected":false},"excerpt":{"rendered":"<p>Neben den \u00fcblichen Unterrichtsmaterialien haben wir an unserer Schule eine Ausstattung mit einer gro\u00dfen Anzahl an Tablets und in den h\u00f6heren Klassen auch Notebooks, die den Unterricht in vielf\u00e4ltiger Weise erg\u00e4nzen k\u00f6nnen. Die Ger\u00e4te sind mit Internetzugang, sowie ausgesuchter Lernsoftware bespielt und leisten damit eine wertvolle Unterst\u00fctzung in der F\u00f6rderung und Forderung von Kindern. So &hellip; <\/p>\n<p class=\"link-more\"><a href=\"https:\/\/schule-doehrnstrasse.hamburg.de\/?page_id=468\" class=\"more-link\"><span class=\"screen-reader-text\">\u201eMedien im Schulalltag\u201c <\/span>weiterlesen<\/a><\/p>\n","protected":false},"author":86,"featured_media":0,"parent":0,"menu_order":0,"comment_status":"closed","ping_status":"closed","template":"","meta":{"_acf_changed":false,"footnotes":""},"class_list":["post-468","page","type-page","status-publish","hentry"],"acf":[],"_links":{"self":[{"href":"https:\/\/schule-doehrnstrasse.hamburg.de\/index.php?rest_route=\/wp\/v2\/pages\/468","targetHints":{"allow":["GET"]}}],"collection":[{"href":"https:\/\/schule-doehrnstrasse.hamburg.de\/index.php?rest_route=\/wp\/v2\/pages"}],"about":[{"href":"https:\/\/schule-doehrnstrasse.hamburg.de\/index.php?rest_route=\/wp\/v2\/types\/page"}],"author":[{"embeddable":true,"href":"https:\/\/schule-doehrnstrasse.hamburg.de\/index.php?rest_route=\/wp\/v2\/users\/86"}],"replies":[{"embeddable":true,"href":"https:\/\/schule-doehrnstrasse.hamburg.de\/index.php?rest_route=%2Fwp%2Fv2%2Fcomments&post=468"}],"version-history":[{"count":16,"href":"https:\/\/schule-doehrnstrasse.hamburg.de\/index.php?rest_route=\/wp\/v2\/pages\/468\/revisions"}],"predecessor-version":[{"id":7306,"href":"https:\/\/schule-doehrnstrasse.hamburg.de\/index.php?rest_route=\/wp\/v2\/pages\/468\/revisions\/7306"}],"wp:attachment":[{"href":"https:\/\/schule-doehrnstrasse.hamburg.de\/index.php?rest_route=%2Fwp%2Fv2%2Fmedia&parent=468"}],"curies":[{"name":"wp","href":"https:\/\/api.w.org\/{rel}","templated":true}]}}