{"id":466,"date":"2014-12-11T10:27:46","date_gmt":"2014-12-11T08:27:46","guid":{"rendered":"http:\/\/schule-doehrnstrasse.schulhomepages.hamburg.de\/?page_id=466"},"modified":"2022-11-22T09:37:21","modified_gmt":"2022-11-22T07:37:21","slug":"musik-in-der-doehrnstrasse-kooperation-mit-der-jugendmusikschule","status":"publish","type":"page","link":"https:\/\/schule-doehrnstrasse.hamburg.de\/?page_id=466","title":{"rendered":"Musik in der D\u00f6hrnstra\u00dfe: Kooperation mit der Jugendmusikschule"},"content":{"rendered":"<p align=\"JUSTIFY\">Seit etlichen Jahren besteht nun bereits die Kooperation zwischen der Grundschule D\u00f6hrnstra\u00dfe und der Jugendmusikschule.<\/p>\n<p align=\"JUSTIFY\">Verschiedene Klassen\u00a0werden nicht nur von unseren internen Fachlehrkr\u00e4ften, sondern auch von\u00a0Kolleginnen der Jugendmusikschule unterrichtet und profitieren auf diese Weise vom Musikunterricht aus unterschiedlichen Perspektiven.\u00a0Es wird theoretisches wie praktisches Wissen vermittelt, Projekte wie ein Musiktheater mit Tanzen und Bewegung verwirklicht und viel gesungen und musiziert.<\/p>\n<p>Zudem wird der Unterricht mit vielen k\u00fcnstlerischen Highlights versch\u00f6nert, wie zum Beispiel:<\/p>\n<p>&#8211; regelm\u00e4\u00dfige Besuche der Hamburger Camerata, die in der Gro\u00dfen Aula f\u00fcr unsere Kinder spielen<\/p>\n<p>&#8211; Staatsoper besuche z.B. im Dezember das Ballet \u201eDer Nussknacker\u201c<\/p>\n<p>&#8211; Ein Besuch des Kinder- Konzertes des NDR-Orchesters<\/p>\n<p>Au\u00dferdem wird jedes Jahr ein traditionelles Advents- und Sommer- Singen veranstaltet!<\/p>\n<div id='gallery-1' class='gallery galleryid-466 gallery-columns-3 gallery-size-thumbnail'><figure class='gallery-item'>\n\t\t\t<div class='gallery-icon landscape'>\n\t\t\t\t<a href='https:\/\/schule-doehrnstrasse.hamburg.de\/?attachment_id=2292'><img loading=\"lazy\" decoding=\"async\" width=\"150\" height=\"150\" src=\"https:\/\/schule-doehrnstrasse.hamburg.de\/wp-content\/uploads\/sites\/63\/2019\/11\/IMG_7255-150x150.jpg\" class=\"attachment-thumbnail size-thumbnail\" alt=\"\" aria-describedby=\"gallery-1-2292\" sizes=\"auto, 100vw\" \/><\/a>\n\t\t\t<\/div>\n\t\t\t\t<figcaption class='wp-caption-text gallery-caption' id='gallery-1-2292'>\n\t\t\t\tKonzert unserer Kinder in der Laeiszhalle\n\t\t\t\t<\/figcaption><\/figure><figure class='gallery-item'>\n\t\t\t<div class='gallery-icon landscape'>\n\t\t\t\t<a href='https:\/\/schule-doehrnstrasse.hamburg.de\/?attachment_id=2147'><img loading=\"lazy\" decoding=\"async\" width=\"150\" height=\"150\" src=\"https:\/\/schule-doehrnstrasse.hamburg.de\/wp-content\/uploads\/sites\/63\/2018\/12\/1-150x150.jpg\" class=\"attachment-thumbnail size-thumbnail\" alt=\"\" aria-describedby=\"gallery-1-2147\" sizes=\"auto, 100vw\" \/><\/a>\n\t\t\t<\/div>\n\t\t\t\t<figcaption class='wp-caption-text gallery-caption' id='gallery-1-2147'>\n\t\t\t\tUnser Weihnachtskonzert in der Laeiszhalle \n\t\t\t\t<\/figcaption><\/figure><figure class='gallery-item'>\n\t\t\t<div class='gallery-icon landscape'>\n\t\t\t\t<a href='https:\/\/schule-doehrnstrasse.hamburg.de\/?attachment_id=1966'><img loading=\"lazy\" decoding=\"async\" width=\"150\" height=\"150\" src=\"https:\/\/schule-doehrnstrasse.hamburg.de\/wp-content\/uploads\/sites\/63\/2017\/12\/2V8KXHFL-150x150.jpg\" class=\"attachment-thumbnail size-thumbnail\" alt=\"\" aria-describedby=\"gallery-1-1966\" sizes=\"auto, 100vw\" \/><\/a>\n\t\t\t<\/div>\n\t\t\t\t<figcaption class='wp-caption-text gallery-caption' id='gallery-1-1966'>\n\t\t\t\tWeihnachkonzert in der Kirche bei der Lutherbuche\n\t\t\t\t<\/figcaption><\/figure><figure class='gallery-item'>\n\t\t\t<div class='gallery-icon landscape'>\n\t\t\t\t<a href='https:\/\/schule-doehrnstrasse.hamburg.de\/?attachment_id=1548'><img loading=\"lazy\" decoding=\"async\" width=\"150\" height=\"150\" src=\"https:\/\/schule-doehrnstrasse.hamburg.de\/wp-content\/uploads\/sites\/63\/2016\/11\/8-150x150.jpg\" class=\"attachment-thumbnail size-thumbnail\" alt=\"\" aria-describedby=\"gallery-1-1548\" sizes=\"auto, 100vw\" \/><\/a>\n\t\t\t<\/div>\n\t\t\t\t<figcaption class='wp-caption-text gallery-caption' id='gallery-1-1548'>\n\t\t\t\tDie Camerata zu Besuch in unserer Aula\n\t\t\t\t<\/figcaption><\/figure><figure class='gallery-item'>\n\t\t\t<div class='gallery-icon landscape'>\n\t\t\t\t<a href='https:\/\/schule-doehrnstrasse.hamburg.de\/?attachment_id=3760'><img loading=\"lazy\" decoding=\"async\" width=\"150\" height=\"150\" src=\"https:\/\/schule-doehrnstrasse.hamburg.de\/wp-content\/uploads\/sites\/63\/2022\/06\/Sommersingen--150x150.jpg\" class=\"attachment-thumbnail size-thumbnail\" alt=\"\" aria-describedby=\"gallery-1-3760\" srcset=\"https:\/\/schule-doehrnstrasse.hamburg.de\/wp-content\/uploads\/sites\/63\/2022\/06\/Sommersingen--150x150.jpg 150w, https:\/\/schule-doehrnstrasse.hamburg.de\/wp-content\/uploads\/sites\/63\/2022\/06\/Sommersingen--100x100.jpg 100w\" sizes=\"auto, 100vw\" \/><\/a>\n\t\t\t<\/div>\n\t\t\t\t<figcaption class='wp-caption-text gallery-caption' id='gallery-1-3760'>\n\t\t\t\tUnser Sommersingen \n\t\t\t\t<\/figcaption><\/figure><figure class='gallery-item'>\n\t\t\t<div class='gallery-icon landscape'>\n\t\t\t\t<a href='https:\/\/schule-doehrnstrasse.hamburg.de\/?attachment_id=3759'><img loading=\"lazy\" decoding=\"async\" width=\"150\" height=\"150\" src=\"https:\/\/schule-doehrnstrasse.hamburg.de\/wp-content\/uploads\/sites\/63\/2022\/06\/Sommersingen-150x150.jpg\" class=\"attachment-thumbnail size-thumbnail\" alt=\"\" aria-describedby=\"gallery-1-3759\" srcset=\"https:\/\/schule-doehrnstrasse.hamburg.de\/wp-content\/uploads\/sites\/63\/2022\/06\/Sommersingen-150x150.jpg 150w, https:\/\/schule-doehrnstrasse.hamburg.de\/wp-content\/uploads\/sites\/63\/2022\/06\/Sommersingen-100x100.jpg 100w\" sizes=\"auto, 100vw\" \/><\/a>\n\t\t\t<\/div>\n\t\t\t\t<figcaption class='wp-caption-text gallery-caption' id='gallery-1-3759'>\n\t\t\t\tSommersingen\n\t\t\t\t<\/figcaption><\/figure>\n\t\t<\/div>\n\n","protected":false},"excerpt":{"rendered":"<p>Seit etlichen Jahren besteht nun bereits die Kooperation zwischen der Grundschule D\u00f6hrnstra\u00dfe und der Jugendmusikschule. Verschiedene Klassen\u00a0werden nicht nur von unseren internen Fachlehrkr\u00e4ften, sondern auch von\u00a0Kolleginnen der Jugendmusikschule unterrichtet und profitieren auf diese Weise vom Musikunterricht aus unterschiedlichen Perspektiven.\u00a0Es wird theoretisches wie praktisches Wissen vermittelt, Projekte wie ein Musiktheater mit Tanzen und Bewegung verwirklicht und &hellip; <\/p>\n<p class=\"link-more\"><a href=\"https:\/\/schule-doehrnstrasse.hamburg.de\/?page_id=466\" class=\"more-link\"><span class=\"screen-reader-text\">\u201eMusik in der D\u00f6hrnstra\u00dfe: Kooperation mit der Jugendmusikschule\u201c <\/span>weiterlesen<\/a><\/p>\n","protected":false},"author":86,"featured_media":0,"parent":0,"menu_order":0,"comment_status":"closed","ping_status":"closed","template":"","meta":{"_acf_changed":false,"footnotes":""},"class_list":["post-466","page","type-page","status-publish","hentry"],"acf":[],"_links":{"self":[{"href":"https:\/\/schule-doehrnstrasse.hamburg.de\/index.php?rest_route=\/wp\/v2\/pages\/466","targetHints":{"allow":["GET"]}}],"collection":[{"href":"https:\/\/schule-doehrnstrasse.hamburg.de\/index.php?rest_route=\/wp\/v2\/pages"}],"about":[{"href":"https:\/\/schule-doehrnstrasse.hamburg.de\/index.php?rest_route=\/wp\/v2\/types\/page"}],"author":[{"embeddable":true,"href":"https:\/\/schule-doehrnstrasse.hamburg.de\/index.php?rest_route=\/wp\/v2\/users\/86"}],"replies":[{"embeddable":true,"href":"https:\/\/schule-doehrnstrasse.hamburg.de\/index.php?rest_route=%2Fwp%2Fv2%2Fcomments&post=466"}],"version-history":[{"count":4,"href":"https:\/\/schule-doehrnstrasse.hamburg.de\/index.php?rest_route=\/wp\/v2\/pages\/466\/revisions"}],"predecessor-version":[{"id":4620,"href":"https:\/\/schule-doehrnstrasse.hamburg.de\/index.php?rest_route=\/wp\/v2\/pages\/466\/revisions\/4620"}],"wp:attachment":[{"href":"https:\/\/schule-doehrnstrasse.hamburg.de\/index.php?rest_route=%2Fwp%2Fv2%2Fmedia&parent=466"}],"curies":[{"name":"wp","href":"https:\/\/api.w.org\/{rel}","templated":true}]}}