{"id":462,"date":"2014-12-11T10:25:10","date_gmt":"2014-12-11T08:25:10","guid":{"rendered":"http:\/\/schule-doehrnstrasse.schulhomepages.hamburg.de\/?page_id=462"},"modified":"2020-11-12T08:46:11","modified_gmt":"2020-11-12T06:46:11","slug":"ein-schulvormittag-in-der-vorschule","status":"publish","type":"page","link":"https:\/\/schule-doehrnstrasse.hamburg.de\/?page_id=462","title":{"rendered":"Ein Schulvormittag in der Vorschule"},"content":{"rendered":"<p style=\"text-align: justify\">Unser Schulvormittag startet in diesen Klassen ab 8.00 Uhr. In einer offenen Ankommenszeit bis 8.30 gibt es Gelegenheit f\u00fcr Gespr\u00e4che und freies Spielen.<\/p>\n<p style=\"text-align: justify\">Um ca. 8.30 Uhr treffen wir uns alle im Morgenkreis. In diesem Erz\u00e4hlkreis berichten die Kinder von ihren Erlebnissen und wir singen gemeinsam. Dazu geh\u00f6rt auch die Vorstellung des Tagesplanes. Dann nehmen wir gemeinsam unser Fr\u00fchst\u00fcck ein und danach geht es in die erste Pause auf den Schulhof, zusammen mit allen anderen Kindern unserer Schule.<\/p>\n<p style=\"text-align: justify\">Von 9.15 Uhr bis 10.15 und von 10.45 bis 11.45 Uhr wird &#8211; mit der Unterbrechung von 30 min\u00a0 \u201egearbeitet&#8220;: Es erfolgen Arbeit und Entspannung stets im Wechsel. Die n\u00e4chste gro\u00dfe Pause beginnt um 11.45 und endet um 12 Uhr.<\/p>\n<p style=\"text-align: justify\">In der 4. Stunde r\u00e4umen wir auf und lassen den Tag im gemeinsamen Abschlusskreis Revue passieren.<br \/>\nF\u00fcr die Kinder, die auch am Nachmittag betreut werden, beginnt um 12.30 Uhr das Mittagessen. Die anderen Kinder bleiben bis 13 Uhr und beenden den Vormittag mit einer gemeinsamen Verabschiedung.<\/p>\n","protected":false},"excerpt":{"rendered":"<p>Unser Schulvormittag startet in diesen Klassen ab 8.00 Uhr. In einer offenen Ankommenszeit bis 8.30 gibt es Gelegenheit f\u00fcr Gespr\u00e4che und freies Spielen. Um ca. 8.30 Uhr treffen wir uns alle im Morgenkreis. In diesem Erz\u00e4hlkreis berichten die Kinder von ihren Erlebnissen und wir singen gemeinsam. Dazu geh\u00f6rt auch die Vorstellung des Tagesplanes. Dann nehmen &hellip; <\/p>\n<p class=\"link-more\"><a href=\"https:\/\/schule-doehrnstrasse.hamburg.de\/?page_id=462\" class=\"more-link\"><span class=\"screen-reader-text\">\u201eEin Schulvormittag in der Vorschule\u201c <\/span>weiterlesen<\/a><\/p>\n","protected":false},"author":86,"featured_media":0,"parent":0,"menu_order":0,"comment_status":"closed","ping_status":"closed","template":"","meta":{"_acf_changed":false,"footnotes":""},"class_list":["post-462","page","type-page","status-publish","hentry"],"acf":[],"_links":{"self":[{"href":"https:\/\/schule-doehrnstrasse.hamburg.de\/index.php?rest_route=\/wp\/v2\/pages\/462","targetHints":{"allow":["GET"]}}],"collection":[{"href":"https:\/\/schule-doehrnstrasse.hamburg.de\/index.php?rest_route=\/wp\/v2\/pages"}],"about":[{"href":"https:\/\/schule-doehrnstrasse.hamburg.de\/index.php?rest_route=\/wp\/v2\/types\/page"}],"author":[{"embeddable":true,"href":"https:\/\/schule-doehrnstrasse.hamburg.de\/index.php?rest_route=\/wp\/v2\/users\/86"}],"replies":[{"embeddable":true,"href":"https:\/\/schule-doehrnstrasse.hamburg.de\/index.php?rest_route=%2Fwp%2Fv2%2Fcomments&post=462"}],"version-history":[{"count":3,"href":"https:\/\/schule-doehrnstrasse.hamburg.de\/index.php?rest_route=\/wp\/v2\/pages\/462\/revisions"}],"predecessor-version":[{"id":2479,"href":"https:\/\/schule-doehrnstrasse.hamburg.de\/index.php?rest_route=\/wp\/v2\/pages\/462\/revisions\/2479"}],"wp:attachment":[{"href":"https:\/\/schule-doehrnstrasse.hamburg.de\/index.php?rest_route=%2Fwp%2Fv2%2Fmedia&parent=462"}],"curies":[{"name":"wp","href":"https:\/\/api.w.org\/{rel}","templated":true}]}}