{"id":454,"date":"2014-12-11T10:20:20","date_gmt":"2014-12-11T08:20:20","guid":{"rendered":"http:\/\/schule-doehrnstrasse.schulhomepages.hamburg.de\/?page_id=454"},"modified":"2021-11-30T12:03:56","modified_gmt":"2021-11-30T10:03:56","slug":"zusammenarbeit-mit-den-eltern-in-den-vorschulklassen","status":"publish","type":"page","link":"https:\/\/schule-doehrnstrasse.hamburg.de\/?page_id=454","title":{"rendered":"Zusammenarbeit mit den Eltern in den Vorschulklassen"},"content":{"rendered":"<p style=\"text-align: justify\">Bei der individuellen F\u00f6rderung der Kinder legen wir viel Wert auf eine gute Kooperation mit den Eltern. Als ExpertInnen f\u00fcr das Lernen in Gruppen sind wir immer auch an einem offenen Austausch mit den Eltern interessiert, die wir als SpezialistInnen f\u00fcr ihr eigenes Kind wertsch\u00e4tzen. Gerne greifen wir auch Anregungen aus der Elternschaft auf, um unsere Arbeit zu verbessern und f\u00fcr die Kinder effektiver zu gestalten. Hin und wieder ben\u00f6tigen wir auch tatkr\u00e4ftige Unterst\u00fctzung, z.B. als Begleitung bei Ausfl\u00fcgen und beim Backen und Basteln zur Weihnachtszeit und der Planung des Abschlussfestes.<\/p>\n","protected":false},"excerpt":{"rendered":"<p>Bei der individuellen F\u00f6rderung der Kinder legen wir viel Wert auf eine gute Kooperation mit den Eltern. Als ExpertInnen f\u00fcr das Lernen in Gruppen sind wir immer auch an einem offenen Austausch mit den Eltern interessiert, die wir als SpezialistInnen f\u00fcr ihr eigenes Kind wertsch\u00e4tzen. Gerne greifen wir auch Anregungen aus der Elternschaft auf, um &hellip; <\/p>\n<p class=\"link-more\"><a href=\"https:\/\/schule-doehrnstrasse.hamburg.de\/?page_id=454\" class=\"more-link\"><span class=\"screen-reader-text\">\u201eZusammenarbeit mit den Eltern in den Vorschulklassen\u201c <\/span>weiterlesen<\/a><\/p>\n","protected":false},"author":86,"featured_media":0,"parent":0,"menu_order":0,"comment_status":"closed","ping_status":"closed","template":"","meta":{"_acf_changed":false,"footnotes":""},"class_list":["post-454","page","type-page","status-publish","hentry"],"acf":[],"_links":{"self":[{"href":"https:\/\/schule-doehrnstrasse.hamburg.de\/index.php?rest_route=\/wp\/v2\/pages\/454","targetHints":{"allow":["GET"]}}],"collection":[{"href":"https:\/\/schule-doehrnstrasse.hamburg.de\/index.php?rest_route=\/wp\/v2\/pages"}],"about":[{"href":"https:\/\/schule-doehrnstrasse.hamburg.de\/index.php?rest_route=\/wp\/v2\/types\/page"}],"author":[{"embeddable":true,"href":"https:\/\/schule-doehrnstrasse.hamburg.de\/index.php?rest_route=\/wp\/v2\/users\/86"}],"replies":[{"embeddable":true,"href":"https:\/\/schule-doehrnstrasse.hamburg.de\/index.php?rest_route=%2Fwp%2Fv2%2Fcomments&post=454"}],"version-history":[{"count":1,"href":"https:\/\/schule-doehrnstrasse.hamburg.de\/index.php?rest_route=\/wp\/v2\/pages\/454\/revisions"}],"predecessor-version":[{"id":3039,"href":"https:\/\/schule-doehrnstrasse.hamburg.de\/index.php?rest_route=\/wp\/v2\/pages\/454\/revisions\/3039"}],"wp:attachment":[{"href":"https:\/\/schule-doehrnstrasse.hamburg.de\/index.php?rest_route=%2Fwp%2Fv2%2Fmedia&parent=454"}],"curies":[{"name":"wp","href":"https:\/\/api.w.org\/{rel}","templated":true}]}}