{"id":449,"date":"2014-12-11T10:15:45","date_gmt":"2014-12-11T08:15:45","guid":{"rendered":"http:\/\/schule-doehrnstrasse.schulhomepages.hamburg.de\/?page_id=449"},"modified":"2023-04-20T08:59:46","modified_gmt":"2023-04-20T06:59:46","slug":"unsere-schuelerbuecherei","status":"publish","type":"page","link":"https:\/\/schule-doehrnstrasse.hamburg.de\/?page_id=449","title":{"rendered":"Unsere Sch\u00fclerb\u00fccherei"},"content":{"rendered":"<p style=\"text-align: justify\">Im Erdgeschoss, direkt neben der Aula, finden alle Leseratten unsere Schulb\u00fccherei. Sie ist t\u00e4glich in der gro\u00dfen Pause zwischen 10.15 Uhr und 10.45 Uhr ge\u00f6ffnet.<\/p>\n<p style=\"text-align: justify\">\u00dcber 2.000 Erstleseb\u00fccher, darunter spannende, lustige, lehrreiche und abenteuerliche Lekt\u00fcre namhafter Autoren, warten darauf ausgeliehen zu werden. Da ist von Fu\u00dfball- \u00fcber Pferde- und Tiergeschichten bis hin zu Sachb\u00fcchern in deutscher und nat\u00fcrlich auch in italienischer Sprache f\u00fcr jeden etwas dabei.<\/p>\n<p style=\"text-align: justify\">Unsere Schulb\u00fccherei zeichnet sich durch eine besonders einfache Ausleihhandhabung aus. Sie sorgt daf\u00fcr, dass die Sch\u00fcler keinen eigenen Ausweis ben\u00f6tigen. Ein Buch kann bis zu drei Wochen ausgeliehen werden. Eine Fristverl\u00e4ngerung ist nach Absprache aber jederzeit m\u00f6glich.<\/p>\n<p style=\"text-align: justify\">Die B\u00fccherei wird ehrenamtlich von Eltern betreut. Sie regeln die w\u00f6chentliche Ausleihe, stellen die B\u00fccherei den neuen Klassen vor, bieten Beratung an und verantworten das regelm\u00e4\u00dfige Aktualisieren des Buchbestandes \u2013 Buchspenden sind \u00fcbrigens jederzeit willkommen!<\/p>\n<p style=\"text-align: justify\">Ob also einfach nur zum Schm\u00f6kern, zum Ausleihen oder zur Teilnahme an einer der vielen interessanten Aktionen und Wettbewerbe rund ums Buch \u2013 ein Besuch in unserer Schulb\u00fccherei lohnt sich immer.<\/p>\n<p>Kontakt E-Mail: <a href=\"mailto:buecherei-doehrn@gmx.de\">buecherei-doehrn@gmx.de<\/a><\/p>\n<p><a href=\"https:\/\/schule-doehrnstrasse.hamburg.de\/wp-content\/uploads\/sites\/63\/2023\/01\/Buecherei.pdf\">Informationen zur Schulb\u00fccherei<\/a><\/p>\n<p><img loading=\"lazy\" decoding=\"async\" class=\"alignnone wp-image-5274\" src=\"https:\/\/schule-doehrnstrasse.hamburg.de\/wp-content\/uploads\/sites\/63\/2023\/04\/1681543463030-300x225.jpeg\" alt=\"\" width=\"1149\" height=\"861\" srcset=\"https:\/\/schule-doehrnstrasse.hamburg.de\/wp-content\/uploads\/sites\/63\/2023\/04\/1681543463030-300x225.jpeg 300w, https:\/\/schule-doehrnstrasse.hamburg.de\/wp-content\/uploads\/sites\/63\/2023\/04\/1681543463030-1024x768.jpeg 1024w, https:\/\/schule-doehrnstrasse.hamburg.de\/wp-content\/uploads\/sites\/63\/2023\/04\/1681543463030-768x576.jpeg 768w, https:\/\/schule-doehrnstrasse.hamburg.de\/wp-content\/uploads\/sites\/63\/2023\/04\/1681543463030-1536x1152.jpeg 1536w, https:\/\/schule-doehrnstrasse.hamburg.de\/wp-content\/uploads\/sites\/63\/2023\/04\/1681543463030.jpeg 2016w\" sizes=\"auto, (max-width: 767px) 89vw, (max-width: 1000px) 54vw, (max-width: 1071px) 543px, 580px\" \/><\/p>\n","protected":false},"excerpt":{"rendered":"<p>Im Erdgeschoss, direkt neben der Aula, finden alle Leseratten unsere Schulb\u00fccherei. Sie ist t\u00e4glich in der gro\u00dfen Pause zwischen 10.15 Uhr und 10.45 Uhr ge\u00f6ffnet. \u00dcber 2.000 Erstleseb\u00fccher, darunter spannende, lustige, lehrreiche und abenteuerliche Lekt\u00fcre namhafter Autoren, warten darauf ausgeliehen zu werden. Da ist von Fu\u00dfball- \u00fcber Pferde- und Tiergeschichten bis hin zu Sachb\u00fcchern in &hellip; <\/p>\n<p class=\"link-more\"><a href=\"https:\/\/schule-doehrnstrasse.hamburg.de\/?page_id=449\" class=\"more-link\"><span class=\"screen-reader-text\">\u201eUnsere Sch\u00fclerb\u00fccherei\u201c <\/span>weiterlesen<\/a><\/p>\n","protected":false},"author":86,"featured_media":5273,"parent":0,"menu_order":0,"comment_status":"closed","ping_status":"closed","template":"","meta":{"_acf_changed":false,"footnotes":""},"class_list":["post-449","page","type-page","status-publish","has-post-thumbnail","hentry"],"acf":[],"_links":{"self":[{"href":"https:\/\/schule-doehrnstrasse.hamburg.de\/index.php?rest_route=\/wp\/v2\/pages\/449","targetHints":{"allow":["GET"]}}],"collection":[{"href":"https:\/\/schule-doehrnstrasse.hamburg.de\/index.php?rest_route=\/wp\/v2\/pages"}],"about":[{"href":"https:\/\/schule-doehrnstrasse.hamburg.de\/index.php?rest_route=\/wp\/v2\/types\/page"}],"author":[{"embeddable":true,"href":"https:\/\/schule-doehrnstrasse.hamburg.de\/index.php?rest_route=\/wp\/v2\/users\/86"}],"replies":[{"embeddable":true,"href":"https:\/\/schule-doehrnstrasse.hamburg.de\/index.php?rest_route=%2Fwp%2Fv2%2Fcomments&post=449"}],"version-history":[{"count":12,"href":"https:\/\/schule-doehrnstrasse.hamburg.de\/index.php?rest_route=\/wp\/v2\/pages\/449\/revisions"}],"predecessor-version":[{"id":5285,"href":"https:\/\/schule-doehrnstrasse.hamburg.de\/index.php?rest_route=\/wp\/v2\/pages\/449\/revisions\/5285"}],"wp:featuredmedia":[{"embeddable":true,"href":"https:\/\/schule-doehrnstrasse.hamburg.de\/index.php?rest_route=\/wp\/v2\/media\/5273"}],"wp:attachment":[{"href":"https:\/\/schule-doehrnstrasse.hamburg.de\/index.php?rest_route=%2Fwp%2Fv2%2Fmedia&parent=449"}],"curies":[{"name":"wp","href":"https:\/\/api.w.org\/{rel}","templated":true}]}}