{"id":4484,"date":"2022-12-07T12:54:33","date_gmt":"2022-12-07T10:54:33","guid":{"rendered":"https:\/\/schule-doehrnstrasse.hamburg.de\/?page_id=4484"},"modified":"2026-03-26T10:04:53","modified_gmt":"2026-03-26T09:04:53","slug":"gbs-online-buchung","status":"publish","type":"page","link":"https:\/\/schule-doehrnstrasse.hamburg.de\/?page_id=4484","title":{"rendered":"Ganztag-Online-Buchung"},"content":{"rendered":"<h1><a href=\"https:\/\/serviceportal.hamburg.de\/HamburgGateway\/Service\/Entry\/GANZTAG\">klick hier -&gt; Schule: Online-Anmeldung\/\u00c4nderung<\/a><\/h1>\n<div class=\"elementToProof\">Zus\u00e4tzlich zur Online-Buchung ben\u00f6tigt die KiJu einen g\u00fcltigen Betreuungsvertrag (Originalversion) Bitte geben sie diesen im GBS-B\u00fcro ab.<\/div>\n<div>Der Betreuungsvertrag muss <strong>nur noch bei Erstanmeldung<\/strong> zur Ganztagsbetreuung ausgef\u00fcllt werden und ist dann f\u00fcr die Dauer der Schulzeit in der D\u00f6hrnstra\u00dfe g\u00fcltig.<\/div>\n<p>&nbsp;<\/p>\n<div><a href=\"https:\/\/schule-doehrnstrasse.hamburg.de\/wp-content\/uploads\/sites\/63\/2026\/03\/Betreuungsvertrag.pdf\">Betreuungsvertrag<\/a><\/div>\n<div><\/div>\n<p>&nbsp;<\/p>\n<p>Bitte beachten Sie auch folgende Informationen:<\/p>\n<p><a href=\"https:\/\/schule-doehrnstrasse.hamburg.de\/wp-content\/uploads\/sites\/63\/2026\/03\/Datenschutzbestimmungen.pdf\">Datenschutzbestimmungen<\/a><\/p>\n<div><\/div>\n<div><\/div>\n<div><a href=\"https:\/\/schule-doehrnstrasse.hamburg.de\/wp-content\/uploads\/sites\/63\/2026\/03\/Merkblatt-Infektionsschutzgesetz.pdf\">Merkblatt Infektionsschutzgesetz<\/a><\/div>\n<p>&nbsp;<\/p>\n<div><a href=\"https:\/\/schule-doehrnstrasse.hamburg.de\/wp-content\/uploads\/sites\/63\/2026\/03\/Merkblatt-Medikamentengabe.pdf\">Merkblatt Medikamentengabe<\/a><\/div>\n<h1><strong>Wichtig (bitte beachten)!!:<\/strong><\/h1>\n<p>Der Kita-Gutschein liegt Ihnen noch nicht vor,\u00a0 da die Betreuung des j\u00fcngeren Geschwisterkindes noch nicht begonnen hat? Stellen Sie erstmal einen Antrag ohne Angabe der Verg\u00fcnstigung des Geschwisterkindes, damit die Betreuung gesichert ist. Sobald Ihnen der Kita-Gutschein vorliegt und g\u00fcltig ist, stellen Sie bitte umgehend einen \u00c4nderungsantrag und f\u00fcgen den Kita-Gutschein bei.<\/p>\n<p>Bitte in <strong>jedem Fall<\/strong> das j\u00fcngere Geschwisterkind mit angeben: <strong>Bitte den Kita-Gutschein anf\u00fcgen!<\/strong><\/p>\n<p>Das j\u00fcngere Geschwisterkind ist bereits bei uns in der Schule? <strong>Kein Nachweis erforderlich<\/strong><\/p>\n<p>Das j\u00fcngere Geschwisterkind ist derzeit noch in der Kita (kommt aber nach den Sommerferien in die Vorschule oder 1-Klasse)?: <strong>Bitte den aktuellen Kita-Gutschein anf\u00fcgen.\u00a0<\/strong><\/p>\n<p>Sie beziehen Leistungen vom Jobcenter und ein Jobcenterbeleg liegt uns bereits vor: <strong>Bitte trotzdem den aktuellen Jobcenterbeleg unbedingt mit anf\u00fcgen! Danke\u00a0<\/strong><\/p>\n<hr \/>\n<p>Liebe Eltern,<\/p>\n<p>wenn Sie <strong>Unterst\u00fctzung und Beratung<\/strong> beim Ausf\u00fcllen von Antr\u00e4gen f\u00fcr ganzt\u00e4gige Angebote in Hamburger Schulen ben\u00f6tigen, wenden Sie sich bitte vom 1.Februar bis 31. Mai an das SIZ-GBS-Team. Das GBS Team ber\u00e4t Sie gern telefonisch per Mail oder auch, nach vorheriger Terminabsprache, pers\u00f6nlich.<\/p>\n<p>Tele.: <strong>040-428 63 35 79<\/strong> (Di von 14-16 Uhr und Mi\/Do von 10-12- Uhr)<\/p>\n<p>oder per Mail an <strong><a href=\"mailto:gbs-beratung@bsb.hamburg.de\">gbs-beratung@bsb.hamburg.de<\/a><\/strong><\/p>\n<p>&nbsp;<\/p>\n<p>&nbsp;<\/p>\n<hr \/>\n<p>&nbsp;<\/p>\n","protected":false},"excerpt":{"rendered":"<p>klick hier -&gt; Schule: Online-Anmeldung\/\u00c4nderung Zus\u00e4tzlich zur Online-Buchung ben\u00f6tigt die KiJu einen g\u00fcltigen Betreuungsvertrag (Originalversion) Bitte geben sie diesen im GBS-B\u00fcro ab. Der Betreuungsvertrag muss nur noch bei Erstanmeldung zur Ganztagsbetreuung ausgef\u00fcllt werden und ist dann f\u00fcr die Dauer der Schulzeit in der D\u00f6hrnstra\u00dfe g\u00fcltig. &nbsp; Betreuungsvertrag &nbsp; Bitte beachten Sie auch folgende Informationen: Datenschutzbestimmungen &hellip; <\/p>\n<p class=\"link-more\"><a href=\"https:\/\/schule-doehrnstrasse.hamburg.de\/?page_id=4484\" class=\"more-link\"><span class=\"screen-reader-text\">\u201eGanztag-Online-Buchung\u201c <\/span>weiterlesen<\/a><\/p>\n","protected":false},"author":1559,"featured_media":0,"parent":0,"menu_order":0,"comment_status":"closed","ping_status":"closed","template":"","meta":{"_acf_changed":false,"footnotes":""},"class_list":["post-4484","page","type-page","status-publish","hentry"],"acf":[],"_links":{"self":[{"href":"https:\/\/schule-doehrnstrasse.hamburg.de\/index.php?rest_route=\/wp\/v2\/pages\/4484","targetHints":{"allow":["GET"]}}],"collection":[{"href":"https:\/\/schule-doehrnstrasse.hamburg.de\/index.php?rest_route=\/wp\/v2\/pages"}],"about":[{"href":"https:\/\/schule-doehrnstrasse.hamburg.de\/index.php?rest_route=\/wp\/v2\/types\/page"}],"author":[{"embeddable":true,"href":"https:\/\/schule-doehrnstrasse.hamburg.de\/index.php?rest_route=\/wp\/v2\/users\/1559"}],"replies":[{"embeddable":true,"href":"https:\/\/schule-doehrnstrasse.hamburg.de\/index.php?rest_route=%2Fwp%2Fv2%2Fcomments&post=4484"}],"version-history":[{"count":78,"href":"https:\/\/schule-doehrnstrasse.hamburg.de\/index.php?rest_route=\/wp\/v2\/pages\/4484\/revisions"}],"predecessor-version":[{"id":7283,"href":"https:\/\/schule-doehrnstrasse.hamburg.de\/index.php?rest_route=\/wp\/v2\/pages\/4484\/revisions\/7283"}],"wp:attachment":[{"href":"https:\/\/schule-doehrnstrasse.hamburg.de\/index.php?rest_route=%2Fwp%2Fv2%2Fmedia&parent=4484"}],"curies":[{"name":"wp","href":"https:\/\/api.w.org\/{rel}","templated":true}]}}