{"id":4335,"date":"2022-10-05T12:52:51","date_gmt":"2022-10-05T10:52:51","guid":{"rendered":"https:\/\/schule-doehrnstrasse.hamburg.de\/?page_id=4335"},"modified":"2024-01-19T08:50:23","modified_gmt":"2024-01-19T06:50:23","slug":"kopflaeuse-und-nun","status":"publish","type":"page","link":"https:\/\/schule-doehrnstrasse.hamburg.de\/?page_id=4335","title":{"rendered":"Kopfl\u00e4use und nun?"},"content":{"rendered":"<div data-full-src=\"\/contentblob\/111674\/ab8aa8616fa64a2ed25685ec5ce0d32c\/data\/laeusebroschuere-378x794.jpg\">Liebe Eltern,<\/div>\n<div data-full-src=\"\/contentblob\/111674\/ab8aa8616fa64a2ed25685ec5ce0d32c\/data\/laeusebroschuere-378x794.jpg\"><\/div>\n<p>Kopfl\u00e4use kommen in den besten Familien vor. Oft bringen Kinder sie aus der Schule oder dem Kindergarten mit nach Hause. Kopfl\u00e4use kann jeder bekommen. Aber jeder kann sie auch wieder loswerden! Wenn L\u00e4use festgestellt werden, hei\u00dft es vor allen Dingen: Ruhe bewahren! Kopfl\u00e4use sind l\u00e4stig, aber harmlos. Kopfl\u00e4use werden nicht durch mangelnde K\u00f6rperpflege hervorgerufen. Auch in frisch gewaschenem Haar f\u00fchlen sie sich wohl.<\/p>\n<p><strong>Wichtig:<\/strong>\u00a0Wenn Sie bei Ihrem Kind L\u00e4use feststellen, m\u00fcssen Sie die Schule oder den Kindergarten unverz\u00fcglich informieren! Kinder d\u00fcrfen erst dann wieder in die Schule oder in den Kindergarten gehen, wenn eine Weiterverbreitung der L\u00e4use durch sie nicht mehr bef\u00fcrchtet werden muss. Bei sachgerechter Behandlung mit einem wirksamen Pr\u00e4parat ist das Vorlegen einer entsprechenden \u00e4rztlichen Bescheinigung in der Regel nicht n\u00f6tig, kann jedoch zur Bek\u00e4mpfung eines Ausbruchsgeschehens oder bei wiederholtem Befall erforderlich werden.<\/p>\n<p class=\"font-size--14 p--standard\"><strong class=\"font-name--arial font-size--16\">Woran erkennt man Kopfl\u00e4use?<\/strong><\/p>\n<p>Je fr\u00fcher ein Befall mit L\u00e4usen entdeckt wird, desto einfacher ist die Behandlung. Wenn also aus der Schule oder dem Kindergarten L\u00e4use gemeldet werden oder wenn der Kopf st\u00e4ndig juckt und man sich h\u00e4ufig kratzen muss, sollten Sie Haar und Kopfhaut genauer untersuchen. Hierzu wird das Haar Strich f\u00fcr Strich gescheitelt und bei guter Beleuchtung mit einer Leselupe untersucht. Der Bereich hinter den Ohren, die Schl\u00e4fen und der Nacken sind dabei besonders zu beachten, denn hier halten sich die L\u00e4use gerne auf. Hilfreich bei der Untersuchung ist ein guter Nissenkamm mit engstehenden abgerundeten Z\u00e4hnen.<\/p>\n<p>L\u00e4use sind bis zu 3 Millimeter lange graue Tierchen, die munter auf sechs Beinen herumkrabbeln. Gerade bei geringem Befall sind sie nicht leicht zu entdecken, da sie sich bei Lichteinfall blitzartig in schattige Bereiche der Haare fl\u00fcchten. Die Eier von L\u00e4usen, die man als Nissen bezeichnet, sind etwa 1 Millimeter gro\u00dfe hellgrau gl\u00e4nzende Verdickungen, die sehr fest dicht \u00fcber der Kopfhaut an den Haaren sitzen.<\/p>\n<p><a href=\"https:\/\/schule-doehrnstrasse.hamburg.de\/wp-content\/uploads\/sites\/63\/2024\/01\/merkblatt-was-tun-bei-kopflauesen.pdf\">merkblatt-was-tun-bei-kopflauesen<\/a><\/p>\n<p>&nbsp;<\/p>\n","protected":false},"excerpt":{"rendered":"<p>Liebe Eltern, Kopfl\u00e4use kommen in den besten Familien vor. Oft bringen Kinder sie aus der Schule oder dem Kindergarten mit nach Hause. Kopfl\u00e4use kann jeder bekommen. Aber jeder kann sie auch wieder loswerden! Wenn L\u00e4use festgestellt werden, hei\u00dft es vor allen Dingen: Ruhe bewahren! Kopfl\u00e4use sind l\u00e4stig, aber harmlos. Kopfl\u00e4use werden nicht durch mangelnde K\u00f6rperpflege &hellip; <\/p>\n<p class=\"link-more\"><a href=\"https:\/\/schule-doehrnstrasse.hamburg.de\/?page_id=4335\" class=\"more-link\"><span class=\"screen-reader-text\">\u201eKopfl\u00e4use und nun?\u201c <\/span>weiterlesen<\/a><\/p>\n","protected":false},"author":1559,"featured_media":0,"parent":0,"menu_order":0,"comment_status":"closed","ping_status":"closed","template":"","meta":{"_acf_changed":false,"footnotes":""},"class_list":["post-4335","page","type-page","status-publish","hentry"],"acf":[],"_links":{"self":[{"href":"https:\/\/schule-doehrnstrasse.hamburg.de\/index.php?rest_route=\/wp\/v2\/pages\/4335","targetHints":{"allow":["GET"]}}],"collection":[{"href":"https:\/\/schule-doehrnstrasse.hamburg.de\/index.php?rest_route=\/wp\/v2\/pages"}],"about":[{"href":"https:\/\/schule-doehrnstrasse.hamburg.de\/index.php?rest_route=\/wp\/v2\/types\/page"}],"author":[{"embeddable":true,"href":"https:\/\/schule-doehrnstrasse.hamburg.de\/index.php?rest_route=\/wp\/v2\/users\/1559"}],"replies":[{"embeddable":true,"href":"https:\/\/schule-doehrnstrasse.hamburg.de\/index.php?rest_route=%2Fwp%2Fv2%2Fcomments&post=4335"}],"version-history":[{"count":6,"href":"https:\/\/schule-doehrnstrasse.hamburg.de\/index.php?rest_route=\/wp\/v2\/pages\/4335\/revisions"}],"predecessor-version":[{"id":5987,"href":"https:\/\/schule-doehrnstrasse.hamburg.de\/index.php?rest_route=\/wp\/v2\/pages\/4335\/revisions\/5987"}],"wp:attachment":[{"href":"https:\/\/schule-doehrnstrasse.hamburg.de\/index.php?rest_route=%2Fwp%2Fv2%2Fmedia&parent=4335"}],"curies":[{"name":"wp","href":"https:\/\/api.w.org\/{rel}","templated":true}]}}