{"id":1299,"date":"2016-10-18T13:58:45","date_gmt":"2016-10-18T11:58:45","guid":{"rendered":"http:\/\/schule-doehrnstrasse.hamburg.de\/?page_id=1299"},"modified":"2025-11-10T12:27:42","modified_gmt":"2025-11-10T10:27:42","slug":"unser-schulgarten","status":"publish","type":"page","link":"https:\/\/schule-doehrnstrasse.hamburg.de\/?page_id=1299","title":{"rendered":"Unser Schulgarten"},"content":{"rendered":"<p><strong>Unser Schulgarten \u2013 Lernen mit allen Sinnen<\/strong><\/p>\n<p>Seit 2016 ist unser <a href=\"https:\/\/www.etv-hamburg.de\/de\/leistungen\/specials\/pflanzen--und-bienengaerten\/\">ETV-<\/a><a href=\"https:\/\/www.etv-hamburg.de\/de\/leistungen\/specials\/pflanzen--und-bienengaerten\/\">KiJu<\/a><a href=\"https:\/\/www.etv-hamburg.de\/de\/leistungen\/specials\/pflanzen--und-bienengaerten\/\"> Garten <\/a>ein fester Bestandteil des Schullebens an der Grundschule D\u00f6hrnstra\u00dfe.<\/p>\n<p>Er liegt direkt neben dem TVL-Geb\u00e4ude an der D\u00f6hrntwiete und ist f\u00fcr viele Kinder zu einem Lieblingsort geworden \u2013 zum G\u00e4rtnern, Forschen, Entspannen und Staunen.<\/p>\n<p>Die Kinder erleben hier, wie Natur Bildung lebendig macht. Beim G\u00e4rtnern, Beobachten und Ernten entdecken sie \u00f6kologische Zusammenh\u00e4nge \u2013 und lernen dabei spielerisch Verantwortung zu \u00fcbernehmen.<\/p>\n<p>Unterst\u00fctzt werden wir von der Initiative <a href=\"https:\/\/www.hamburg.deutschland-summt.de\/etv-kiju-garten-lokstedt.html\">Hamburg summt e.V., <\/a>die uns regelm\u00e4\u00dfig mit Wissen rund um den Schutz von Wildbienen und heimischen Pflanzen begleitet. So gibt es auch ein Bienenhotel, dass mit r\u00fcckseitiger Infotafel zum Lernen und Staunen einl\u00e4dt.<\/p>\n<p><strong>Ein Garten voller Leben<\/strong><\/p>\n<p>Unser Garten ist so vielf\u00e4ltig wie unsere Schule: Hier wachsen Gem\u00fcse, Apfel- und Birnb\u00e4ume, Himbeerstr\u00e4ucher und Erdbeeren. Bunte Blumenbeete locken Insekten an, das Bienenhotel summt fr\u00f6hlich, und am kleinen Teich lassen sich Libellen und Fr\u00f6sche beobachten.<\/p>\n<p>Ein besonderes Highlight ist unser Barfu\u00dfparcours, bei dem die Kinder die Natur ganz unmittelbar mit den F\u00fc\u00dfen sp\u00fcren k\u00f6nnen \u2013 mal weich, mal pieksig, mal k\u00fchl.<\/p>\n<p>Einmal pro Woche treffen sich bis zu acht Kinder aus den Klassen 1 bis 3 f\u00fcr eine Stunde im Garten. Hier wird gegraben, gegossen, gepflanzt, beobachtet und nat\u00fcrlich viel gelacht.<\/p>\n<p><strong>Sch\u00fcler:innen erz\u00e4hlen aus dem Garten<\/strong><\/p>\n<p>Wir haben einige unserer kleinen Gartengehilfen gefragt, was ihnen besonders gut gef\u00e4llt:<\/p>\n<p>\u201eIch mag den Barfu\u00dfweg am liebsten. Die Tannenzapfen kitzelt so sch\u00f6n an den F\u00fc\u00dfen!\u201c<\/p>\n<p>\u201eWir haben im Sommer Himbeeren geerntet \u2013 die waren super lecker!\u201c<\/p>\n<p>\u201eIch finde den Teich spannend. Da wohnen Fr\u00f6sche und Libellen, die sehen richtig cool aus.\u201c<\/p>\n<p>\u201eIch habe gelernt, dass Wildkr\u00e4uter wichtig sind und gar kein Unkraut! Die Bienen brauchen sie.\u201c<\/p>\n<p><strong>Ausgezeichnet \u2013 und das zu Recht!<\/strong><\/p>\n<p>Im Jahr 2025 wurde unsere Schule beim Wettbewerb \u201eBl\u00fchende Schulen\u201c der Loki-Schmidt-Stiftung ausgezeichnet.<\/p>\n<p>Unser Schwerpunkt lag auf dem Thema Wildkr\u00e4uter, und wir sind sehr stolz darauf, dass unsere kleinen Gartenprofis gezeigt haben, wie wichtig diese Pflanzen f\u00fcr die Artenvielfalt sind.<\/p>\n<p><strong>Ein Garten, der w\u00e4chst \u2013 genau wie wir<\/strong><\/p>\n<p>Unser Schulgarten w\u00e4chst und ver\u00e4ndert sich jedes Jahr \u2013 durch neue Pflanzen, Ideen und Projekte.<\/p>\n<p>Ob beim Forschertag, bei Pflanzaktionen oder beim gemeinsamen Ernten: Hier erleben Kinder Natur mit Kopf, Herz, H\u00e4nden \u2013 und manchmal auch auf Italienisch.<\/p>\n<div id='gallery-1' class='gallery galleryid-1299 gallery-columns-3 gallery-size-thumbnail'><figure class='gallery-item'>\n\t\t\t<div class='gallery-icon portrait'>\n\t\t\t\t<a href='https:\/\/schule-doehrnstrasse.hamburg.de\/?attachment_id=1274'><img loading=\"lazy\" decoding=\"async\" width=\"150\" height=\"150\" src=\"https:\/\/schule-doehrnstrasse.hamburg.de\/wp-content\/uploads\/sites\/63\/2016\/09\/HP6-150x150.jpg\" class=\"attachment-thumbnail size-thumbnail\" alt=\"\" sizes=\"auto, 100vw\" \/><\/a>\n\t\t\t<\/div><\/figure><figure class='gallery-item'>\n\t\t\t<div class='gallery-icon portrait'>\n\t\t\t\t<a href='https:\/\/schule-doehrnstrasse.hamburg.de\/?attachment_id=1275'><img loading=\"lazy\" decoding=\"async\" width=\"150\" height=\"150\" src=\"https:\/\/schule-doehrnstrasse.hamburg.de\/wp-content\/uploads\/sites\/63\/2016\/09\/HP9-150x150.jpg\" class=\"attachment-thumbnail size-thumbnail\" alt=\"\" aria-describedby=\"gallery-1-1275\" sizes=\"auto, 100vw\" \/><\/a>\n\t\t\t<\/div>\n\t\t\t\t<figcaption class='wp-caption-text gallery-caption' id='gallery-1-1275'>\n\t\t\t\tHochbeet &#8211; diverse Salate\n\t\t\t\t<\/figcaption><\/figure><figure class='gallery-item'>\n\t\t\t<div class='gallery-icon landscape'>\n\t\t\t\t<a href='https:\/\/schule-doehrnstrasse.hamburg.de\/?attachment_id=1276'><img loading=\"lazy\" decoding=\"async\" width=\"150\" height=\"150\" src=\"https:\/\/schule-doehrnstrasse.hamburg.de\/wp-content\/uploads\/sites\/63\/2016\/09\/HP10-150x150.jpg\" class=\"attachment-thumbnail size-thumbnail\" alt=\"\" aria-describedby=\"gallery-1-1276\" sizes=\"auto, 100vw\" \/><\/a>\n\t\t\t<\/div>\n\t\t\t\t<figcaption class='wp-caption-text gallery-caption' id='gallery-1-1276'>\n\t\t\t\tHochbeet &#8211; diverse Salate\n\t\t\t\t<\/figcaption><\/figure><figure class='gallery-item'>\n\t\t\t<div class='gallery-icon portrait'>\n\t\t\t\t<a href='https:\/\/schule-doehrnstrasse.hamburg.de\/?attachment_id=1277'><img loading=\"lazy\" decoding=\"async\" width=\"150\" height=\"150\" src=\"https:\/\/schule-doehrnstrasse.hamburg.de\/wp-content\/uploads\/sites\/63\/2016\/09\/HP11-150x150.jpg\" class=\"attachment-thumbnail size-thumbnail\" alt=\"\" aria-describedby=\"gallery-1-1277\" sizes=\"auto, 100vw\" \/><\/a>\n\t\t\t<\/div>\n\t\t\t\t<figcaption class='wp-caption-text gallery-caption' id='gallery-1-1277'>\n\t\t\t\tHochbeet &#8211; unsere Tomaten reifen\n\t\t\t\t<\/figcaption><\/figure><figure class='gallery-item'>\n\t\t\t<div class='gallery-icon portrait'>\n\t\t\t\t<a href='https:\/\/schule-doehrnstrasse.hamburg.de\/?attachment_id=1279'><img loading=\"lazy\" decoding=\"async\" width=\"150\" height=\"150\" src=\"https:\/\/schule-doehrnstrasse.hamburg.de\/wp-content\/uploads\/sites\/63\/2016\/09\/HP13-150x150.jpg\" class=\"attachment-thumbnail size-thumbnail\" alt=\"\" aria-describedby=\"gallery-1-1279\" sizes=\"auto, 100vw\" \/><\/a>\n\t\t\t<\/div>\n\t\t\t\t<figcaption class='wp-caption-text gallery-caption' id='gallery-1-1279'>\n\t\t\t\tSonnenblumen\n\t\t\t\t<\/figcaption><\/figure><figure class='gallery-item'>\n\t\t\t<div class='gallery-icon landscape'>\n\t\t\t\t<a href='https:\/\/schule-doehrnstrasse.hamburg.de\/?attachment_id=1280'><img loading=\"lazy\" decoding=\"async\" width=\"150\" height=\"150\" src=\"https:\/\/schule-doehrnstrasse.hamburg.de\/wp-content\/uploads\/sites\/63\/2016\/09\/HP14-150x150.jpg\" class=\"attachment-thumbnail size-thumbnail\" alt=\"\" aria-describedby=\"gallery-1-1280\" sizes=\"auto, 100vw\" \/><\/a>\n\t\t\t<\/div>\n\t\t\t\t<figcaption class='wp-caption-text gallery-caption' id='gallery-1-1280'>\n\t\t\t\tKartoffelernte \n\t\t\t\t<\/figcaption><\/figure><figure class='gallery-item'>\n\t\t\t<div class='gallery-icon portrait'>\n\t\t\t\t<a href='https:\/\/schule-doehrnstrasse.hamburg.de\/?attachment_id=1281'><img loading=\"lazy\" decoding=\"async\" width=\"150\" height=\"150\" src=\"https:\/\/schule-doehrnstrasse.hamburg.de\/wp-content\/uploads\/sites\/63\/2016\/09\/HP15-150x150.jpg\" class=\"attachment-thumbnail size-thumbnail\" alt=\"\" aria-describedby=\"gallery-1-1281\" sizes=\"auto, 100vw\" \/><\/a>\n\t\t\t<\/div>\n\t\t\t\t<figcaption class='wp-caption-text gallery-caption' id='gallery-1-1281'>\n\t\t\t\t1. Maispflanze\n\t\t\t\t<\/figcaption><\/figure><figure class='gallery-item'>\n\t\t\t<div class='gallery-icon landscape'>\n\t\t\t\t<a href='https:\/\/schule-doehrnstrasse.hamburg.de\/?attachment_id=1282'><img loading=\"lazy\" decoding=\"async\" width=\"150\" height=\"150\" src=\"https:\/\/schule-doehrnstrasse.hamburg.de\/wp-content\/uploads\/sites\/63\/2016\/09\/HP16-150x150.jpg\" class=\"attachment-thumbnail size-thumbnail\" alt=\"\" aria-describedby=\"gallery-1-1282\" sizes=\"auto, 100vw\" \/><\/a>\n\t\t\t<\/div>\n\t\t\t\t<figcaption class='wp-caption-text gallery-caption' id='gallery-1-1282'>\n\t\t\t\tWilde Blumenwiese\n\t\t\t\t<\/figcaption><\/figure><figure class='gallery-item'>\n\t\t\t<div class='gallery-icon landscape'>\n\t\t\t\t<a href='https:\/\/schule-doehrnstrasse.hamburg.de\/?attachment_id=1283'><img loading=\"lazy\" decoding=\"async\" width=\"150\" height=\"150\" src=\"https:\/\/schule-doehrnstrasse.hamburg.de\/wp-content\/uploads\/sites\/63\/2016\/09\/HP17-150x150.jpg\" class=\"attachment-thumbnail size-thumbnail\" alt=\"\" aria-describedby=\"gallery-1-1283\" sizes=\"auto, 100vw\" \/><\/a>\n\t\t\t<\/div>\n\t\t\t\t<figcaption class='wp-caption-text gallery-caption' id='gallery-1-1283'>\n\t\t\t\tWilde Gartenkr\u00e4uter\n\t\t\t\t<\/figcaption><\/figure><figure class='gallery-item'>\n\t\t\t<div class='gallery-icon landscape'>\n\t\t\t\t<a href='https:\/\/schule-doehrnstrasse.hamburg.de\/?attachment_id=1286'><img loading=\"lazy\" decoding=\"async\" width=\"150\" height=\"150\" src=\"https:\/\/schule-doehrnstrasse.hamburg.de\/wp-content\/uploads\/sites\/63\/2016\/09\/HP20-150x150.jpg\" class=\"attachment-thumbnail size-thumbnail\" alt=\"\" aria-describedby=\"gallery-1-1286\" sizes=\"auto, 100vw\" \/><\/a>\n\t\t\t<\/div>\n\t\t\t\t<figcaption class='wp-caption-text gallery-caption' id='gallery-1-1286'>\n\t\t\t\tGartenversch\u00f6nerung Sommerferien 2016\n\t\t\t\t<\/figcaption><\/figure><figure class='gallery-item'>\n\t\t\t<div class='gallery-icon landscape'>\n\t\t\t\t<a href='https:\/\/schule-doehrnstrasse.hamburg.de\/?attachment_id=1287'><img loading=\"lazy\" decoding=\"async\" width=\"150\" height=\"150\" src=\"https:\/\/schule-doehrnstrasse.hamburg.de\/wp-content\/uploads\/sites\/63\/2016\/09\/HP21-150x150.jpg\" class=\"attachment-thumbnail size-thumbnail\" alt=\"\" aria-describedby=\"gallery-1-1287\" sizes=\"auto, 100vw\" \/><\/a>\n\t\t\t<\/div>\n\t\t\t\t<figcaption class='wp-caption-text gallery-caption' id='gallery-1-1287'>\n\t\t\t\tGartenversch\u00f6nerung Sommerferien 2016\n\t\t\t\t<\/figcaption><\/figure><figure class='gallery-item'>\n\t\t\t<div class='gallery-icon portrait'>\n\t\t\t\t<a href='https:\/\/schule-doehrnstrasse.hamburg.de\/?attachment_id=1284'><img loading=\"lazy\" decoding=\"async\" width=\"150\" height=\"150\" src=\"https:\/\/schule-doehrnstrasse.hamburg.de\/wp-content\/uploads\/sites\/63\/2016\/09\/HP18-150x150.jpg\" class=\"attachment-thumbnail size-thumbnail\" alt=\"\" aria-describedby=\"gallery-1-1284\" sizes=\"auto, 100vw\" \/><\/a>\n\t\t\t<\/div>\n\t\t\t\t<figcaption class='wp-caption-text gallery-caption' id='gallery-1-1284'>\n\t\t\t\tUnser Bienenhotel in Kooperation mit &#8222;Hamburg summt e.V.&#8220;\n\t\t\t\t<\/figcaption><\/figure><figure class='gallery-item'>\n\t\t\t<div class='gallery-icon portrait'>\n\t\t\t\t<a href='https:\/\/schule-doehrnstrasse.hamburg.de\/?attachment_id=1285'><img loading=\"lazy\" decoding=\"async\" width=\"150\" height=\"150\" src=\"https:\/\/schule-doehrnstrasse.hamburg.de\/wp-content\/uploads\/sites\/63\/2016\/09\/HP19-150x150.jpg\" class=\"attachment-thumbnail size-thumbnail\" alt=\"\" aria-describedby=\"gallery-1-1285\" sizes=\"auto, 100vw\" \/><\/a>\n\t\t\t<\/div>\n\t\t\t\t<figcaption class='wp-caption-text gallery-caption' id='gallery-1-1285'>\n\t\t\t\tUnser Bienenhotel mit Infotafel in Kooperation mit &#8222;Hamburg summt e.V.&#8220;\n\t\t\t\t<\/figcaption><\/figure><figure class='gallery-item'>\n\t\t\t<div class='gallery-icon landscape'>\n\t\t\t\t<a href='https:\/\/schule-doehrnstrasse.hamburg.de\/?attachment_id=1273'><img loading=\"lazy\" decoding=\"async\" width=\"150\" height=\"150\" src=\"https:\/\/schule-doehrnstrasse.hamburg.de\/wp-content\/uploads\/sites\/63\/2016\/09\/HP5-150x150.jpg\" class=\"attachment-thumbnail size-thumbnail\" alt=\"\" aria-describedby=\"gallery-1-1273\" sizes=\"auto, 100vw\" \/><\/a>\n\t\t\t<\/div>\n\t\t\t\t<figcaption class='wp-caption-text gallery-caption' id='gallery-1-1273'>\n\t\t\t\tETV Magazin 3\/2016\n\t\t\t\t<\/figcaption><\/figure>\n\t\t<\/div>\n\n","protected":false},"excerpt":{"rendered":"<p>Unser Schulgarten \u2013 Lernen mit allen Sinnen Seit 2016 ist unser ETV-KiJu Garten ein fester Bestandteil des Schullebens an der Grundschule D\u00f6hrnstra\u00dfe. Er liegt direkt neben dem TVL-Geb\u00e4ude an der D\u00f6hrntwiete und ist f\u00fcr viele Kinder zu einem Lieblingsort geworden \u2013 zum G\u00e4rtnern, Forschen, Entspannen und Staunen. Die Kinder erleben hier, wie Natur Bildung lebendig &hellip; <\/p>\n<p class=\"link-more\"><a href=\"https:\/\/schule-doehrnstrasse.hamburg.de\/?page_id=1299\" class=\"more-link\"><span class=\"screen-reader-text\">\u201eUnser Schulgarten\u201c <\/span>weiterlesen<\/a><\/p>\n","protected":false},"author":564,"featured_media":1300,"parent":0,"menu_order":0,"comment_status":"closed","ping_status":"closed","template":"","meta":{"_acf_changed":false,"footnotes":""},"class_list":["post-1299","page","type-page","status-publish","has-post-thumbnail","hentry"],"acf":[],"_links":{"self":[{"href":"https:\/\/schule-doehrnstrasse.hamburg.de\/index.php?rest_route=\/wp\/v2\/pages\/1299","targetHints":{"allow":["GET"]}}],"collection":[{"href":"https:\/\/schule-doehrnstrasse.hamburg.de\/index.php?rest_route=\/wp\/v2\/pages"}],"about":[{"href":"https:\/\/schule-doehrnstrasse.hamburg.de\/index.php?rest_route=\/wp\/v2\/types\/page"}],"author":[{"embeddable":true,"href":"https:\/\/schule-doehrnstrasse.hamburg.de\/index.php?rest_route=\/wp\/v2\/users\/564"}],"replies":[{"embeddable":true,"href":"https:\/\/schule-doehrnstrasse.hamburg.de\/index.php?rest_route=%2Fwp%2Fv2%2Fcomments&post=1299"}],"version-history":[{"count":3,"href":"https:\/\/schule-doehrnstrasse.hamburg.de\/index.php?rest_route=\/wp\/v2\/pages\/1299\/revisions"}],"predecessor-version":[{"id":7065,"href":"https:\/\/schule-doehrnstrasse.hamburg.de\/index.php?rest_route=\/wp\/v2\/pages\/1299\/revisions\/7065"}],"wp:featuredmedia":[{"embeddable":true,"href":"https:\/\/schule-doehrnstrasse.hamburg.de\/index.php?rest_route=\/wp\/v2\/media\/1300"}],"wp:attachment":[{"href":"https:\/\/schule-doehrnstrasse.hamburg.de\/index.php?rest_route=%2Fwp%2Fv2%2Fmedia&parent=1299"}],"curies":[{"name":"wp","href":"https:\/\/api.w.org\/{rel}","templated":true}]}}