{"id":1169,"date":"2016-06-04T14:40:37","date_gmt":"2016-06-04T12:40:37","guid":{"rendered":"http:\/\/schule-doehrnstrasse.hamburg.de\/?page_id=1169"},"modified":"2025-11-10T12:19:01","modified_gmt":"2025-11-10T10:19:01","slug":"betreuungsdauer-und-abholzeiten","status":"publish","type":"page","link":"https:\/\/schule-doehrnstrasse.hamburg.de\/?page_id=1169","title":{"rendered":"Betreuungsdauer und Tagesablauf"},"content":{"rendered":"<p><strong>Betreuung<\/strong><\/p>\n<p>Die <strong>Kernbetreuungszeit<\/strong> der GBS ist von <strong>13:00 bis 16:00 Uhr<\/strong>. Bitte beachten Sie, dass Ihr Kind \u2013 <strong>sofern es generell f\u00fcr die Nachmittagsbetreuung angemeldet ist<\/strong> \u2013 an <strong>mindestens drei Tagen pro Woche bis 15:00 Uhr<\/strong> anwesend sein muss. Dies ist eine beh\u00f6rdliche Vorgabe und kann nur in Ausnahmef\u00e4llen aus <strong>p\u00e4dagogischen Gr\u00fcnden<\/strong> angepasst werden.<\/p>\n<p><strong>\u00dcbergabe in den Nachmittag<\/strong><\/p>\n<p>Ab <strong>12:45 Uhr<\/strong> gehen die <strong>p\u00e4dagogischen Fachkr\u00e4fte<\/strong> in die einzelnen Klassen, um einen gemeinsamen \u00dcbergang von Vor- in den Nachmittag mit den Lehrkr\u00e4ften zu gestalten.<br \/>\nZus\u00e4tzlich findet <strong>einmal w\u00f6chentlich<\/strong> eine gemeinsame Stunde statt, in der die p\u00e4dagogischen Fachkr\u00e4fte bereits zu Beginn der vierten Stunde in die Klassen gehen, um zum Beispiel den <strong>Klassenrat<\/strong> gemeinsam zu gestalten.<\/p>\n<p>In der <strong>Vorschule<\/strong> findet die \u00dcbergabe bereits um <strong>12:15 Uhr<\/strong> statt, so dass die Kinder ab <strong>12:30 Uhr zum Essen gehen<\/strong> k\u00f6nnen. Kinder, die um 13:00 Uhr abgeholt werden, verbleiben in der Klasse und werden dort von den Lehrkr\u00e4ften weiterbetreut. Anschlie\u00dfend werden die (13 Uhr) Kinder im Aulagarten von den Lehrkr\u00e4ften an die Eltern \u00fcbergeben.<\/p>\n<p>Nach der \u00dcbergabe in den Klassen folgt die jeweilige <strong>Jahrgangsstruktur<\/strong>:<\/p>\n<p><strong>Ab 13 Uhr:<\/strong><\/p>\n<ul>\n<li>Klassen 1: Essen<\/li>\n<li>Klassen 2: Essen bzw. Teilnahme an KISOMI<\/li>\n<li>Klassen 3 und 4: Lernzeit<\/li>\n<\/ul>\n<p><strong>Ab 13:45\/13:50 Uhr<\/strong><\/p>\n<ul>\n<li>Die \u00e4lteren Jahrg\u00e4nge gehen zum Essen<\/li>\n<\/ul>\n<p><strong>Ab 14:10\/14:15 Uhr<\/strong><\/p>\n<ul>\n<li>Kurse und spontane Angebote startet<\/li>\n<\/ul>\n<p><strong>Abholzeiten<\/strong><\/p>\n<ul>\n<li><strong>Erste Abholzeit:<\/strong> 14:55 \u2013 15:05 Uhr<br \/>\nBitte holen Sie Ihr Kind zu diesem Zeitfenster <strong>p\u00fcnktlich<\/strong> ab. Vor dieser Zeit ist eine Abholung nur in Ausnahmef\u00e4llen, z.\u202fB. bei <strong>Arztterminen oder Therapien<\/strong>, m\u00f6glich.<\/li>\n<li><strong>Zweite Abholzeit:<\/strong> 15:50 \u2013 16:00 Uhr<br \/>\nDie Kinder befinden sich in der Regel auf dem <strong>Pausenhof<\/strong>, sofern die p\u00e4dagogischen Fachkr\u00e4fte nichts anderes festgelegt haben.<\/li>\n<\/ul>\n<p><strong>Sp\u00e4tbetreuung<\/strong><\/p>\n<p>Sollten Sie einmal sp\u00e4ter kommen, \u00fcbernimmt die <strong>Sp\u00e4tbetreuung<\/strong> Ihr Kind. Diese findet in der <strong>B\u00fccherei<\/strong> statt und ist <strong>kostenpflichtig<\/strong>. Alle angemeldeten Kinder werden dort zu Beginn <strong>namentlich erfasst<\/strong> und m\u00fcssen beim jeweiligen Sp\u00e4tdienst wieder abgemeldet werden.<\/p>\n<p>Sie erreichen den Sp\u00e4tdienst ab <strong>16:00 Uhr<\/strong> unter: <strong>0176-10596102<\/strong>. Vormittags ist dieses Handy w\u00e4hrend der Schulzeit <strong>nicht besetzt<\/strong>.<\/p>\n<p>&nbsp;<\/p>\n","protected":false},"excerpt":{"rendered":"<p>Betreuung Die Kernbetreuungszeit der GBS ist von 13:00 bis 16:00 Uhr. Bitte beachten Sie, dass Ihr Kind \u2013 sofern es generell f\u00fcr die Nachmittagsbetreuung angemeldet ist \u2013 an mindestens drei Tagen pro Woche bis 15:00 Uhr anwesend sein muss. Dies ist eine beh\u00f6rdliche Vorgabe und kann nur in Ausnahmef\u00e4llen aus p\u00e4dagogischen Gr\u00fcnden angepasst werden. \u00dcbergabe &hellip; <\/p>\n<p class=\"link-more\"><a href=\"https:\/\/schule-doehrnstrasse.hamburg.de\/?page_id=1169\" class=\"more-link\"><span class=\"screen-reader-text\">\u201eBetreuungsdauer und Tagesablauf\u201c <\/span>weiterlesen<\/a><\/p>\n","protected":false},"author":564,"featured_media":0,"parent":0,"menu_order":0,"comment_status":"closed","ping_status":"closed","template":"","meta":{"_acf_changed":false,"footnotes":""},"class_list":["post-1169","page","type-page","status-publish","hentry"],"acf":[],"_links":{"self":[{"href":"https:\/\/schule-doehrnstrasse.hamburg.de\/index.php?rest_route=\/wp\/v2\/pages\/1169","targetHints":{"allow":["GET"]}}],"collection":[{"href":"https:\/\/schule-doehrnstrasse.hamburg.de\/index.php?rest_route=\/wp\/v2\/pages"}],"about":[{"href":"https:\/\/schule-doehrnstrasse.hamburg.de\/index.php?rest_route=\/wp\/v2\/types\/page"}],"author":[{"embeddable":true,"href":"https:\/\/schule-doehrnstrasse.hamburg.de\/index.php?rest_route=\/wp\/v2\/users\/564"}],"replies":[{"embeddable":true,"href":"https:\/\/schule-doehrnstrasse.hamburg.de\/index.php?rest_route=%2Fwp%2Fv2%2Fcomments&post=1169"}],"version-history":[{"count":13,"href":"https:\/\/schule-doehrnstrasse.hamburg.de\/index.php?rest_route=\/wp\/v2\/pages\/1169\/revisions"}],"predecessor-version":[{"id":7060,"href":"https:\/\/schule-doehrnstrasse.hamburg.de\/index.php?rest_route=\/wp\/v2\/pages\/1169\/revisions\/7060"}],"wp:attachment":[{"href":"https:\/\/schule-doehrnstrasse.hamburg.de\/index.php?rest_route=%2Fwp%2Fv2%2Fmedia&parent=1169"}],"curies":[{"name":"wp","href":"https:\/\/api.w.org\/{rel}","templated":true}]}}